{"id":23104,"date":"2025-01-19T23:44:00","date_gmt":"2025-01-19T22:44:00","guid":{"rendered":"https:\/\/enelyashop.com\/?post_type=product&#038;p=23104"},"modified":"2025-01-30T00:37:57","modified_gmt":"2025-01-29T23:37:57","slug":"121-30-esansli-kadin-parfumu-100-ml","status":"publish","type":"product","link":"https:\/\/enelyashop.com\/tr\/urun\/121-30-esansli-kadin-parfumu-100-ml\/","title":{"rendered":"121 30% esansl\u0131 Kad\u0131n Parf\u00fcm\u00fc - 100 ml"},"content":{"rendered":"","protected":false},"excerpt":{"rendered":"<p><strong>Koku piramidi<\/strong><\/p>\n<ul>\n<li>Ba\u015f nota: Aldehitler, Bergamot, Mandalina Portakal\u0131, \u015eeftali, Baharatlar, Yabani \u00c7ilek<\/li>\n<li>Kalp notas\u0131: \u0130ris, Yasemin, Lily-of-the-Valley, Nergis, Orris K\u00f6k\u00fc, G\u00fcl, Menek\u015fe, Ylang-Ylang<\/li>\n<li>Temel nota: Amber, Benzoin, Misk, Sandal A\u011fac\u0131, Tonka Fasulyesi, Vetiver<\/li>\n<\/ul>\n<p><img loading=\"lazy\" decoding=\"async\" class=\"alignleft size-full wp-image-23105\" src=\"https:\/\/enelyashop.com\/wp-content\/uploads\/2025\/01\/Ekran-goruntusu-2025-01-20-014346.png\" alt=\"\" width=\"427\" height=\"285\" srcset=\"https:\/\/enelyashop.com\/wp-content\/uploads\/2025\/01\/Ekran-goruntusu-2025-01-20-014346.png 427w, https:\/\/enelyashop.com\/wp-content\/uploads\/2025\/01\/Ekran-goruntusu-2025-01-20-014346-300x200.png 300w, https:\/\/enelyashop.com\/wp-content\/uploads\/2025\/01\/Ekran-goruntusu-2025-01-20-014346-18x12.png 18w, https:\/\/enelyashop.com\/wp-content\/uploads\/2025\/01\/Ekran-goruntusu-2025-01-20-014346-100x67.png 100w\" sizes=\"auto, (max-width: 427px) 100vw, 427px\" \/><\/p>","protected":false},"featured_media":22270,"template":"","meta":{"_joinchat":[]},"product_brand":[],"product_cat":[66,69],"product_tag":[],"class_list":{"0":"post-23104","1":"product","2":"type-product","3":"status-publish","4":"has-post-thumbnail","6":"product_cat-perfume","7":"product_cat-woman","8":"pa_ml-100ml","9":"pa_ml-35ml","12":"instock","13":"shipping-taxable","14":"purchasable","15":"product-type-variable","16":"has-default-attributes","17":"product-grid-view"},"_links":{"self":[{"href":"https:\/\/enelyashop.com\/tr\/wp-json\/wp\/v2\/product\/23104","targetHints":{"allow":["GET"]}}],"collection":[{"href":"https:\/\/enelyashop.com\/tr\/wp-json\/wp\/v2\/product"}],"about":[{"href":"https:\/\/enelyashop.com\/tr\/wp-json\/wp\/v2\/types\/product"}],"version-history":[{"count":2,"href":"https:\/\/enelyashop.com\/tr\/wp-json\/wp\/v2\/product\/23104\/revisions"}],"predecessor-version":[{"id":23372,"href":"https:\/\/enelyashop.com\/tr\/wp-json\/wp\/v2\/product\/23104\/revisions\/23372"}],"wp:featuredmedia":[{"embeddable":true,"href":"https:\/\/enelyashop.com\/tr\/wp-json\/wp\/v2\/media\/22270"}],"wp:attachment":[{"href":"https:\/\/enelyashop.com\/tr\/wp-json\/wp\/v2\/media?parent=23104"}],"wp:term":[{"taxonomy":"product_brand","embeddable":true,"href":"https:\/\/enelyashop.com\/tr\/wp-json\/wp\/v2\/product_brand?post=23104"},{"taxonomy":"product_cat","embeddable":true,"href":"https:\/\/enelyashop.com\/tr\/wp-json\/wp\/v2\/product_cat?post=23104"},{"taxonomy":"product_tag","embeddable":true,"href":"https:\/\/enelyashop.com\/tr\/wp-json\/wp\/v2\/product_tag?post=23104"}],"curies":[{"name":"wp","href":"https:\/\/api.w.org\/{rel}","templated":true}]}}