{"id":23080,"date":"2025-01-19T23:28:52","date_gmt":"2025-01-19T22:28:52","guid":{"rendered":"https:\/\/enelyashop.com\/?post_type=product&#038;p=23080"},"modified":"2025-01-30T00:46:46","modified_gmt":"2025-01-29T23:46:46","slug":"027-30-esansli-onun-icin-parfum-70-ml","status":"publish","type":"product","link":"https:\/\/enelyashop.com\/tr\/urun\/027-30-esansli-onun-icin-parfum-70-ml\/","title":{"rendered":"027 30% esansl\u0131 Kad\u0131n Parf\u00fcm\u00fc - 100 ml"},"content":{"rendered":"","protected":false},"excerpt":{"rendered":"<p><strong>Koku piramidi<\/strong><\/p>\n<ul>\n<li>Ba\u015f nota: Kay\u0131s\u0131 \u00c7i\u00e7e\u011fi, Bergamot, Leylak, Vadi Zamba\u011f\u0131, \u015eeftali, Ananas, G\u00fcl<\/li>\n<li>Kalp notas\u0131: Heliotrope, \u0130ris, Yasemin, G\u00fcl<\/li>\n<li>Dip nota: Amber, Kay\u0131s\u0131, Misk, \u015eeftali, Sandal A\u011fac\u0131, Vanilya<\/li>\n<\/ul>\n<p><img loading=\"lazy\" decoding=\"async\" class=\"alignleft size-full wp-image-23081\" src=\"https:\/\/enelyashop.com\/wp-content\/uploads\/2025\/01\/Ekran-goruntusu-2025-01-20-012838.png\" alt=\"\" width=\"465\" height=\"315\" srcset=\"https:\/\/enelyashop.com\/wp-content\/uploads\/2025\/01\/Ekran-goruntusu-2025-01-20-012838.png 465w, https:\/\/enelyashop.com\/wp-content\/uploads\/2025\/01\/Ekran-goruntusu-2025-01-20-012838-300x203.png 300w, https:\/\/enelyashop.com\/wp-content\/uploads\/2025\/01\/Ekran-goruntusu-2025-01-20-012838-18x12.png 18w, https:\/\/enelyashop.com\/wp-content\/uploads\/2025\/01\/Ekran-goruntusu-2025-01-20-012838-100x68.png 100w\" sizes=\"auto, (max-width: 465px) 100vw, 465px\" \/><\/p>","protected":false},"featured_media":22270,"template":"","meta":{"_joinchat":[]},"product_brand":[],"product_cat":[66,69],"product_tag":[],"class_list":{"0":"post-23080","1":"product","2":"type-product","3":"status-publish","4":"has-post-thumbnail","6":"product_cat-perfume","7":"product_cat-woman","8":"pa_ml-100ml","9":"pa_ml-35ml","12":"instock","13":"shipping-taxable","14":"purchasable","15":"product-type-variable","16":"has-default-attributes","17":"product-grid-view"},"_links":{"self":[{"href":"https:\/\/enelyashop.com\/tr\/wp-json\/wp\/v2\/product\/23080","targetHints":{"allow":["GET"]}}],"collection":[{"href":"https:\/\/enelyashop.com\/tr\/wp-json\/wp\/v2\/product"}],"about":[{"href":"https:\/\/enelyashop.com\/tr\/wp-json\/wp\/v2\/types\/product"}],"version-history":[{"count":2,"href":"https:\/\/enelyashop.com\/tr\/wp-json\/wp\/v2\/product\/23080\/revisions"}],"predecessor-version":[{"id":23086,"href":"https:\/\/enelyashop.com\/tr\/wp-json\/wp\/v2\/product\/23080\/revisions\/23086"}],"wp:featuredmedia":[{"embeddable":true,"href":"https:\/\/enelyashop.com\/tr\/wp-json\/wp\/v2\/media\/22270"}],"wp:attachment":[{"href":"https:\/\/enelyashop.com\/tr\/wp-json\/wp\/v2\/media?parent=23080"}],"wp:term":[{"taxonomy":"product_brand","embeddable":true,"href":"https:\/\/enelyashop.com\/tr\/wp-json\/wp\/v2\/product_brand?post=23080"},{"taxonomy":"product_cat","embeddable":true,"href":"https:\/\/enelyashop.com\/tr\/wp-json\/wp\/v2\/product_cat?post=23080"},{"taxonomy":"product_tag","embeddable":true,"href":"https:\/\/enelyashop.com\/tr\/wp-json\/wp\/v2\/product_tag?post=23080"}],"curies":[{"name":"wp","href":"https:\/\/api.w.org\/{rel}","templated":true}]}}