{"id":23031,"date":"2025-01-19T02:58:25","date_gmt":"2025-01-19T01:58:25","guid":{"rendered":"https:\/\/enelyashop.com\/?post_type=product&#038;p=23031"},"modified":"2025-01-30T01:15:01","modified_gmt":"2025-01-30T00:15:01","slug":"120-esansli-kadin-parfumu-100-ml","status":"publish","type":"product","link":"https:\/\/enelyashop.com\/tr\/urun\/120-esansli-kadin-parfumu-100-ml\/","title":{"rendered":"30% esansl\u0131 120 Perfume For Her - 100 ml"},"content":{"rendered":"","protected":false},"excerpt":{"rendered":"<p><strong>Koku piramidi<\/strong><\/p>\n<ul>\n<li>Ba\u015f nota: Badem, Bergamot, K\u0131rm\u0131z\u0131 Meyveler, Vi\u015fne<\/li>\n<li>Kalp notas\u0131: Meyan k\u00f6k\u00fc, G\u00fcl, Taif G\u00fcl\u00fc, \u00c7ay<\/li>\n<li>Temel nota: Anason, \u0130ris, Pa\u00e7uli, Tonka Fasulyesi, Vanilya<\/li>\n<\/ul>\n<p><img loading=\"lazy\" decoding=\"async\" class=\"alignleft size-full wp-image-23033\" src=\"https:\/\/enelyashop.com\/wp-content\/uploads\/2025\/01\/Ekran-goruntusu-2025-01-19-045812.png\" alt=\"\" width=\"568\" height=\"394\" srcset=\"https:\/\/enelyashop.com\/wp-content\/uploads\/2025\/01\/Ekran-goruntusu-2025-01-19-045812.png 568w, https:\/\/enelyashop.com\/wp-content\/uploads\/2025\/01\/Ekran-goruntusu-2025-01-19-045812-300x208.png 300w, https:\/\/enelyashop.com\/wp-content\/uploads\/2025\/01\/Ekran-goruntusu-2025-01-19-045812-18x12.png 18w, https:\/\/enelyashop.com\/wp-content\/uploads\/2025\/01\/Ekran-goruntusu-2025-01-19-045812-540x375.png 540w, https:\/\/enelyashop.com\/wp-content\/uploads\/2025\/01\/Ekran-goruntusu-2025-01-19-045812-100x69.png 100w\" sizes=\"auto, (max-width: 568px) 100vw, 568px\" \/><\/p>","protected":false},"featured_media":22270,"template":"","meta":{"_joinchat":[]},"product_brand":[],"product_cat":[66,69],"product_tag":[],"class_list":{"0":"post-23031","1":"product","2":"type-product","3":"status-publish","4":"has-post-thumbnail","6":"product_cat-perfume","7":"product_cat-woman","8":"pa_ml-100ml","9":"pa_ml-35ml","12":"instock","13":"shipping-taxable","14":"purchasable","15":"product-type-variable","16":"has-default-attributes","17":"product-grid-view"},"_links":{"self":[{"href":"https:\/\/enelyashop.com\/tr\/wp-json\/wp\/v2\/product\/23031","targetHints":{"allow":["GET"]}}],"collection":[{"href":"https:\/\/enelyashop.com\/tr\/wp-json\/wp\/v2\/product"}],"about":[{"href":"https:\/\/enelyashop.com\/tr\/wp-json\/wp\/v2\/types\/product"}],"version-history":[{"count":1,"href":"https:\/\/enelyashop.com\/tr\/wp-json\/wp\/v2\/product\/23031\/revisions"}],"predecessor-version":[{"id":23034,"href":"https:\/\/enelyashop.com\/tr\/wp-json\/wp\/v2\/product\/23031\/revisions\/23034"}],"wp:featuredmedia":[{"embeddable":true,"href":"https:\/\/enelyashop.com\/tr\/wp-json\/wp\/v2\/media\/22270"}],"wp:attachment":[{"href":"https:\/\/enelyashop.com\/tr\/wp-json\/wp\/v2\/media?parent=23031"}],"wp:term":[{"taxonomy":"product_brand","embeddable":true,"href":"https:\/\/enelyashop.com\/tr\/wp-json\/wp\/v2\/product_brand?post=23031"},{"taxonomy":"product_cat","embeddable":true,"href":"https:\/\/enelyashop.com\/tr\/wp-json\/wp\/v2\/product_cat?post=23031"},{"taxonomy":"product_tag","embeddable":true,"href":"https:\/\/enelyashop.com\/tr\/wp-json\/wp\/v2\/product_tag?post=23031"}],"curies":[{"name":"wp","href":"https:\/\/api.w.org\/{rel}","templated":true}]}}