{"id":23022,"date":"2025-01-19T02:51:17","date_gmt":"2025-01-19T01:51:17","guid":{"rendered":"https:\/\/enelyashop.com\/?post_type=product&#038;p=23022"},"modified":"2025-01-19T03:32:05","modified_gmt":"2025-01-19T02:32:05","slug":"109-30-esans-50-ml-ile-onun-icin-luks-parfum","status":"publish","type":"product","link":"https:\/\/enelyashop.com\/tr\/urun\/109-30-esans-50-ml-ile-onun-icin-luks-parfum\/","title":{"rendered":"109 30% esansl\u0131 Kad\u0131n \u0130\u00e7in L\u00fcks Parf\u00fcm - 50 ml"},"content":{"rendered":"","protected":false},"excerpt":{"rendered":"<p><strong>Koku piramidi<\/strong><\/p>\n<ul>\n<li>Ba\u015f nota: Yasemin, G\u00fcl<\/li>\n<li>Kalp notas\u0131: Tonka Fasulyesi, Vanilya<\/li>\n<li>Dip nota: Amber, Labdanum, Pa\u00e7uli<\/li>\n<\/ul>\n<p><img loading=\"lazy\" decoding=\"async\" class=\"alignleft size-full wp-image-23023\" src=\"https:\/\/enelyashop.com\/wp-content\/uploads\/2025\/01\/Ekran-goruntusu-2025-01-19-045028.png\" alt=\"\" width=\"596\" height=\"380\" srcset=\"https:\/\/enelyashop.com\/wp-content\/uploads\/2025\/01\/Ekran-goruntusu-2025-01-19-045028.png 596w, https:\/\/enelyashop.com\/wp-content\/uploads\/2025\/01\/Ekran-goruntusu-2025-01-19-045028-300x191.png 300w, https:\/\/enelyashop.com\/wp-content\/uploads\/2025\/01\/Ekran-goruntusu-2025-01-19-045028-18x12.png 18w, https:\/\/enelyashop.com\/wp-content\/uploads\/2025\/01\/Ekran-goruntusu-2025-01-19-045028-540x344.png 540w, https:\/\/enelyashop.com\/wp-content\/uploads\/2025\/01\/Ekran-goruntusu-2025-01-19-045028-100x64.png 100w\" sizes=\"auto, (max-width: 596px) 100vw, 596px\" \/><\/p>","protected":false},"featured_media":21762,"template":"","meta":{"_joinchat":[]},"product_brand":[],"product_cat":[73,66,69],"product_tag":[],"class_list":{"0":"post-23022","1":"product","2":"type-product","3":"status-publish","4":"has-post-thumbnail","6":"product_cat-luxury","7":"product_cat-perfume","8":"product_cat-woman","11":"instock","12":"shipping-taxable","13":"purchasable","14":"product-type-simple","15":"product-grid-view"},"_links":{"self":[{"href":"https:\/\/enelyashop.com\/tr\/wp-json\/wp\/v2\/product\/23022","targetHints":{"allow":["GET"]}}],"collection":[{"href":"https:\/\/enelyashop.com\/tr\/wp-json\/wp\/v2\/product"}],"about":[{"href":"https:\/\/enelyashop.com\/tr\/wp-json\/wp\/v2\/types\/product"}],"version-history":[{"count":1,"href":"https:\/\/enelyashop.com\/tr\/wp-json\/wp\/v2\/product\/23022\/revisions"}],"predecessor-version":[{"id":23024,"href":"https:\/\/enelyashop.com\/tr\/wp-json\/wp\/v2\/product\/23022\/revisions\/23024"}],"wp:featuredmedia":[{"embeddable":true,"href":"https:\/\/enelyashop.com\/tr\/wp-json\/wp\/v2\/media\/21762"}],"wp:attachment":[{"href":"https:\/\/enelyashop.com\/tr\/wp-json\/wp\/v2\/media?parent=23022"}],"wp:term":[{"taxonomy":"product_brand","embeddable":true,"href":"https:\/\/enelyashop.com\/tr\/wp-json\/wp\/v2\/product_brand?post=23022"},{"taxonomy":"product_cat","embeddable":true,"href":"https:\/\/enelyashop.com\/tr\/wp-json\/wp\/v2\/product_cat?post=23022"},{"taxonomy":"product_tag","embeddable":true,"href":"https:\/\/enelyashop.com\/tr\/wp-json\/wp\/v2\/product_tag?post=23022"}],"curies":[{"name":"wp","href":"https:\/\/api.w.org\/{rel}","templated":true}]}}