{"id":23010,"date":"2025-01-19T02:41:51","date_gmt":"2025-01-19T01:41:51","guid":{"rendered":"https:\/\/enelyashop.com\/?post_type=product&#038;p=23010"},"modified":"2025-01-19T03:32:39","modified_gmt":"2025-01-19T02:32:39","slug":"101-30-esansli-unisex-luks-parfum-50-ml","status":"publish","type":"product","link":"https:\/\/enelyashop.com\/tr\/urun\/101-30-esansli-unisex-luks-parfum-50-ml\/","title":{"rendered":"10% esansl\u0131 Unisex L\u00fcks Parf\u00fcm - 50 ml"},"content":{"rendered":"","protected":false},"excerpt":{"rendered":"<p><strong>Koku piramidi<\/strong><\/p>\n<ul>\n<li>Ba\u015f nota: Bergamot, Turun\u00e7giller, Lavanta, \u0130pek A\u011fac\u0131 \u00c7i\u00e7e\u011fi<\/li>\n<li>Kalp notas\u0131: \u0130ris, Yasemin, Labdanum, Deri, Re\u00e7ineler, G\u00fcl<\/li>\n<li>Dip nota: Amber a\u011fac\u0131, Tar\u00e7\u0131n, Karanfil, Bal, M\u00fcr, Opoponax, Tolu Balsam\u0131, Vanilya<\/li>\n<\/ul>\n<p><img loading=\"lazy\" decoding=\"async\" class=\"alignleft size-full wp-image-23011\" src=\"https:\/\/enelyashop.com\/wp-content\/uploads\/2025\/01\/Ekran-goruntusu-2025-01-19-044137.png\" alt=\"\" width=\"582\" height=\"405\" srcset=\"https:\/\/enelyashop.com\/wp-content\/uploads\/2025\/01\/Ekran-goruntusu-2025-01-19-044137.png 582w, https:\/\/enelyashop.com\/wp-content\/uploads\/2025\/01\/Ekran-goruntusu-2025-01-19-044137-300x209.png 300w, https:\/\/enelyashop.com\/wp-content\/uploads\/2025\/01\/Ekran-goruntusu-2025-01-19-044137-18x12.png 18w, https:\/\/enelyashop.com\/wp-content\/uploads\/2025\/01\/Ekran-goruntusu-2025-01-19-044137-540x376.png 540w, https:\/\/enelyashop.com\/wp-content\/uploads\/2025\/01\/Ekran-goruntusu-2025-01-19-044137-100x70.png 100w\" sizes=\"auto, (max-width: 582px) 100vw, 582px\" \/><\/p>","protected":false},"featured_media":21762,"template":"","meta":{"_joinchat":[]},"product_brand":[],"product_cat":[73,66,71],"product_tag":[],"class_list":{"0":"post-23010","1":"product","2":"type-product","3":"status-publish","4":"has-post-thumbnail","6":"product_cat-luxury","7":"product_cat-perfume","8":"product_cat-unisex","11":"instock","12":"shipping-taxable","13":"purchasable","14":"product-type-simple","15":"product-grid-view"},"_links":{"self":[{"href":"https:\/\/enelyashop.com\/tr\/wp-json\/wp\/v2\/product\/23010","targetHints":{"allow":["GET"]}}],"collection":[{"href":"https:\/\/enelyashop.com\/tr\/wp-json\/wp\/v2\/product"}],"about":[{"href":"https:\/\/enelyashop.com\/tr\/wp-json\/wp\/v2\/types\/product"}],"version-history":[{"count":1,"href":"https:\/\/enelyashop.com\/tr\/wp-json\/wp\/v2\/product\/23010\/revisions"}],"predecessor-version":[{"id":23012,"href":"https:\/\/enelyashop.com\/tr\/wp-json\/wp\/v2\/product\/23010\/revisions\/23012"}],"wp:featuredmedia":[{"embeddable":true,"href":"https:\/\/enelyashop.com\/tr\/wp-json\/wp\/v2\/media\/21762"}],"wp:attachment":[{"href":"https:\/\/enelyashop.com\/tr\/wp-json\/wp\/v2\/media?parent=23010"}],"wp:term":[{"taxonomy":"product_brand","embeddable":true,"href":"https:\/\/enelyashop.com\/tr\/wp-json\/wp\/v2\/product_brand?post=23010"},{"taxonomy":"product_cat","embeddable":true,"href":"https:\/\/enelyashop.com\/tr\/wp-json\/wp\/v2\/product_cat?post=23010"},{"taxonomy":"product_tag","embeddable":true,"href":"https:\/\/enelyashop.com\/tr\/wp-json\/wp\/v2\/product_tag?post=23010"}],"curies":[{"name":"wp","href":"https:\/\/api.w.org\/{rel}","templated":true}]}}