{"id":22995,"date":"2025-01-19T02:34:02","date_gmt":"2025-01-19T01:34:02","guid":{"rendered":"https:\/\/enelyashop.com\/?post_type=product&#038;p=22995"},"modified":"2025-01-30T01:09:20","modified_gmt":"2025-01-30T00:09:20","slug":"096-30-esansli-onun-icin-parfum-100-ml","status":"publish","type":"product","link":"https:\/\/enelyashop.com\/tr\/urun\/096-30-esansli-onun-icin-parfum-100-ml\/","title":{"rendered":"096 Parf\u00fcm Onun \u0130\u00e7in 30% esansl\u0131 - 100 ml"},"content":{"rendered":"","protected":false},"excerpt":{"rendered":"<p><strong>Koku piramidi<\/strong><\/p>\n<ul>\n<li>Ba\u015f nota: Siyah Frenk \u00dcz\u00fcm\u00fc, Greyfurt, Mandalina Portakal\u0131<\/li>\n<li>Kalp notas\u0131: Yasemin, Lily-of-the-Valley, Portakal \u00c7i\u00e7e\u011fi, Armut, Pembe Biber, S\u00fcmb\u00fclteber, Ylang-Ylang<\/li>\n<li>Temel nota: Ka\u015fmeran, \u0130ris, Misk, Sandal a\u011fac\u0131<\/li>\n<\/ul>\n<p><img loading=\"lazy\" decoding=\"async\" class=\"alignleft size-full wp-image-22996\" src=\"https:\/\/enelyashop.com\/wp-content\/uploads\/2025\/01\/Ekran-goruntusu-2025-01-19-043350.png\" alt=\"\" width=\"560\" height=\"417\" srcset=\"https:\/\/enelyashop.com\/wp-content\/uploads\/2025\/01\/Ekran-goruntusu-2025-01-19-043350.png 560w, https:\/\/enelyashop.com\/wp-content\/uploads\/2025\/01\/Ekran-goruntusu-2025-01-19-043350-300x223.png 300w, https:\/\/enelyashop.com\/wp-content\/uploads\/2025\/01\/Ekran-goruntusu-2025-01-19-043350-16x12.png 16w, https:\/\/enelyashop.com\/wp-content\/uploads\/2025\/01\/Ekran-goruntusu-2025-01-19-043350-540x402.png 540w, https:\/\/enelyashop.com\/wp-content\/uploads\/2025\/01\/Ekran-goruntusu-2025-01-19-043350-100x74.png 100w\" sizes=\"auto, (max-width: 560px) 100vw, 560px\" \/><\/p>","protected":false},"featured_media":22270,"template":"","meta":{"_joinchat":[]},"product_brand":[],"product_cat":[66,69],"product_tag":[],"class_list":{"0":"post-22995","1":"product","2":"type-product","3":"status-publish","4":"has-post-thumbnail","6":"product_cat-perfume","7":"product_cat-woman","8":"pa_ml-100ml","9":"pa_ml-35ml","12":"instock","13":"shipping-taxable","14":"purchasable","15":"product-type-variable","16":"has-default-attributes","17":"product-grid-view"},"_links":{"self":[{"href":"https:\/\/enelyashop.com\/tr\/wp-json\/wp\/v2\/product\/22995","targetHints":{"allow":["GET"]}}],"collection":[{"href":"https:\/\/enelyashop.com\/tr\/wp-json\/wp\/v2\/product"}],"about":[{"href":"https:\/\/enelyashop.com\/tr\/wp-json\/wp\/v2\/types\/product"}],"version-history":[{"count":1,"href":"https:\/\/enelyashop.com\/tr\/wp-json\/wp\/v2\/product\/22995\/revisions"}],"predecessor-version":[{"id":22997,"href":"https:\/\/enelyashop.com\/tr\/wp-json\/wp\/v2\/product\/22995\/revisions\/22997"}],"wp:featuredmedia":[{"embeddable":true,"href":"https:\/\/enelyashop.com\/tr\/wp-json\/wp\/v2\/media\/22270"}],"wp:attachment":[{"href":"https:\/\/enelyashop.com\/tr\/wp-json\/wp\/v2\/media?parent=22995"}],"wp:term":[{"taxonomy":"product_brand","embeddable":true,"href":"https:\/\/enelyashop.com\/tr\/wp-json\/wp\/v2\/product_brand?post=22995"},{"taxonomy":"product_cat","embeddable":true,"href":"https:\/\/enelyashop.com\/tr\/wp-json\/wp\/v2\/product_cat?post=22995"},{"taxonomy":"product_tag","embeddable":true,"href":"https:\/\/enelyashop.com\/tr\/wp-json\/wp\/v2\/product_tag?post=22995"}],"curies":[{"name":"wp","href":"https:\/\/api.w.org\/{rel}","templated":true}]}}