{"id":22982,"date":"2025-01-19T02:26:01","date_gmt":"2025-01-19T01:26:01","guid":{"rendered":"https:\/\/enelyashop.com\/?post_type=product&#038;p=22982"},"modified":"2025-01-30T02:00:03","modified_gmt":"2025-01-30T01:00:03","slug":"091-30-esansli-onun-icin-parfum-100-ml","status":"publish","type":"product","link":"https:\/\/enelyashop.com\/tr\/urun\/091-30-esansli-onun-icin-parfum-100-ml\/","title":{"rendered":"091 30% esansl\u0131 Erkek Parf\u00fcm\u00fc - 100 ml"},"content":{"rendered":"","protected":false},"excerpt":{"rendered":"<p><strong>Koku piramidi<\/strong><\/p>\n<ul>\n<li>Ba\u015f nota: Bergamot, Limon, Neroli, Ananas, Biberiye<\/li>\n<li>Kalp notas\u0131: Ki\u015fni\u015f, Siklamen, Gece A\u00e7an Yasemin, Me\u015fe Yosunu<\/li>\n<li>Temel nota: Brezilya G\u00fcla\u011fac\u0131, Kakule, Sedir, Misk, Me\u015fe Yosunu, Sandal A\u011fac\u0131, Tonka Fasulyesi<\/li>\n<\/ul>\n<p><img loading=\"lazy\" decoding=\"async\" class=\"alignleft size-full wp-image-22983\" src=\"https:\/\/enelyashop.com\/wp-content\/uploads\/2025\/01\/Ekran-goruntusu-2025-01-19-042545.png\" alt=\"\" width=\"581\" height=\"422\" srcset=\"https:\/\/enelyashop.com\/wp-content\/uploads\/2025\/01\/Ekran-goruntusu-2025-01-19-042545.png 581w, https:\/\/enelyashop.com\/wp-content\/uploads\/2025\/01\/Ekran-goruntusu-2025-01-19-042545-300x218.png 300w, https:\/\/enelyashop.com\/wp-content\/uploads\/2025\/01\/Ekran-goruntusu-2025-01-19-042545-18x12.png 18w, https:\/\/enelyashop.com\/wp-content\/uploads\/2025\/01\/Ekran-goruntusu-2025-01-19-042545-540x392.png 540w, https:\/\/enelyashop.com\/wp-content\/uploads\/2025\/01\/Ekran-goruntusu-2025-01-19-042545-100x73.png 100w\" sizes=\"auto, (max-width: 581px) 100vw, 581px\" \/><\/p>","protected":false},"featured_media":22264,"template":"","meta":{"_joinchat":[]},"product_brand":[],"product_cat":[70,66],"product_tag":[],"class_list":{"0":"post-22982","1":"product","2":"type-product","3":"status-publish","4":"has-post-thumbnail","6":"product_cat-man","7":"product_cat-perfume","8":"pa_ml-100ml","9":"pa_ml-35ml","12":"instock","13":"shipping-taxable","14":"purchasable","15":"product-type-variable","16":"has-default-attributes","17":"product-grid-view"},"_links":{"self":[{"href":"https:\/\/enelyashop.com\/tr\/wp-json\/wp\/v2\/product\/22982","targetHints":{"allow":["GET"]}}],"collection":[{"href":"https:\/\/enelyashop.com\/tr\/wp-json\/wp\/v2\/product"}],"about":[{"href":"https:\/\/enelyashop.com\/tr\/wp-json\/wp\/v2\/types\/product"}],"version-history":[{"count":1,"href":"https:\/\/enelyashop.com\/tr\/wp-json\/wp\/v2\/product\/22982\/revisions"}],"predecessor-version":[{"id":22984,"href":"https:\/\/enelyashop.com\/tr\/wp-json\/wp\/v2\/product\/22982\/revisions\/22984"}],"wp:featuredmedia":[{"embeddable":true,"href":"https:\/\/enelyashop.com\/tr\/wp-json\/wp\/v2\/media\/22264"}],"wp:attachment":[{"href":"https:\/\/enelyashop.com\/tr\/wp-json\/wp\/v2\/media?parent=22982"}],"wp:term":[{"taxonomy":"product_brand","embeddable":true,"href":"https:\/\/enelyashop.com\/tr\/wp-json\/wp\/v2\/product_brand?post=22982"},{"taxonomy":"product_cat","embeddable":true,"href":"https:\/\/enelyashop.com\/tr\/wp-json\/wp\/v2\/product_cat?post=22982"},{"taxonomy":"product_tag","embeddable":true,"href":"https:\/\/enelyashop.com\/tr\/wp-json\/wp\/v2\/product_tag?post=22982"}],"curies":[{"name":"wp","href":"https:\/\/api.w.org\/{rel}","templated":true}]}}