{"id":22941,"date":"2025-01-19T01:17:19","date_gmt":"2025-01-19T00:17:19","guid":{"rendered":"https:\/\/enelyashop.com\/?post_type=product&#038;p=22941"},"modified":"2025-01-19T03:33:08","modified_gmt":"2025-01-19T02:33:08","slug":"086-30-esansli-onun-icin-luks-parfum-50-ml","status":"publish","type":"product","link":"https:\/\/enelyashop.com\/tr\/urun\/086-30-esansli-onun-icin-luks-parfum-50-ml\/","title":{"rendered":"074 30% esansl\u0131 Erkek \u0130\u00e7in L\u00fcks Parf\u00fcm - 50 ml"},"content":{"rendered":"","protected":false},"excerpt":{"rendered":"<p><strong>Koku piramidi<\/strong><\/p>\n<ul>\n<li>Ba\u015f nota: Kenevir, Ye\u015fil Notalar<\/li>\n<li>Kalp notas\u0131: Kahve, Re\u00e7ineler, T\u00fct\u00fcn \u00c7i\u00e7e\u011fi, Odunsu Notalar<\/li>\n<li>Temel nota: Agarwood (Oud), T\u00fcts\u00fc<\/li>\n<\/ul>\n<p><img loading=\"lazy\" decoding=\"async\" class=\"alignleft size-full wp-image-22942\" src=\"https:\/\/enelyashop.com\/wp-content\/uploads\/2025\/01\/Ekran-goruntusu-2025-01-19-031706.png\" alt=\"\" width=\"549\" height=\"388\" srcset=\"https:\/\/enelyashop.com\/wp-content\/uploads\/2025\/01\/Ekran-goruntusu-2025-01-19-031706.png 549w, https:\/\/enelyashop.com\/wp-content\/uploads\/2025\/01\/Ekran-goruntusu-2025-01-19-031706-300x212.png 300w, https:\/\/enelyashop.com\/wp-content\/uploads\/2025\/01\/Ekran-goruntusu-2025-01-19-031706-18x12.png 18w, https:\/\/enelyashop.com\/wp-content\/uploads\/2025\/01\/Ekran-goruntusu-2025-01-19-031706-540x382.png 540w, https:\/\/enelyashop.com\/wp-content\/uploads\/2025\/01\/Ekran-goruntusu-2025-01-19-031706-100x71.png 100w\" sizes=\"auto, (max-width: 549px) 100vw, 549px\" \/><\/p>","protected":false},"featured_media":21783,"template":"","meta":{"_joinchat":[]},"product_brand":[],"product_cat":[73,70,66],"product_tag":[],"class_list":{"0":"post-22941","1":"product","2":"type-product","3":"status-publish","4":"has-post-thumbnail","6":"product_cat-luxury","7":"product_cat-man","8":"product_cat-perfume","11":"instock","12":"shipping-taxable","13":"purchasable","14":"product-type-simple","15":"product-grid-view"},"_links":{"self":[{"href":"https:\/\/enelyashop.com\/tr\/wp-json\/wp\/v2\/product\/22941","targetHints":{"allow":["GET"]}}],"collection":[{"href":"https:\/\/enelyashop.com\/tr\/wp-json\/wp\/v2\/product"}],"about":[{"href":"https:\/\/enelyashop.com\/tr\/wp-json\/wp\/v2\/types\/product"}],"version-history":[{"count":2,"href":"https:\/\/enelyashop.com\/tr\/wp-json\/wp\/v2\/product\/22941\/revisions"}],"predecessor-version":[{"id":22944,"href":"https:\/\/enelyashop.com\/tr\/wp-json\/wp\/v2\/product\/22941\/revisions\/22944"}],"wp:featuredmedia":[{"embeddable":true,"href":"https:\/\/enelyashop.com\/tr\/wp-json\/wp\/v2\/media\/21783"}],"wp:attachment":[{"href":"https:\/\/enelyashop.com\/tr\/wp-json\/wp\/v2\/media?parent=22941"}],"wp:term":[{"taxonomy":"product_brand","embeddable":true,"href":"https:\/\/enelyashop.com\/tr\/wp-json\/wp\/v2\/product_brand?post=22941"},{"taxonomy":"product_cat","embeddable":true,"href":"https:\/\/enelyashop.com\/tr\/wp-json\/wp\/v2\/product_cat?post=22941"},{"taxonomy":"product_tag","embeddable":true,"href":"https:\/\/enelyashop.com\/tr\/wp-json\/wp\/v2\/product_tag?post=22941"}],"curies":[{"name":"wp","href":"https:\/\/api.w.org\/{rel}","templated":true}]}}