{"id":22931,"date":"2025-01-19T01:10:44","date_gmt":"2025-01-19T00:10:44","guid":{"rendered":"https:\/\/enelyashop.com\/?post_type=product&#038;p=22931"},"modified":"2025-01-30T01:01:01","modified_gmt":"2025-01-30T00:01:01","slug":"071-30-esansli-onun-icin-parfum-100-ml","status":"publish","type":"product","link":"https:\/\/enelyashop.com\/tr\/urun\/071-30-esansli-onun-icin-parfum-100-ml\/","title":{"rendered":"071 30% esansl\u0131 Onun \u0130\u00e7in Parf\u00fcm - 100 ml"},"content":{"rendered":"","protected":false},"excerpt":{"rendered":"<p><strong>Koku piramidi<\/strong><\/p>\n<ul>\n<li>Ba\u015f nota: Bergamot, Limon, Mandalina Portakal\u0131, \u00c7ark\u0131felek, \u015eeftali<\/li>\n<li>Kalp notas\u0131: Frezya, Han\u0131meli, Yasemin, Manolya, Portakal \u00c7i\u00e7e\u011fi, \u015eakay\u0131k, G\u00fcl, Nil\u00fcfer<\/li>\n<li>Temel nota: Amber, Pa\u00e7uli, Sandal a\u011fac\u0131, Vanilya, Vetiver<\/li>\n<\/ul>\n<p><img loading=\"lazy\" decoding=\"async\" class=\"alignleft size-full wp-image-22932\" src=\"https:\/\/enelyashop.com\/wp-content\/uploads\/2025\/01\/Ekran-goruntusu-2025-01-19-031032.png\" alt=\"\" width=\"531\" height=\"389\" srcset=\"https:\/\/enelyashop.com\/wp-content\/uploads\/2025\/01\/Ekran-goruntusu-2025-01-19-031032.png 531w, https:\/\/enelyashop.com\/wp-content\/uploads\/2025\/01\/Ekran-goruntusu-2025-01-19-031032-300x220.png 300w, https:\/\/enelyashop.com\/wp-content\/uploads\/2025\/01\/Ekran-goruntusu-2025-01-19-031032-16x12.png 16w, https:\/\/enelyashop.com\/wp-content\/uploads\/2025\/01\/Ekran-goruntusu-2025-01-19-031032-100x73.png 100w\" sizes=\"auto, (max-width: 531px) 100vw, 531px\" \/><\/p>","protected":false},"featured_media":22270,"template":"","meta":{"_joinchat":[]},"product_brand":[],"product_cat":[66,69],"product_tag":[],"class_list":{"0":"post-22931","1":"product","2":"type-product","3":"status-publish","4":"has-post-thumbnail","6":"product_cat-perfume","7":"product_cat-woman","8":"pa_ml-100ml","9":"pa_ml-35ml","12":"instock","13":"shipping-taxable","14":"purchasable","15":"product-type-variable","16":"has-default-attributes","17":"product-grid-view"},"_links":{"self":[{"href":"https:\/\/enelyashop.com\/tr\/wp-json\/wp\/v2\/product\/22931","targetHints":{"allow":["GET"]}}],"collection":[{"href":"https:\/\/enelyashop.com\/tr\/wp-json\/wp\/v2\/product"}],"about":[{"href":"https:\/\/enelyashop.com\/tr\/wp-json\/wp\/v2\/types\/product"}],"version-history":[{"count":1,"href":"https:\/\/enelyashop.com\/tr\/wp-json\/wp\/v2\/product\/22931\/revisions"}],"predecessor-version":[{"id":22933,"href":"https:\/\/enelyashop.com\/tr\/wp-json\/wp\/v2\/product\/22931\/revisions\/22933"}],"wp:featuredmedia":[{"embeddable":true,"href":"https:\/\/enelyashop.com\/tr\/wp-json\/wp\/v2\/media\/22270"}],"wp:attachment":[{"href":"https:\/\/enelyashop.com\/tr\/wp-json\/wp\/v2\/media?parent=22931"}],"wp:term":[{"taxonomy":"product_brand","embeddable":true,"href":"https:\/\/enelyashop.com\/tr\/wp-json\/wp\/v2\/product_brand?post=22931"},{"taxonomy":"product_cat","embeddable":true,"href":"https:\/\/enelyashop.com\/tr\/wp-json\/wp\/v2\/product_cat?post=22931"},{"taxonomy":"product_tag","embeddable":true,"href":"https:\/\/enelyashop.com\/tr\/wp-json\/wp\/v2\/product_tag?post=22931"}],"curies":[{"name":"wp","href":"https:\/\/api.w.org\/{rel}","templated":true}]}}