{"id":22898,"date":"2025-01-19T00:54:19","date_gmt":"2025-01-18T23:54:19","guid":{"rendered":"https:\/\/enelyashop.com\/?post_type=product&#038;p=22898"},"modified":"2025-01-30T00:55:49","modified_gmt":"2025-01-29T23:55:49","slug":"056-onun-icin-30-esansli-parfum-100-ml","status":"publish","type":"product","link":"https:\/\/enelyashop.com\/tr\/urun\/056-onun-icin-30-esansli-parfum-100-ml\/","title":{"rendered":"056 30% esansl\u0131 Onun \u0130\u00e7in Parf\u00fcm - 100 ml"},"content":{"rendered":"","protected":false},"excerpt":{"rendered":"<p><strong>Koku piramidi<\/strong><\/p>\n<ul>\n<li>Ba\u015f nota: Mandalina Portakal\u0131, Safran, Kekik<\/li>\n<li>Kalp notas\u0131: Zambak, Orkide, Ylang-Ylang<\/li>\n<li>Temel nota: Brezilya G\u00fcla\u011fac\u0131, Me\u015fe Yosunu, Tonka Fasulyesi, Vanilya<\/li>\n<\/ul>\n<p><img loading=\"lazy\" decoding=\"async\" class=\"alignleft size-full wp-image-22899\" src=\"https:\/\/enelyashop.com\/wp-content\/uploads\/2025\/01\/Ekran-goruntusu-2025-01-19-025404.png\" alt=\"\" width=\"547\" height=\"415\" srcset=\"https:\/\/enelyashop.com\/wp-content\/uploads\/2025\/01\/Ekran-goruntusu-2025-01-19-025404.png 547w, https:\/\/enelyashop.com\/wp-content\/uploads\/2025\/01\/Ekran-goruntusu-2025-01-19-025404-300x228.png 300w, https:\/\/enelyashop.com\/wp-content\/uploads\/2025\/01\/Ekran-goruntusu-2025-01-19-025404-16x12.png 16w, https:\/\/enelyashop.com\/wp-content\/uploads\/2025\/01\/Ekran-goruntusu-2025-01-19-025404-540x410.png 540w, https:\/\/enelyashop.com\/wp-content\/uploads\/2025\/01\/Ekran-goruntusu-2025-01-19-025404-100x76.png 100w\" sizes=\"auto, (max-width: 547px) 100vw, 547px\" \/><\/p>","protected":false},"featured_media":22270,"template":"","meta":{"_joinchat":[]},"product_brand":[],"product_cat":[66,69],"product_tag":[],"class_list":{"0":"post-22898","1":"product","2":"type-product","3":"status-publish","4":"has-post-thumbnail","6":"product_cat-perfume","7":"product_cat-woman","8":"pa_ml-100ml","9":"pa_ml-35ml","12":"instock","13":"shipping-taxable","14":"purchasable","15":"product-type-variable","16":"has-default-attributes","17":"product-grid-view"},"_links":{"self":[{"href":"https:\/\/enelyashop.com\/tr\/wp-json\/wp\/v2\/product\/22898","targetHints":{"allow":["GET"]}}],"collection":[{"href":"https:\/\/enelyashop.com\/tr\/wp-json\/wp\/v2\/product"}],"about":[{"href":"https:\/\/enelyashop.com\/tr\/wp-json\/wp\/v2\/types\/product"}],"version-history":[{"count":1,"href":"https:\/\/enelyashop.com\/tr\/wp-json\/wp\/v2\/product\/22898\/revisions"}],"predecessor-version":[{"id":22900,"href":"https:\/\/enelyashop.com\/tr\/wp-json\/wp\/v2\/product\/22898\/revisions\/22900"}],"wp:featuredmedia":[{"embeddable":true,"href":"https:\/\/enelyashop.com\/tr\/wp-json\/wp\/v2\/media\/22270"}],"wp:attachment":[{"href":"https:\/\/enelyashop.com\/tr\/wp-json\/wp\/v2\/media?parent=22898"}],"wp:term":[{"taxonomy":"product_brand","embeddable":true,"href":"https:\/\/enelyashop.com\/tr\/wp-json\/wp\/v2\/product_brand?post=22898"},{"taxonomy":"product_cat","embeddable":true,"href":"https:\/\/enelyashop.com\/tr\/wp-json\/wp\/v2\/product_cat?post=22898"},{"taxonomy":"product_tag","embeddable":true,"href":"https:\/\/enelyashop.com\/tr\/wp-json\/wp\/v2\/product_tag?post=22898"}],"curies":[{"name":"wp","href":"https:\/\/api.w.org\/{rel}","templated":true}]}}