{"id":22870,"date":"2025-01-19T00:38:42","date_gmt":"2025-01-18T23:38:42","guid":{"rendered":"https:\/\/enelyashop.com\/?post_type=product&#038;p=22870"},"modified":"2025-01-19T00:38:42","modified_gmt":"2025-01-18T23:38:42","slug":"246-30-esansli-unisex-parfum-100-ml","status":"publish","type":"product","link":"https:\/\/enelyashop.com\/tr\/urun\/246-30-esansli-unisex-parfum-100-ml\/","title":{"rendered":"30% esansl\u0131 246 Unisex Parf\u00fcm - 100 ml"},"content":{"rendered":"","protected":false},"excerpt":{"rendered":"<p><strong>Koku piramidi<\/strong><\/p>\n<ul>\n<li>Ba\u015f nota: Bergamot, Kakule, Ye\u015fil Notalar, Limon, Mandalina Portakal\u0131, Papaya, Ananas<\/li>\n<li>Kalp notas\u0131: Frezya, Yasemin, Vadideki Zambak, K\u00fc\u00e7\u00fck Hindistan Cevizi, Orris K\u00f6k\u00fc, G\u00fcl, Menek\u015fe<\/li>\n<li>Dip nota: Amber, Sedir, Ye\u015fil Notalar, Misk, Me\u015fe Yosunu, Sandal A\u011fac\u0131, \u00c7ay<\/li>\n<\/ul>\n<p><img loading=\"lazy\" decoding=\"async\" class=\"alignleft size-full wp-image-22871\" src=\"https:\/\/enelyashop.com\/wp-content\/uploads\/2025\/01\/Ekran-goruntusu-2025-01-19-023828.png\" alt=\"\" width=\"523\" height=\"415\" srcset=\"https:\/\/enelyashop.com\/wp-content\/uploads\/2025\/01\/Ekran-goruntusu-2025-01-19-023828.png 523w, https:\/\/enelyashop.com\/wp-content\/uploads\/2025\/01\/Ekran-goruntusu-2025-01-19-023828-300x238.png 300w, https:\/\/enelyashop.com\/wp-content\/uploads\/2025\/01\/Ekran-goruntusu-2025-01-19-023828-15x12.png 15w, https:\/\/enelyashop.com\/wp-content\/uploads\/2025\/01\/Ekran-goruntusu-2025-01-19-023828-150x120.png 150w, https:\/\/enelyashop.com\/wp-content\/uploads\/2025\/01\/Ekran-goruntusu-2025-01-19-023828-100x79.png 100w\" sizes=\"auto, (max-width: 523px) 100vw, 523px\" \/><\/p>","protected":false},"featured_media":22264,"template":"","meta":{"_joinchat":[]},"product_brand":[],"product_cat":[66,71],"product_tag":[],"class_list":{"0":"post-22870","1":"product","2":"type-product","3":"status-publish","4":"has-post-thumbnail","6":"product_cat-perfume","7":"product_cat-unisex","10":"instock","11":"shipping-taxable","12":"purchasable","13":"product-type-simple","14":"product-grid-view"},"_links":{"self":[{"href":"https:\/\/enelyashop.com\/tr\/wp-json\/wp\/v2\/product\/22870","targetHints":{"allow":["GET"]}}],"collection":[{"href":"https:\/\/enelyashop.com\/tr\/wp-json\/wp\/v2\/product"}],"about":[{"href":"https:\/\/enelyashop.com\/tr\/wp-json\/wp\/v2\/types\/product"}],"version-history":[{"count":1,"href":"https:\/\/enelyashop.com\/tr\/wp-json\/wp\/v2\/product\/22870\/revisions"}],"predecessor-version":[{"id":22872,"href":"https:\/\/enelyashop.com\/tr\/wp-json\/wp\/v2\/product\/22870\/revisions\/22872"}],"wp:featuredmedia":[{"embeddable":true,"href":"https:\/\/enelyashop.com\/tr\/wp-json\/wp\/v2\/media\/22264"}],"wp:attachment":[{"href":"https:\/\/enelyashop.com\/tr\/wp-json\/wp\/v2\/media?parent=22870"}],"wp:term":[{"taxonomy":"product_brand","embeddable":true,"href":"https:\/\/enelyashop.com\/tr\/wp-json\/wp\/v2\/product_brand?post=22870"},{"taxonomy":"product_cat","embeddable":true,"href":"https:\/\/enelyashop.com\/tr\/wp-json\/wp\/v2\/product_cat?post=22870"},{"taxonomy":"product_tag","embeddable":true,"href":"https:\/\/enelyashop.com\/tr\/wp-json\/wp\/v2\/product_tag?post=22870"}],"curies":[{"name":"wp","href":"https:\/\/api.w.org\/{rel}","templated":true}]}}