{"id":22845,"date":"2025-01-19T00:23:09","date_gmt":"2025-01-18T23:23:09","guid":{"rendered":"https:\/\/enelyashop.com\/?post_type=product&#038;p=22845"},"modified":"2025-01-30T00:47:39","modified_gmt":"2025-01-29T23:47:39","slug":"028-30-esansli-onun-icin-parfum-100-ml","status":"publish","type":"product","link":"https:\/\/enelyashop.com\/tr\/urun\/028-30-esansli-onun-icin-parfum-100-ml\/","title":{"rendered":"028 30% esansl\u0131 Onun \u0130\u00e7in Parf\u00fcm - 100 ml"},"content":{"rendered":"","protected":false},"excerpt":{"rendered":"<p><strong>Koku piramidi<\/strong><\/p>\n<ul>\n<li>Ba\u015f nota: Bergamot, Siyah Frenk \u00dcz\u00fcm\u00fc, Hindistan Cevizi, Pamuk \u015eeker, Yasemin, Mandalina Portakal\u0131, Kavun, Ananas<\/li>\n<li>Kalp notas\u0131: Kay\u0131s\u0131, B\u00f6\u011f\u00fcrtlen, Kimyon, Bal, Yasemin, Vadideki Zambak, K\u00fc\u00e7\u00fck Hindistan Cevizi, Orkide, \u015eeftali, Erik, K\u0131rm\u0131z\u0131 Meyveler, G\u00fcl<\/li>\n<li>Dip nota: Amber, Karamel, Bitter \u00c7ikolata, Misk, Pa\u00e7uli, Sandal A\u011fac\u0131, Tonka Fasulyesi, Vanilya<\/li>\n<\/ul>\n<p><img loading=\"lazy\" decoding=\"async\" class=\"alignleft size-full wp-image-22846\" src=\"https:\/\/enelyashop.com\/wp-content\/uploads\/2025\/01\/Ekran-goruntusu-2025-01-19-022254.png\" alt=\"\" width=\"632\" height=\"407\" srcset=\"https:\/\/enelyashop.com\/wp-content\/uploads\/2025\/01\/Ekran-goruntusu-2025-01-19-022254.png 632w, https:\/\/enelyashop.com\/wp-content\/uploads\/2025\/01\/Ekran-goruntusu-2025-01-19-022254-300x193.png 300w, https:\/\/enelyashop.com\/wp-content\/uploads\/2025\/01\/Ekran-goruntusu-2025-01-19-022254-18x12.png 18w, https:\/\/enelyashop.com\/wp-content\/uploads\/2025\/01\/Ekran-goruntusu-2025-01-19-022254-540x348.png 540w, https:\/\/enelyashop.com\/wp-content\/uploads\/2025\/01\/Ekran-goruntusu-2025-01-19-022254-100x64.png 100w\" sizes=\"auto, (max-width: 632px) 100vw, 632px\" \/><\/p>","protected":false},"featured_media":22270,"template":"","meta":{"_joinchat":[]},"product_brand":[],"product_cat":[66,69],"product_tag":[],"class_list":{"0":"post-22845","1":"product","2":"type-product","3":"status-publish","4":"has-post-thumbnail","6":"product_cat-perfume","7":"product_cat-woman","8":"pa_ml-100ml","9":"pa_ml-35ml","12":"instock","13":"shipping-taxable","14":"purchasable","15":"product-type-variable","16":"has-default-attributes","17":"product-grid-view"},"_links":{"self":[{"href":"https:\/\/enelyashop.com\/tr\/wp-json\/wp\/v2\/product\/22845","targetHints":{"allow":["GET"]}}],"collection":[{"href":"https:\/\/enelyashop.com\/tr\/wp-json\/wp\/v2\/product"}],"about":[{"href":"https:\/\/enelyashop.com\/tr\/wp-json\/wp\/v2\/types\/product"}],"version-history":[{"count":1,"href":"https:\/\/enelyashop.com\/tr\/wp-json\/wp\/v2\/product\/22845\/revisions"}],"predecessor-version":[{"id":22847,"href":"https:\/\/enelyashop.com\/tr\/wp-json\/wp\/v2\/product\/22845\/revisions\/22847"}],"wp:featuredmedia":[{"embeddable":true,"href":"https:\/\/enelyashop.com\/tr\/wp-json\/wp\/v2\/media\/22270"}],"wp:attachment":[{"href":"https:\/\/enelyashop.com\/tr\/wp-json\/wp\/v2\/media?parent=22845"}],"wp:term":[{"taxonomy":"product_brand","embeddable":true,"href":"https:\/\/enelyashop.com\/tr\/wp-json\/wp\/v2\/product_brand?post=22845"},{"taxonomy":"product_cat","embeddable":true,"href":"https:\/\/enelyashop.com\/tr\/wp-json\/wp\/v2\/product_cat?post=22845"},{"taxonomy":"product_tag","embeddable":true,"href":"https:\/\/enelyashop.com\/tr\/wp-json\/wp\/v2\/product_tag?post=22845"}],"curies":[{"name":"wp","href":"https:\/\/api.w.org\/{rel}","templated":true}]}}