{"id":22829,"date":"2025-01-19T00:08:14","date_gmt":"2025-01-18T23:08:14","guid":{"rendered":"https:\/\/enelyashop.com\/?post_type=product&#038;p=22829"},"modified":"2025-01-30T01:40:15","modified_gmt":"2025-01-30T00:40:15","slug":"018-30-esansli-onun-icin-parfum-100-ml","status":"publish","type":"product","link":"https:\/\/enelyashop.com\/tr\/urun\/018-30-esansli-onun-icin-parfum-100-ml\/","title":{"rendered":"018 30% esansl\u0131 Erkek Parf\u00fcm\u00fc - 100 ml"},"content":{"rendered":"","protected":false},"excerpt":{"rendered":"<section class=\"mt-5\">\n<div class=\"container\">\n<div class=\"row\">\n<div class=\"col-12 pb-5\">\n<div id=\"pills-tabContent\" class=\"tab-content \/*scrollVertical*\/\">\n<div id=\"pills-home\" class=\"tab-pane py-3 fade show active\" role=\"tabpanel\" aria-labelledby=\"pills-home-tab\">\n<p><strong>Koku piramidi<\/strong><\/p>\n<ul>\n<li>Ba\u015f nota: Artemisia, Bergamot, Hu\u015f, Ac\u0131 Portakal, Kimyon, Ki\u015fni\u015f, Mandalina Portakal\u0131, Neroli<\/li>\n<li>Kalp notas\u0131: Kakule, Tar\u00e7\u0131n, Zencefil, \u0130ris, Yasemin, Ard\u0131\u00e7, Orris K\u00f6k\u00fc, Biber<\/li>\n<li>Temel nota: Amber, Sedir, Deri, Me\u015fe Yosunu, \u00c7ay, Vetiver<\/li>\n<\/ul>\n<\/div>\n<\/div>\n<\/div>\n<\/div>\n<\/div>\n<\/section>\n<section id=\"div_correlati_p\" class=\"my-5\">\n<div class=\"container\">\n<div class=\"col mb-4\"><img loading=\"lazy\" decoding=\"async\" class=\"alignleft size-full wp-image-22830\" src=\"https:\/\/enelyashop.com\/wp-content\/uploads\/2025\/01\/Ekran-goruntusu-2025-01-19-020755.png\" alt=\"\" width=\"563\" height=\"367\" srcset=\"https:\/\/enelyashop.com\/wp-content\/uploads\/2025\/01\/Ekran-goruntusu-2025-01-19-020755.png 563w, https:\/\/enelyashop.com\/wp-content\/uploads\/2025\/01\/Ekran-goruntusu-2025-01-19-020755-300x196.png 300w, https:\/\/enelyashop.com\/wp-content\/uploads\/2025\/01\/Ekran-goruntusu-2025-01-19-020755-18x12.png 18w, https:\/\/enelyashop.com\/wp-content\/uploads\/2025\/01\/Ekran-goruntusu-2025-01-19-020755-540x352.png 540w, https:\/\/enelyashop.com\/wp-content\/uploads\/2025\/01\/Ekran-goruntusu-2025-01-19-020755-420x275.png 420w, https:\/\/enelyashop.com\/wp-content\/uploads\/2025\/01\/Ekran-goruntusu-2025-01-19-020755-100x65.png 100w\" sizes=\"auto, (max-width: 563px) 100vw, 563px\" \/><\/div>\n<\/div>\n<\/section>","protected":false},"featured_media":22264,"template":"","meta":{"_joinchat":[]},"product_brand":[],"product_cat":[70,66],"product_tag":[],"class_list":{"0":"post-22829","1":"product","2":"type-product","3":"status-publish","4":"has-post-thumbnail","6":"product_cat-man","7":"product_cat-perfume","8":"pa_ml-100ml","9":"pa_ml-35ml","12":"instock","13":"shipping-taxable","14":"purchasable","15":"product-type-variable","16":"has-default-attributes","17":"product-grid-view"},"_links":{"self":[{"href":"https:\/\/enelyashop.com\/tr\/wp-json\/wp\/v2\/product\/22829","targetHints":{"allow":["GET"]}}],"collection":[{"href":"https:\/\/enelyashop.com\/tr\/wp-json\/wp\/v2\/product"}],"about":[{"href":"https:\/\/enelyashop.com\/tr\/wp-json\/wp\/v2\/types\/product"}],"version-history":[{"count":2,"href":"https:\/\/enelyashop.com\/tr\/wp-json\/wp\/v2\/product\/22829\/revisions"}],"predecessor-version":[{"id":23473,"href":"https:\/\/enelyashop.com\/tr\/wp-json\/wp\/v2\/product\/22829\/revisions\/23473"}],"wp:featuredmedia":[{"embeddable":true,"href":"https:\/\/enelyashop.com\/tr\/wp-json\/wp\/v2\/media\/22264"}],"wp:attachment":[{"href":"https:\/\/enelyashop.com\/tr\/wp-json\/wp\/v2\/media?parent=22829"}],"wp:term":[{"taxonomy":"product_brand","embeddable":true,"href":"https:\/\/enelyashop.com\/tr\/wp-json\/wp\/v2\/product_brand?post=22829"},{"taxonomy":"product_cat","embeddable":true,"href":"https:\/\/enelyashop.com\/tr\/wp-json\/wp\/v2\/product_cat?post=22829"},{"taxonomy":"product_tag","embeddable":true,"href":"https:\/\/enelyashop.com\/tr\/wp-json\/wp\/v2\/product_tag?post=22829"}],"curies":[{"name":"wp","href":"https:\/\/api.w.org\/{rel}","templated":true}]}}