{"id":22792,"date":"2025-01-18T19:28:14","date_gmt":"2025-01-18T18:28:14","guid":{"rendered":"https:\/\/enelyashop.com\/?post_type=product&#038;p=22792"},"modified":"2025-01-30T01:29:44","modified_gmt":"2025-01-30T00:29:44","slug":"016-30-esansli-onun-icin-parfum-100-ml-2","status":"publish","type":"product","link":"https:\/\/enelyashop.com\/tr\/urun\/016-30-esansli-onun-icin-parfum-100-ml-2\/","title":{"rendered":"016 30% esansl\u0131 Erkek Parf\u00fcm\u00fc - 100 ml"},"content":{"rendered":"","protected":false},"excerpt":{"rendered":"<p><strong>Koku piramidi<\/strong><\/p>\n<ul>\n<li>Ba\u015f nota: Artemisia, Bergamot, Kakule, Lavanta, Nane<\/li>\n<li>Kalp notas\u0131: Kimyon, Tar\u00e7\u0131n, Portakal \u00c7i\u00e7e\u011fi<\/li>\n<li>Temel nota: Amber, Sedir, Sandal A\u011fac\u0131, Tonka Fasulyesi, Vanilya<\/li>\n<\/ul>\n<p><img loading=\"lazy\" decoding=\"async\" class=\"alignleft size-full wp-image-22793\" src=\"https:\/\/enelyashop.com\/wp-content\/uploads\/2025\/01\/Ekran-goruntusu-2025-01-18-212758.png\" alt=\"\" width=\"627\" height=\"440\" srcset=\"https:\/\/enelyashop.com\/wp-content\/uploads\/2025\/01\/Ekran-goruntusu-2025-01-18-212758.png 627w, https:\/\/enelyashop.com\/wp-content\/uploads\/2025\/01\/Ekran-goruntusu-2025-01-18-212758-300x211.png 300w, https:\/\/enelyashop.com\/wp-content\/uploads\/2025\/01\/Ekran-goruntusu-2025-01-18-212758-18x12.png 18w, https:\/\/enelyashop.com\/wp-content\/uploads\/2025\/01\/Ekran-goruntusu-2025-01-18-212758-540x379.png 540w, https:\/\/enelyashop.com\/wp-content\/uploads\/2025\/01\/Ekran-goruntusu-2025-01-18-212758-100x70.png 100w\" sizes=\"auto, (max-width: 627px) 100vw, 627px\" \/><\/p>","protected":false},"featured_media":22264,"template":"","meta":{"_joinchat":[]},"product_brand":[],"product_cat":[70,66],"product_tag":[],"class_list":{"0":"post-22792","1":"product","2":"type-product","3":"status-publish","4":"has-post-thumbnail","6":"product_cat-man","7":"product_cat-perfume","8":"pa_ml-100ml","9":"pa_ml-35ml","12":"instock","13":"shipping-taxable","14":"purchasable","15":"product-type-variable","16":"has-default-attributes","17":"product-grid-view"},"_links":{"self":[{"href":"https:\/\/enelyashop.com\/tr\/wp-json\/wp\/v2\/product\/22792","targetHints":{"allow":["GET"]}}],"collection":[{"href":"https:\/\/enelyashop.com\/tr\/wp-json\/wp\/v2\/product"}],"about":[{"href":"https:\/\/enelyashop.com\/tr\/wp-json\/wp\/v2\/types\/product"}],"version-history":[{"count":1,"href":"https:\/\/enelyashop.com\/tr\/wp-json\/wp\/v2\/product\/22792\/revisions"}],"predecessor-version":[{"id":22794,"href":"https:\/\/enelyashop.com\/tr\/wp-json\/wp\/v2\/product\/22792\/revisions\/22794"}],"wp:featuredmedia":[{"embeddable":true,"href":"https:\/\/enelyashop.com\/tr\/wp-json\/wp\/v2\/media\/22264"}],"wp:attachment":[{"href":"https:\/\/enelyashop.com\/tr\/wp-json\/wp\/v2\/media?parent=22792"}],"wp:term":[{"taxonomy":"product_brand","embeddable":true,"href":"https:\/\/enelyashop.com\/tr\/wp-json\/wp\/v2\/product_brand?post=22792"},{"taxonomy":"product_cat","embeddable":true,"href":"https:\/\/enelyashop.com\/tr\/wp-json\/wp\/v2\/product_cat?post=22792"},{"taxonomy":"product_tag","embeddable":true,"href":"https:\/\/enelyashop.com\/tr\/wp-json\/wp\/v2\/product_tag?post=22792"}],"curies":[{"name":"wp","href":"https:\/\/api.w.org\/{rel}","templated":true}]}}