{"id":22766,"date":"2025-01-18T17:36:51","date_gmt":"2025-01-18T16:36:51","guid":{"rendered":"https:\/\/enelyashop.com\/en\/product\/205-perfume-for-him-with-30-essence-100-ml\/"},"modified":"2025-01-30T02:06:55","modified_gmt":"2025-01-30T01:06:55","slug":"205-onun-icin-30-esansli-parfum-100-ml","status":"publish","type":"product","link":"https:\/\/enelyashop.com\/tr\/urun\/205-onun-icin-30-esansli-parfum-100-ml\/","title":{"rendered":"205 30% esansl\u0131 Erkek Parf\u00fcm\u00fc - 100 ml"},"content":{"rendered":"","protected":false},"excerpt":{"rendered":"<p><strong style=\"font-weight: bolder; font-family: Poppins, sans-serif; font-size: 16px; font-style: normal; letter-spacing: normal; text-align: left; text-indent: 0px; text-transform: none;\">Koku piramidi<\/strong><\/p>\n<ul>\n<li style=\"font-size: 15px!important; line-height: 27px; font-weight: 400; color: black!important; font-family: Poppins,sans-serif; font-style: normal; letter-spacing: normal; text-indent: 0px; text-transform: none;\">Ba\u015f nota: Elma, Fesle\u011fen, Greyfurt, Lavanta, Nane<\/li>\n<li style=\"font-size: 15px!important; line-height: 27px; font-weight: 400; color: black!important; font-family: Poppins,sans-serif; font-style: normal; letter-spacing: normal; text-indent: 0px; text-transform: none;\">Kalp notas\u0131: Karanfil, Sardunya, Yasemin, Ada\u00e7ay\u0131<\/li>\n<li style=\"font-size: 15px!important; line-height: 27px; font-weight: 400; color: black!important; font-family: Poppins,sans-serif; font-style: normal; letter-spacing: normal; text-indent: 0px; text-transform: none;\">Dip nota: Sedir, K\u00f6knar, Pa\u00e7uli<\/li>\n<\/ul>","protected":false},"featured_media":22264,"template":"","meta":{"_joinchat":[]},"product_brand":[],"product_cat":[70,66],"product_tag":[],"class_list":{"0":"post-22766","1":"product","2":"type-product","3":"status-publish","4":"has-post-thumbnail","6":"product_cat-man","7":"product_cat-perfume","8":"pa_ml-100ml","9":"pa_ml-35ml","12":"instock","13":"purchasable","14":"product-type-variable","15":"has-default-attributes","16":"product-grid-view"},"_links":{"self":[{"href":"https:\/\/enelyashop.com\/tr\/wp-json\/wp\/v2\/product\/22766","targetHints":{"allow":["GET"]}}],"collection":[{"href":"https:\/\/enelyashop.com\/tr\/wp-json\/wp\/v2\/product"}],"about":[{"href":"https:\/\/enelyashop.com\/tr\/wp-json\/wp\/v2\/types\/product"}],"version-history":[{"count":2,"href":"https:\/\/enelyashop.com\/tr\/wp-json\/wp\/v2\/product\/22766\/revisions"}],"predecessor-version":[{"id":22951,"href":"https:\/\/enelyashop.com\/tr\/wp-json\/wp\/v2\/product\/22766\/revisions\/22951"}],"wp:featuredmedia":[{"embeddable":true,"href":"https:\/\/enelyashop.com\/tr\/wp-json\/wp\/v2\/media\/22264"}],"wp:attachment":[{"href":"https:\/\/enelyashop.com\/tr\/wp-json\/wp\/v2\/media?parent=22766"}],"wp:term":[{"taxonomy":"product_brand","embeddable":true,"href":"https:\/\/enelyashop.com\/tr\/wp-json\/wp\/v2\/product_brand?post=22766"},{"taxonomy":"product_cat","embeddable":true,"href":"https:\/\/enelyashop.com\/tr\/wp-json\/wp\/v2\/product_cat?post=22766"},{"taxonomy":"product_tag","embeddable":true,"href":"https:\/\/enelyashop.com\/tr\/wp-json\/wp\/v2\/product_tag?post=22766"}],"curies":[{"name":"wp","href":"https:\/\/api.w.org\/{rel}","templated":true}]}}