{"id":22762,"date":"2025-01-18T17:27:53","date_gmt":"2025-01-18T16:27:53","guid":{"rendered":"https:\/\/enelyashop.com\/?post_type=product&#038;p=22762"},"modified":"2025-01-30T01:35:48","modified_gmt":"2025-01-30T00:35:48","slug":"004-parfum-onun-icin-30-esansli-100-ml","status":"publish","type":"product","link":"https:\/\/enelyashop.com\/tr\/urun\/004-parfum-onun-icin-30-esansli-100-ml\/","title":{"rendered":"004 30% esansl\u0131 Erkek Parf\u00fcm\u00fc - 100 ml"},"content":{"rendered":"<ul>\n<li>Koku piramidi<\/li>\n<li>Ba\u015f nota: Fesle\u011fen, Ki\u015fni\u015f, Greyfurt<\/li>\n<li>Kalp notas\u0131: Kakule, Zencefil, Portakal \u00c7i\u00e7e\u011fi<\/li>\n<li>Temel nota: Amber, Sedir, T\u00fct\u00fcn \u00c7i\u00e7e\u011fi<\/li>\n<\/ul>\n<p><img loading=\"lazy\" decoding=\"async\" class=\"alignleft size-full wp-image-22763\" src=\"https:\/\/enelyashop.com\/wp-content\/uploads\/2025\/01\/Screenshot_2025-01-18-19-25-28-510_com.microsoft.office.officehubrow-edit.jpg\" alt=\"\" width=\"1050\" height=\"630\" srcset=\"https:\/\/enelyashop.com\/wp-content\/uploads\/2025\/01\/Screenshot_2025-01-18-19-25-28-510_com.microsoft.office.officehubrow-edit.jpg 1050w, https:\/\/enelyashop.com\/wp-content\/uploads\/2025\/01\/Screenshot_2025-01-18-19-25-28-510_com.microsoft.office.officehubrow-edit-300x180.jpg 300w, https:\/\/enelyashop.com\/wp-content\/uploads\/2025\/01\/Screenshot_2025-01-18-19-25-28-510_com.microsoft.office.officehubrow-edit-1024x614.jpg 1024w, https:\/\/enelyashop.com\/wp-content\/uploads\/2025\/01\/Screenshot_2025-01-18-19-25-28-510_com.microsoft.office.officehubrow-edit-768x461.jpg 768w, https:\/\/enelyashop.com\/wp-content\/uploads\/2025\/01\/Screenshot_2025-01-18-19-25-28-510_com.microsoft.office.officehubrow-edit-18x12.jpg 18w, https:\/\/enelyashop.com\/wp-content\/uploads\/2025\/01\/Screenshot_2025-01-18-19-25-28-510_com.microsoft.office.officehubrow-edit-750x450.jpg 750w, https:\/\/enelyashop.com\/wp-content\/uploads\/2025\/01\/Screenshot_2025-01-18-19-25-28-510_com.microsoft.office.officehubrow-edit-540x324.jpg 540w, https:\/\/enelyashop.com\/wp-content\/uploads\/2025\/01\/Screenshot_2025-01-18-19-25-28-510_com.microsoft.office.officehubrow-edit-1000x600.jpg 1000w, https:\/\/enelyashop.com\/wp-content\/uploads\/2025\/01\/Screenshot_2025-01-18-19-25-28-510_com.microsoft.office.officehubrow-edit-100x60.jpg 100w\" sizes=\"auto, (max-width: 1050px) 100vw, 1050px\" \/><\/p>\n<p>&nbsp;<\/p>","protected":false},"excerpt":{"rendered":"<p>Koku piramidi Ba\u015f nota: Fesle\u011fen, Ki\u015fni\u015f, Greyfurt Kalp nota: Kakule, Zencefil, Portakal \u00c7i\u00e7e\u011fi Dip nota: Amber, Sedir, T\u00fct\u00fcn \u00c7i\u00e7e\u011fi &nbsp;<\/p>","protected":false},"featured_media":22264,"template":"","meta":{"_joinchat":[]},"product_brand":[],"product_cat":[70,66],"product_tag":[],"class_list":{"0":"post-22762","1":"product","2":"type-product","3":"status-publish","4":"has-post-thumbnail","6":"product_cat-man","7":"product_cat-perfume","8":"pa_ml-100ml","9":"pa_ml-35ml","12":"instock","13":"shipping-taxable","14":"purchasable","15":"product-type-variable","16":"has-default-attributes","17":"product-grid-view"},"_links":{"self":[{"href":"https:\/\/enelyashop.com\/tr\/wp-json\/wp\/v2\/product\/22762","targetHints":{"allow":["GET"]}}],"collection":[{"href":"https:\/\/enelyashop.com\/tr\/wp-json\/wp\/v2\/product"}],"about":[{"href":"https:\/\/enelyashop.com\/tr\/wp-json\/wp\/v2\/types\/product"}],"version-history":[{"count":2,"href":"https:\/\/enelyashop.com\/tr\/wp-json\/wp\/v2\/product\/22762\/revisions"}],"predecessor-version":[{"id":22765,"href":"https:\/\/enelyashop.com\/tr\/wp-json\/wp\/v2\/product\/22762\/revisions\/22765"}],"wp:featuredmedia":[{"embeddable":true,"href":"https:\/\/enelyashop.com\/tr\/wp-json\/wp\/v2\/media\/22264"}],"wp:attachment":[{"href":"https:\/\/enelyashop.com\/tr\/wp-json\/wp\/v2\/media?parent=22762"}],"wp:term":[{"taxonomy":"product_brand","embeddable":true,"href":"https:\/\/enelyashop.com\/tr\/wp-json\/wp\/v2\/product_brand?post=22762"},{"taxonomy":"product_cat","embeddable":true,"href":"https:\/\/enelyashop.com\/tr\/wp-json\/wp\/v2\/product_cat?post=22762"},{"taxonomy":"product_tag","embeddable":true,"href":"https:\/\/enelyashop.com\/tr\/wp-json\/wp\/v2\/product_tag?post=22762"}],"curies":[{"name":"wp","href":"https:\/\/api.w.org\/{rel}","templated":true}]}}