{"id":22184,"date":"2024-11-28T20:23:03","date_gmt":"2024-11-28T19:23:03","guid":{"rendered":"https:\/\/enelyashop.com\/?post_type=product&#038;p=22184"},"modified":"2025-01-12T22:15:38","modified_gmt":"2025-01-12T21:15:38","slug":"copac001-oda-kokusu-difuzor-cubuklari-100-ml","status":"publish","type":"product","link":"https:\/\/enelyashop.com\/tr\/urun\/copac001-oda-kokusu-difuzor-cubuklari-100-ml\/","title":{"rendered":"COPAC001 Oda kokusu dif\u00fcz\u00f6r \u00e7ubuklar\u0131 (100 mL)"},"content":{"rendered":"","protected":false},"excerpt":{"rendered":"<p class=\"mb-2\">Uzman parf\u00fcm\u00f6rlerimizin duyarl\u0131l\u0131\u011f\u0131 ve yarat\u0131c\u0131l\u0131\u011f\u0131ndan, zihni b\u00fcy\u00fcleyen ve duyular\u0131 ba\u015ftan \u00e7\u0131karan oda kokular\u0131 ortaya \u00e7\u0131k\u0131yor.<\/p>\n<p class=\"mb-2\">Parf\u00fcmc\u00fcler, Do\u011fu'dan gelen eski bir sanat olan koku yaratma konusunda ustala\u015fm\u0131\u015f ki\u015filerdir.<br \/>\n'Besteci' olarak da adland\u0131r\u0131lan parf\u00fcm\u00f6rler, koku notalar\u0131n\u0131 m\u00fczik notalar\u0131 gibi birle\u015ftirerek unutulmaz aroma senfonileri yarat\u0131rlar.<\/p>\n<p class=\"mb-2\">Cooperativa Profumieri Kokular\u0131 odalara m\u00fczik gibi yay\u0131l\u0131r, daha canl\u0131 notalar\u0131yla hayal g\u00fcc\u00fcn\u00fc g\u0131d\u0131klar ve daha s\u0131cak, daha yo\u011fun olanlar\u0131yla koku alma duyusunu ba\u015ftan \u00e7\u0131kar\u0131r.<\/p>","protected":false},"featured_media":22446,"template":"elementor_theme","meta":{"_joinchat":[]},"product_brand":[],"product_cat":[66,163],"product_tag":[],"class_list":{"0":"post-22184","1":"product","2":"type-product","3":"status-publish","4":"has-post-thumbnail","6":"product_cat-perfume","7":"product_cat-room-fragrance-diffusers","10":"instock","11":"shipping-taxable","12":"purchasable","13":"product-type-simple","14":"product-grid-view"},"_links":{"self":[{"href":"https:\/\/enelyashop.com\/tr\/wp-json\/wp\/v2\/product\/22184","targetHints":{"allow":["GET"]}}],"collection":[{"href":"https:\/\/enelyashop.com\/tr\/wp-json\/wp\/v2\/product"}],"about":[{"href":"https:\/\/enelyashop.com\/tr\/wp-json\/wp\/v2\/types\/product"}],"version-history":[{"count":2,"href":"https:\/\/enelyashop.com\/tr\/wp-json\/wp\/v2\/product\/22184\/revisions"}],"predecessor-version":[{"id":22377,"href":"https:\/\/enelyashop.com\/tr\/wp-json\/wp\/v2\/product\/22184\/revisions\/22377"}],"wp:featuredmedia":[{"embeddable":true,"href":"https:\/\/enelyashop.com\/tr\/wp-json\/wp\/v2\/media\/22446"}],"wp:attachment":[{"href":"https:\/\/enelyashop.com\/tr\/wp-json\/wp\/v2\/media?parent=22184"}],"wp:term":[{"taxonomy":"product_brand","embeddable":true,"href":"https:\/\/enelyashop.com\/tr\/wp-json\/wp\/v2\/product_brand?post=22184"},{"taxonomy":"product_cat","embeddable":true,"href":"https:\/\/enelyashop.com\/tr\/wp-json\/wp\/v2\/product_cat?post=22184"},{"taxonomy":"product_tag","embeddable":true,"href":"https:\/\/enelyashop.com\/tr\/wp-json\/wp\/v2\/product_tag?post=22184"}],"curies":[{"name":"wp","href":"https:\/\/api.w.org\/{rel}","templated":true}]}}