{"id":21797,"date":"2024-11-27T17:19:40","date_gmt":"2024-11-27T16:19:40","guid":{"rendered":"https:\/\/enelyashop.com\/?post_type=product&#038;p=21797"},"modified":"2025-01-19T01:30:47","modified_gmt":"2025-01-19T00:30:47","slug":"unisex-parfum-30-esansli-100-ml-4","status":"publish","type":"product","link":"https:\/\/enelyashop.com\/tr\/urun\/unisex-parfum-30-esansli-100-ml-4\/","title":{"rendered":"114 30% esansl\u0131 Unisex Parf\u00fcm - 100 ml"},"content":{"rendered":"","protected":false},"excerpt":{"rendered":"<p class=\"text-justify\">Sizi al\u0131\u015f\u0131lm\u0131\u015f\u0131n d\u0131\u015f\u0131nda, oryantal kokularla ve k\u0131vr\u0131ml\u0131 kum tepeleriyle dolu yerlere g\u00f6t\u00fcrecek bir koku. Sizi Agarwood'un g\u00fcc\u00fc ve sa\u011flaml\u0131\u011f\u0131n\u0131n a\u00e7\u0131k\u00e7a ortaya \u00e7\u0131kt\u0131\u011f\u0131 bir yolculu\u011fa \u00e7\u0131karan nadir ve n\u00fcansl\u0131 bir esans.<\/p>\n<p><strong>Koku piramidi<\/strong><\/p>\n<ul>\n<li>Ba\u015f nota: Bergamot, Limon, Ahududu<\/li>\n<li>Kalp notas\u0131: Tar\u00e7\u0131n, Sardunya, Yasemin, G\u00fcl, Safran<\/li>\n<li>Temel nota: Agarwood (Oud), Amber, Cypriol Oil veya Nagarmotha, Misk, Sandal A\u011fac\u0131, Cilt, Vanilya<\/li>\n<\/ul>\n<p><img loading=\"lazy\" decoding=\"async\" class=\"alignleft size-full wp-image-22338\" src=\"https:\/\/enelyashop.com\/wp-content\/uploads\/2024\/11\/Ekran-Resmi-2024-11-30-06.36.45.png\" alt=\"\" width=\"1026\" height=\"604\" srcset=\"https:\/\/enelyashop.com\/wp-content\/uploads\/2024\/11\/Ekran-Resmi-2024-11-30-06.36.45.png 1026w, https:\/\/enelyashop.com\/wp-content\/uploads\/2024\/11\/Ekran-Resmi-2024-11-30-06.36.45-300x177.png 300w, https:\/\/enelyashop.com\/wp-content\/uploads\/2024\/11\/Ekran-Resmi-2024-11-30-06.36.45-1024x603.png 1024w, https:\/\/enelyashop.com\/wp-content\/uploads\/2024\/11\/Ekran-Resmi-2024-11-30-06.36.45-768x452.png 768w, https:\/\/enelyashop.com\/wp-content\/uploads\/2024\/11\/Ekran-Resmi-2024-11-30-06.36.45-18x12.png 18w, https:\/\/enelyashop.com\/wp-content\/uploads\/2024\/11\/Ekran-Resmi-2024-11-30-06.36.45-750x442.png 750w, https:\/\/enelyashop.com\/wp-content\/uploads\/2024\/11\/Ekran-Resmi-2024-11-30-06.36.45-540x318.png 540w, https:\/\/enelyashop.com\/wp-content\/uploads\/2024\/11\/Ekran-Resmi-2024-11-30-06.36.45-1000x589.png 1000w, https:\/\/enelyashop.com\/wp-content\/uploads\/2024\/11\/Ekran-Resmi-2024-11-30-06.36.45-100x59.png 100w\" sizes=\"auto, (max-width: 1026px) 100vw, 1026px\" \/><\/p>","protected":false},"featured_media":22264,"template":"elementor_theme","meta":{"_joinchat":[]},"product_brand":[],"product_cat":[66,71],"product_tag":[],"class_list":{"0":"post-21797","1":"product","2":"type-product","3":"status-publish","4":"has-post-thumbnail","6":"product_cat-perfume","7":"product_cat-unisex","10":"instock","11":"shipping-taxable","12":"purchasable","13":"product-type-simple","14":"product-grid-view"},"_links":{"self":[{"href":"https:\/\/enelyashop.com\/tr\/wp-json\/wp\/v2\/product\/21797","targetHints":{"allow":["GET"]}}],"collection":[{"href":"https:\/\/enelyashop.com\/tr\/wp-json\/wp\/v2\/product"}],"about":[{"href":"https:\/\/enelyashop.com\/tr\/wp-json\/wp\/v2\/types\/product"}],"version-history":[{"count":4,"href":"https:\/\/enelyashop.com\/tr\/wp-json\/wp\/v2\/product\/21797\/revisions"}],"predecessor-version":[{"id":22392,"href":"https:\/\/enelyashop.com\/tr\/wp-json\/wp\/v2\/product\/21797\/revisions\/22392"}],"wp:featuredmedia":[{"embeddable":true,"href":"https:\/\/enelyashop.com\/tr\/wp-json\/wp\/v2\/media\/22264"}],"wp:attachment":[{"href":"https:\/\/enelyashop.com\/tr\/wp-json\/wp\/v2\/media?parent=21797"}],"wp:term":[{"taxonomy":"product_brand","embeddable":true,"href":"https:\/\/enelyashop.com\/tr\/wp-json\/wp\/v2\/product_brand?post=21797"},{"taxonomy":"product_cat","embeddable":true,"href":"https:\/\/enelyashop.com\/tr\/wp-json\/wp\/v2\/product_cat?post=21797"},{"taxonomy":"product_tag","embeddable":true,"href":"https:\/\/enelyashop.com\/tr\/wp-json\/wp\/v2\/product_tag?post=21797"}],"curies":[{"name":"wp","href":"https:\/\/api.w.org\/{rel}","templated":true}]}}