{"id":21795,"date":"2024-11-27T17:18:42","date_gmt":"2024-11-27T16:18:42","guid":{"rendered":"https:\/\/enelyashop.com\/?post_type=product&#038;p=21795"},"modified":"2025-01-19T01:31:02","modified_gmt":"2025-01-19T00:31:02","slug":"unisex-parfum-30-esansli-100-ml-3","status":"publish","type":"product","link":"https:\/\/enelyashop.com\/tr\/urun\/unisex-parfum-30-esansli-100-ml-3\/","title":{"rendered":"054 30% esansl\u0131 Unisex Parf\u00fcm - 100 ml"},"content":{"rendered":"","protected":false},"excerpt":{"rendered":"<p class=\"text-justify\">Sofistike ve ilgi \u00e7ekici ki\u015filikler i\u00e7in yarat\u0131lm\u0131\u015f \u015fehvetli bir koku. S\u0131cak, karanl\u0131k notalar\u0131yla b\u00fcy\u00fcleyen bir parf\u00fcm, Orkide kalbiyle modern ama zamans\u0131z bir kokuya yol a\u00e7\u0131yor.<\/p>\n<p><strong>Koku piramidi<\/strong><\/p>\n<ul>\n<li>Ba\u015f nota: Bergamot, Siyah Frenk \u00dcz\u00fcm\u00fc, Gardenya, Yasemin, Limon, Mandalina Portakal\u0131, Tr\u00fcf Mantar\u0131, Ylang-Ylang<\/li>\n<li>Kalp notas\u0131: Meyveli Notalar, Gardenya, Yasemin, Lotus, Orkide, Baharatlar, Ylang-Ylang<\/li>\n<li>Dip nota: Amber, Bitter \u00c7ikolata, T\u00fcts\u00fc, Misk, Pa\u00e7uli, Sandal A\u011fac\u0131, Vanilya, Vetiver<\/li>\n<\/ul>\n<p><img loading=\"lazy\" decoding=\"async\" class=\"alignleft size-full wp-image-22340\" src=\"https:\/\/enelyashop.com\/wp-content\/uploads\/2024\/11\/Ekran-Resmi-2024-11-30-06.37.34.png\" alt=\"\" width=\"1026\" height=\"722\" srcset=\"https:\/\/enelyashop.com\/wp-content\/uploads\/2024\/11\/Ekran-Resmi-2024-11-30-06.37.34.png 1026w, https:\/\/enelyashop.com\/wp-content\/uploads\/2024\/11\/Ekran-Resmi-2024-11-30-06.37.34-300x211.png 300w, https:\/\/enelyashop.com\/wp-content\/uploads\/2024\/11\/Ekran-Resmi-2024-11-30-06.37.34-1024x721.png 1024w, https:\/\/enelyashop.com\/wp-content\/uploads\/2024\/11\/Ekran-Resmi-2024-11-30-06.37.34-768x540.png 768w, https:\/\/enelyashop.com\/wp-content\/uploads\/2024\/11\/Ekran-Resmi-2024-11-30-06.37.34-18x12.png 18w, https:\/\/enelyashop.com\/wp-content\/uploads\/2024\/11\/Ekran-Resmi-2024-11-30-06.37.34-750x528.png 750w, https:\/\/enelyashop.com\/wp-content\/uploads\/2024\/11\/Ekran-Resmi-2024-11-30-06.37.34-540x380.png 540w, https:\/\/enelyashop.com\/wp-content\/uploads\/2024\/11\/Ekran-Resmi-2024-11-30-06.37.34-1000x704.png 1000w, https:\/\/enelyashop.com\/wp-content\/uploads\/2024\/11\/Ekran-Resmi-2024-11-30-06.37.34-100x70.png 100w\" sizes=\"auto, (max-width: 1026px) 100vw, 1026px\" \/><\/p>","protected":false},"featured_media":22264,"template":"elementor_theme","meta":{"_joinchat":[]},"product_brand":[],"product_cat":[66,71],"product_tag":[],"class_list":{"0":"post-21795","1":"product","2":"type-product","3":"status-publish","4":"has-post-thumbnail","6":"product_cat-perfume","7":"product_cat-unisex","10":"instock","11":"shipping-taxable","12":"purchasable","13":"product-type-simple","14":"product-grid-view"},"_links":{"self":[{"href":"https:\/\/enelyashop.com\/tr\/wp-json\/wp\/v2\/product\/21795","targetHints":{"allow":["GET"]}}],"collection":[{"href":"https:\/\/enelyashop.com\/tr\/wp-json\/wp\/v2\/product"}],"about":[{"href":"https:\/\/enelyashop.com\/tr\/wp-json\/wp\/v2\/types\/product"}],"version-history":[{"count":4,"href":"https:\/\/enelyashop.com\/tr\/wp-json\/wp\/v2\/product\/21795\/revisions"}],"predecessor-version":[{"id":22393,"href":"https:\/\/enelyashop.com\/tr\/wp-json\/wp\/v2\/product\/21795\/revisions\/22393"}],"wp:featuredmedia":[{"embeddable":true,"href":"https:\/\/enelyashop.com\/tr\/wp-json\/wp\/v2\/media\/22264"}],"wp:attachment":[{"href":"https:\/\/enelyashop.com\/tr\/wp-json\/wp\/v2\/media?parent=21795"}],"wp:term":[{"taxonomy":"product_brand","embeddable":true,"href":"https:\/\/enelyashop.com\/tr\/wp-json\/wp\/v2\/product_brand?post=21795"},{"taxonomy":"product_cat","embeddable":true,"href":"https:\/\/enelyashop.com\/tr\/wp-json\/wp\/v2\/product_cat?post=21795"},{"taxonomy":"product_tag","embeddable":true,"href":"https:\/\/enelyashop.com\/tr\/wp-json\/wp\/v2\/product_tag?post=21795"}],"curies":[{"name":"wp","href":"https:\/\/api.w.org\/{rel}","templated":true}]}}