{"id":21793,"date":"2024-11-27T17:15:30","date_gmt":"2024-11-27T16:15:30","guid":{"rendered":"https:\/\/enelyashop.com\/?post_type=product&#038;p=21793"},"modified":"2025-01-19T01:31:18","modified_gmt":"2025-01-19T00:31:18","slug":"unisex-parfum-30-esansli-100-ml-2","status":"publish","type":"product","link":"https:\/\/enelyashop.com\/tr\/urun\/unisex-parfum-30-esansli-100-ml-2\/","title":{"rendered":"110 30% esansl\u0131 Unisex Parf\u00fcm - 100 ml"},"content":{"rendered":"","protected":false},"excerpt":{"rendered":"<p class=\"text-justify\">Akorlar\u0131n\u0131n yo\u011funlu\u011fu ile duyular\u0131 b\u00fcy\u00fcleyebilen \u015fehvetli, unisex bir parf\u00fcm. Tatl\u0131 ve sulu meyveler, g\u00fcne\u015fli kum notalar\u0131 ve Vadideki Zambak, Misk ve kokulu a\u011fa\u00e7lar\u0131n ipu\u00e7lar\u0131 zamans\u0131z bir adan\u0131n atmosferini yeniden yarat\u0131r. Koku a\u00e7\u0131ld\u0131k\u00e7a, notalar\u0131 bu uzak, b\u00fcy\u00fcl\u00fc yerin b\u00fcy\u00fcs\u00fcn\u00fc ortaya \u00e7\u0131kar\u0131r.<\/p>\n<p><strong>Koku piramidi<\/strong><\/p>\n<ul>\n<li>Ba\u015f nota: Siyah Frenk \u00fcz\u00fcm\u00fc, \u00c7ark\u0131felek, \u015eeftali, Armut, Ahududu, Kum<\/li>\n<li>Kalp notas\u0131: Vadideki Zambak<\/li>\n<li>Dip nota: Heliotrope, Misk, Pa\u00e7uli, Sandal a\u011fac\u0131, Vanilya<\/li>\n<\/ul>\n<p><img loading=\"lazy\" decoding=\"async\" class=\"alignleft size-full wp-image-22342\" src=\"https:\/\/enelyashop.com\/wp-content\/uploads\/2024\/11\/Ekran-Resmi-2024-11-30-06.38.19.png\" alt=\"\" width=\"1026\" height=\"554\" srcset=\"https:\/\/enelyashop.com\/wp-content\/uploads\/2024\/11\/Ekran-Resmi-2024-11-30-06.38.19.png 1026w, https:\/\/enelyashop.com\/wp-content\/uploads\/2024\/11\/Ekran-Resmi-2024-11-30-06.38.19-300x162.png 300w, https:\/\/enelyashop.com\/wp-content\/uploads\/2024\/11\/Ekran-Resmi-2024-11-30-06.38.19-1024x553.png 1024w, https:\/\/enelyashop.com\/wp-content\/uploads\/2024\/11\/Ekran-Resmi-2024-11-30-06.38.19-768x415.png 768w, https:\/\/enelyashop.com\/wp-content\/uploads\/2024\/11\/Ekran-Resmi-2024-11-30-06.38.19-18x10.png 18w, https:\/\/enelyashop.com\/wp-content\/uploads\/2024\/11\/Ekran-Resmi-2024-11-30-06.38.19-750x405.png 750w, https:\/\/enelyashop.com\/wp-content\/uploads\/2024\/11\/Ekran-Resmi-2024-11-30-06.38.19-540x292.png 540w, https:\/\/enelyashop.com\/wp-content\/uploads\/2024\/11\/Ekran-Resmi-2024-11-30-06.38.19-1000x540.png 1000w, https:\/\/enelyashop.com\/wp-content\/uploads\/2024\/11\/Ekran-Resmi-2024-11-30-06.38.19-100x54.png 100w\" sizes=\"auto, (max-width: 1026px) 100vw, 1026px\" \/><\/p>","protected":false},"featured_media":22264,"template":"elementor_theme","meta":{"_joinchat":[]},"product_brand":[],"product_cat":[66,71],"product_tag":[],"class_list":{"0":"post-21793","1":"product","2":"type-product","3":"status-publish","4":"has-post-thumbnail","6":"product_cat-perfume","7":"product_cat-unisex","10":"instock","11":"shipping-taxable","12":"purchasable","13":"product-type-simple","14":"product-grid-view"},"_links":{"self":[{"href":"https:\/\/enelyashop.com\/tr\/wp-json\/wp\/v2\/product\/21793","targetHints":{"allow":["GET"]}}],"collection":[{"href":"https:\/\/enelyashop.com\/tr\/wp-json\/wp\/v2\/product"}],"about":[{"href":"https:\/\/enelyashop.com\/tr\/wp-json\/wp\/v2\/types\/product"}],"version-history":[{"count":4,"href":"https:\/\/enelyashop.com\/tr\/wp-json\/wp\/v2\/product\/21793\/revisions"}],"predecessor-version":[{"id":22394,"href":"https:\/\/enelyashop.com\/tr\/wp-json\/wp\/v2\/product\/21793\/revisions\/22394"}],"wp:featuredmedia":[{"embeddable":true,"href":"https:\/\/enelyashop.com\/tr\/wp-json\/wp\/v2\/media\/22264"}],"wp:attachment":[{"href":"https:\/\/enelyashop.com\/tr\/wp-json\/wp\/v2\/media?parent=21793"}],"wp:term":[{"taxonomy":"product_brand","embeddable":true,"href":"https:\/\/enelyashop.com\/tr\/wp-json\/wp\/v2\/product_brand?post=21793"},{"taxonomy":"product_cat","embeddable":true,"href":"https:\/\/enelyashop.com\/tr\/wp-json\/wp\/v2\/product_cat?post=21793"},{"taxonomy":"product_tag","embeddable":true,"href":"https:\/\/enelyashop.com\/tr\/wp-json\/wp\/v2\/product_tag?post=21793"}],"curies":[{"name":"wp","href":"https:\/\/api.w.org\/{rel}","templated":true}]}}