{"id":21791,"date":"2024-11-27T17:11:04","date_gmt":"2024-11-27T16:11:04","guid":{"rendered":"https:\/\/enelyashop.com\/?post_type=product&#038;p=21791"},"modified":"2025-01-12T21:57:53","modified_gmt":"2025-01-12T20:57:53","slug":"unisex-parfum-30-esans-50-ml-2","status":"publish","type":"product","link":"https:\/\/enelyashop.com\/tr\/urun\/unisex-parfum-30-esans-50-ml-2\/","title":{"rendered":"141 30% esansl\u0131 Unisex Parf\u00fcm - 50 ml"},"content":{"rendered":"","protected":false},"excerpt":{"rendered":"<p class=\"text-justify\">Do\u011fu gecelerinin b\u00fcy\u00fcl\u00fc ve r\u00fcya gibi atmosferlerini yeniden yaratmak i\u00e7in \u00e7ok say\u0131da notay\u0131 ustal\u0131kla birle\u015ftiren \u00e7ok y\u00f6nl\u00fc ve \u00e7a\u011fr\u0131\u015ft\u0131r\u0131c\u0131 bir unisex koku. Meyvemsi, baharatl\u0131 ve odunsu akorlar i\u00e7 i\u00e7e ge\u00e7erek duyular\u0131 mest eder, \u00e7\u00f6l kumlar\u0131na yaz\u0131lm\u0131\u015f ve gizemle \u00f6rt\u00fclm\u00fc\u015f bin y\u0131ll\u0131k bir tarihin cazibesinden ilham alan bir kokunun karma\u015f\u0131kl\u0131\u011f\u0131yla onlara meydan okur.<\/p>\n<p><strong>Koku piramidi<\/strong><\/p>\n<ul>\n<li>Ba\u015f nota: Elma, Bergamot, Siyah Frenk \u00dcz\u00fcm\u00fc, \u015eekerlenmi\u015f Meyveler, Kakule, Tar\u00e7\u0131n, Hindistan Cevizi, Kahve, Kimyon, \u015eam G\u00fcl\u00fc, Kuru Meyveler, \u015eeftali, Biber, Ananas, Pembe Biber, Baharatl\u0131 notalar, \u00c7ilek, Tatl\u0131 Portakal<\/li>\n<li>Kalp notas\u0131: Agarwood (Oud), Amyris, Sedir a\u011fac\u0131, Ki\u015fni\u015f, Cypriol Ya\u011f\u0131 veya Nagarmotha, \u0130ris, Yasemin, Vadideki Zambak, G\u00fcl, Safran, Sandal a\u011fac\u0131, Menek\u015fe<\/li>\n<li>Dip nota: Amber, Ambergris, Civet, Guaiac Wood, T\u00fcts\u00fc, Labdanum, Deri, Yosun, Me\u015fe Yosunu, Pa\u00e7uli, Peru Balsam\u0131, Sandal A\u011fac\u0131, Duman, Tolu Balsam\u0131, Vanilya, Vetiver, Beyaz Misk<\/li>\n<\/ul>\n<p><img loading=\"lazy\" decoding=\"async\" class=\"alignleft size-full wp-image-22344\" src=\"https:\/\/enelyashop.com\/wp-content\/uploads\/2024\/11\/Ekran-Resmi-2024-11-30-06.39.23.png\" alt=\"\" width=\"1202\" height=\"690\" srcset=\"https:\/\/enelyashop.com\/wp-content\/uploads\/2024\/11\/Ekran-Resmi-2024-11-30-06.39.23.png 1202w, https:\/\/enelyashop.com\/wp-content\/uploads\/2024\/11\/Ekran-Resmi-2024-11-30-06.39.23-300x172.png 300w, https:\/\/enelyashop.com\/wp-content\/uploads\/2024\/11\/Ekran-Resmi-2024-11-30-06.39.23-1024x588.png 1024w, https:\/\/enelyashop.com\/wp-content\/uploads\/2024\/11\/Ekran-Resmi-2024-11-30-06.39.23-768x441.png 768w, https:\/\/enelyashop.com\/wp-content\/uploads\/2024\/11\/Ekran-Resmi-2024-11-30-06.39.23-18x10.png 18w, https:\/\/enelyashop.com\/wp-content\/uploads\/2024\/11\/Ekran-Resmi-2024-11-30-06.39.23-750x431.png 750w, https:\/\/enelyashop.com\/wp-content\/uploads\/2024\/11\/Ekran-Resmi-2024-11-30-06.39.23-540x310.png 540w, https:\/\/enelyashop.com\/wp-content\/uploads\/2024\/11\/Ekran-Resmi-2024-11-30-06.39.23-1000x574.png 1000w, https:\/\/enelyashop.com\/wp-content\/uploads\/2024\/11\/Ekran-Resmi-2024-11-30-06.39.23-100x57.png 100w\" sizes=\"auto, (max-width: 1202px) 100vw, 1202px\" \/><\/p>","protected":false},"featured_media":21765,"template":"elementor_theme","meta":{"_joinchat":[]},"product_brand":[],"product_cat":[66,71],"product_tag":[],"class_list":{"0":"post-21791","1":"product","2":"type-product","3":"status-publish","4":"has-post-thumbnail","6":"product_cat-perfume","7":"product_cat-unisex","10":"instock","11":"shipping-taxable","12":"purchasable","13":"product-type-simple","14":"product-grid-view"},"_links":{"self":[{"href":"https:\/\/enelyashop.com\/tr\/wp-json\/wp\/v2\/product\/21791","targetHints":{"allow":["GET"]}}],"collection":[{"href":"https:\/\/enelyashop.com\/tr\/wp-json\/wp\/v2\/product"}],"about":[{"href":"https:\/\/enelyashop.com\/tr\/wp-json\/wp\/v2\/types\/product"}],"version-history":[{"count":4,"href":"https:\/\/enelyashop.com\/tr\/wp-json\/wp\/v2\/product\/21791\/revisions"}],"predecessor-version":[{"id":22395,"href":"https:\/\/enelyashop.com\/tr\/wp-json\/wp\/v2\/product\/21791\/revisions\/22395"}],"wp:featuredmedia":[{"embeddable":true,"href":"https:\/\/enelyashop.com\/tr\/wp-json\/wp\/v2\/media\/21765"}],"wp:attachment":[{"href":"https:\/\/enelyashop.com\/tr\/wp-json\/wp\/v2\/media?parent=21791"}],"wp:term":[{"taxonomy":"product_brand","embeddable":true,"href":"https:\/\/enelyashop.com\/tr\/wp-json\/wp\/v2\/product_brand?post=21791"},{"taxonomy":"product_cat","embeddable":true,"href":"https:\/\/enelyashop.com\/tr\/wp-json\/wp\/v2\/product_cat?post=21791"},{"taxonomy":"product_tag","embeddable":true,"href":"https:\/\/enelyashop.com\/tr\/wp-json\/wp\/v2\/product_tag?post=21791"}],"curies":[{"name":"wp","href":"https:\/\/api.w.org\/{rel}","templated":true}]}}