{"id":21785,"date":"2024-11-27T17:07:36","date_gmt":"2024-11-27T16:07:36","guid":{"rendered":"https:\/\/enelyashop.com\/?post_type=product&#038;p=21785"},"modified":"2025-01-19T03:33:20","modified_gmt":"2025-01-19T02:33:20","slug":"luks-unisex-parfum-30-esans-50-ml-2","status":"publish","type":"product","link":"https:\/\/enelyashop.com\/tr\/urun\/luks-unisex-parfum-30-esans-50-ml-2\/","title":{"rendered":"134 30% esansl\u0131 L\u00fcks Unisex Parf\u00fcm - 50 ml"},"content":{"rendered":"","protected":false},"excerpt":{"rendered":"<p class=\"text-justify\">Sulu \u015eeftalinin, Yasemin'in \u00e7i\u00e7eksi ipu\u00e7lar\u0131n\u0131 Rom ve Konyak'\u0131n alkoll\u00fc notalar\u0131yla birle\u015ftiren kalbe kat\u0131ld\u0131\u011f\u0131 ba\u015f d\u00f6nd\u00fcr\u00fcc\u00fc, s\u0131cak ve meyveli bir koku. Pa\u00e7uli, Sandal A\u011fac\u0131, Ka\u015fmeran ve Vetiver'den olu\u015fan son dalga, Vanilya ve Tonka Fasulyesi'nin tatl\u0131 notalar\u0131yla kar\u0131\u015farak duyular\u0131 b\u00fcy\u00fcl\u00fcyor.<\/p>\n<p><strong>Koku piramidi<\/strong><\/p>\n<ul>\n<li>Ba\u015f nota: Kan Portakal\u0131, Kakule, Heliotrope, \u015eeftali<\/li>\n<li>Kalp notas\u0131: Konyak, Davana, Yasemin, Rom<\/li>\n<li>Temel nota: Benzoin, Ka\u015fmeran, Labdan, Pa\u00e7uli, Sandal A\u011fac\u0131, Styrax, Tonka Fasulyesi, Vanilya, Vetive<\/li>\n<\/ul>\n<p><img loading=\"lazy\" decoding=\"async\" class=\"alignleft wp-image-22274 size-full\" src=\"https:\/\/enelyashop.com\/wp-content\/uploads\/2024\/11\/Ekran-Resmi-2024-11-30-05.24.58.png\" alt=\"\" width=\"732\" height=\"552\" srcset=\"https:\/\/enelyashop.com\/wp-content\/uploads\/2024\/11\/Ekran-Resmi-2024-11-30-05.24.58.png 732w, https:\/\/enelyashop.com\/wp-content\/uploads\/2024\/11\/Ekran-Resmi-2024-11-30-05.24.58-300x226.png 300w, https:\/\/enelyashop.com\/wp-content\/uploads\/2024\/11\/Ekran-Resmi-2024-11-30-05.24.58-16x12.png 16w, https:\/\/enelyashop.com\/wp-content\/uploads\/2024\/11\/Ekran-Resmi-2024-11-30-05.24.58-540x407.png 540w, https:\/\/enelyashop.com\/wp-content\/uploads\/2024\/11\/Ekran-Resmi-2024-11-30-05.24.58-100x75.png 100w\" sizes=\"auto, (max-width: 732px) 100vw, 732px\" \/><\/p>","protected":false},"featured_media":21783,"template":"elementor_theme","meta":{"_joinchat":[]},"product_brand":[],"product_cat":[73,66,71],"product_tag":[],"class_list":{"0":"post-21785","1":"product","2":"type-product","3":"status-publish","4":"has-post-thumbnail","6":"product_cat-luxury","7":"product_cat-perfume","8":"product_cat-unisex","11":"instock","12":"shipping-taxable","13":"purchasable","14":"product-type-simple","15":"product-grid-view"},"_links":{"self":[{"href":"https:\/\/enelyashop.com\/tr\/wp-json\/wp\/v2\/product\/21785","targetHints":{"allow":["GET"]}}],"collection":[{"href":"https:\/\/enelyashop.com\/tr\/wp-json\/wp\/v2\/product"}],"about":[{"href":"https:\/\/enelyashop.com\/tr\/wp-json\/wp\/v2\/types\/product"}],"version-history":[{"count":6,"href":"https:\/\/enelyashop.com\/tr\/wp-json\/wp\/v2\/product\/21785\/revisions"}],"predecessor-version":[{"id":22398,"href":"https:\/\/enelyashop.com\/tr\/wp-json\/wp\/v2\/product\/21785\/revisions\/22398"}],"wp:featuredmedia":[{"embeddable":true,"href":"https:\/\/enelyashop.com\/tr\/wp-json\/wp\/v2\/media\/21783"}],"wp:attachment":[{"href":"https:\/\/enelyashop.com\/tr\/wp-json\/wp\/v2\/media?parent=21785"}],"wp:term":[{"taxonomy":"product_brand","embeddable":true,"href":"https:\/\/enelyashop.com\/tr\/wp-json\/wp\/v2\/product_brand?post=21785"},{"taxonomy":"product_cat","embeddable":true,"href":"https:\/\/enelyashop.com\/tr\/wp-json\/wp\/v2\/product_cat?post=21785"},{"taxonomy":"product_tag","embeddable":true,"href":"https:\/\/enelyashop.com\/tr\/wp-json\/wp\/v2\/product_tag?post=21785"}],"curies":[{"name":"wp","href":"https:\/\/api.w.org\/{rel}","templated":true}]}}