{"id":21778,"date":"2024-11-27T17:03:30","date_gmt":"2024-11-27T16:03:30","guid":{"rendered":"https:\/\/enelyashop.com\/?post_type=product&#038;p=21778"},"modified":"2025-01-19T03:33:48","modified_gmt":"2025-01-19T02:33:48","slug":"unisex-luks-parfum-30-esans-50-ml-6","status":"publish","type":"product","link":"https:\/\/enelyashop.com\/tr\/urun\/unisex-luks-parfum-30-esans-50-ml-6\/","title":{"rendered":"30% esansl\u0131 128 Unisex L\u00fcks Parf\u00fcm - 50 ml"},"content":{"rendered":"","protected":false},"excerpt":{"rendered":"<p class=\"text-justify\">Z\u0131tl\u0131klarla dolu, ba\u015ftan \u00e7\u0131kar\u0131c\u0131, kar\u015f\u0131 konulmaz bir parf\u00fcm. Koku, taze narenciye notalar\u0131 ve yo\u011fun Rom, M\u00fcr ve Olibanum notalar\u0131 ile a\u00e7\u0131l\u0131r. Kalp k\u0131sm\u0131 Nergis, Frangipani ve G\u00fcl'\u00fcn \u00e7i\u00e7eksi kokular\u0131n\u0131 Kahve ve Arpa'n\u0131n derin notalar\u0131 ile birle\u015ftirir. Son olarak, alt k\u0131s\u0131m duyular\u0131 T\u00fct\u00fcn, S\u00fcet ve Me\u015fe Yosununun kal\u0131c\u0131 ipu\u00e7lar\u0131yla sarar.<\/p>\n<p><strong>Koku piramidi<\/strong><\/p>\n<ul>\n<li>Ba\u015f nota: Ki\u015fni\u015f, Misket Limonu, M\u00fcr, Olibanum (Frankincense), Portakal, Rom, Safran<\/li>\n<li>Kalp notas\u0131: Artemisia, Arpa, Kahve, Frangipani, Nergis, Erik, G\u00fcl<\/li>\n<li>Temel nota: Maun, Me\u015fe Yosunu, Pa\u00e7uli, S\u00fcet, T\u00fct\u00fcn \u00c7i\u00e7e\u011fi, Vanilya, Menek\u015fe<\/li>\n<\/ul>\n<p><img loading=\"lazy\" decoding=\"async\" class=\"alignnone wp-image-22279 size-full\" src=\"https:\/\/enelyashop.com\/wp-content\/uploads\/2024\/11\/Ekran-Resmi-2024-11-30-05.44.27.png\" alt=\"\" width=\"998\" height=\"818\" srcset=\"https:\/\/enelyashop.com\/wp-content\/uploads\/2024\/11\/Ekran-Resmi-2024-11-30-05.44.27.png 998w, https:\/\/enelyashop.com\/wp-content\/uploads\/2024\/11\/Ekran-Resmi-2024-11-30-05.44.27-300x246.png 300w, https:\/\/enelyashop.com\/wp-content\/uploads\/2024\/11\/Ekran-Resmi-2024-11-30-05.44.27-768x629.png 768w, https:\/\/enelyashop.com\/wp-content\/uploads\/2024\/11\/Ekran-Resmi-2024-11-30-05.44.27-15x12.png 15w, https:\/\/enelyashop.com\/wp-content\/uploads\/2024\/11\/Ekran-Resmi-2024-11-30-05.44.27-750x615.png 750w, https:\/\/enelyashop.com\/wp-content\/uploads\/2024\/11\/Ekran-Resmi-2024-11-30-05.44.27-540x443.png 540w, https:\/\/enelyashop.com\/wp-content\/uploads\/2024\/11\/Ekran-Resmi-2024-11-30-05.44.27-100x82.png 100w\" sizes=\"auto, (max-width: 998px) 100vw, 998px\" \/><\/p>","protected":false},"featured_media":21765,"template":"elementor_theme","meta":{"_joinchat":[]},"product_brand":[],"product_cat":[73,66,71],"product_tag":[],"class_list":{"0":"post-21778","1":"product","2":"type-product","3":"status-publish","4":"has-post-thumbnail","6":"product_cat-luxury","7":"product_cat-perfume","8":"product_cat-unisex","11":"instock","12":"shipping-taxable","13":"purchasable","14":"product-type-simple","15":"product-grid-view"},"_links":{"self":[{"href":"https:\/\/enelyashop.com\/tr\/wp-json\/wp\/v2\/product\/21778","targetHints":{"allow":["GET"]}}],"collection":[{"href":"https:\/\/enelyashop.com\/tr\/wp-json\/wp\/v2\/product"}],"about":[{"href":"https:\/\/enelyashop.com\/tr\/wp-json\/wp\/v2\/types\/product"}],"version-history":[{"count":4,"href":"https:\/\/enelyashop.com\/tr\/wp-json\/wp\/v2\/product\/21778\/revisions"}],"predecessor-version":[{"id":22401,"href":"https:\/\/enelyashop.com\/tr\/wp-json\/wp\/v2\/product\/21778\/revisions\/22401"}],"wp:featuredmedia":[{"embeddable":true,"href":"https:\/\/enelyashop.com\/tr\/wp-json\/wp\/v2\/media\/21765"}],"wp:attachment":[{"href":"https:\/\/enelyashop.com\/tr\/wp-json\/wp\/v2\/media?parent=21778"}],"wp:term":[{"taxonomy":"product_brand","embeddable":true,"href":"https:\/\/enelyashop.com\/tr\/wp-json\/wp\/v2\/product_brand?post=21778"},{"taxonomy":"product_cat","embeddable":true,"href":"https:\/\/enelyashop.com\/tr\/wp-json\/wp\/v2\/product_cat?post=21778"},{"taxonomy":"product_tag","embeddable":true,"href":"https:\/\/enelyashop.com\/tr\/wp-json\/wp\/v2\/product_tag?post=21778"}],"curies":[{"name":"wp","href":"https:\/\/api.w.org\/{rel}","templated":true}]}}