{"id":21776,"date":"2024-11-27T17:02:06","date_gmt":"2024-11-27T16:02:06","guid":{"rendered":"https:\/\/enelyashop.com\/?post_type=product&#038;p=21776"},"modified":"2025-01-19T03:34:02","modified_gmt":"2025-01-19T02:34:02","slug":"unisex-luks-parfum-30-esans-50-ml-5","status":"publish","type":"product","link":"https:\/\/enelyashop.com\/tr\/urun\/unisex-luks-parfum-30-esans-50-ml-5\/","title":{"rendered":"127 30% esansl\u0131 Unisex L\u00fcks Parf\u00fcm - 50 ml"},"content":{"rendered":"","protected":false},"excerpt":{"rendered":"<p class=\"text-justify\">Agarwood'un de\u011ferli kokusuyla karakterize edilen nadir ve egzotik bir parf\u00fcm. Sichuan Biberi, Kakule ve s\u0131cak odunsu notalar\u0131n baharatl\u0131 notalar\u0131 ile a\u00e7\u0131l\u0131r. Kalbinde Agar A\u011fac\u0131, Sandal A\u011fac\u0131 ve Vetiver notalar\u0131 bulunur. Kar\u015f\u0131 konulmaz baz, Vanilya, Tonka Fasulyesi ve \u015fehvetli Amber dokunu\u015funun tatl\u0131 notalar\u0131yla zenginle\u015ftirilmi\u015ftir.<\/p>\n<p><strong>Koku piramidi<\/strong><\/p>\n<ul>\n<li>Ba\u015f nota: Kakule, Sichuan Biberi<\/li>\n<li>Kalp notas\u0131: Agarwood (Oud), Brezilya G\u00fcl A\u011fac\u0131, Sandal A\u011fac\u0131, Vetiver<\/li>\n<li>Temel nota: Amber, Tonka Fasulyesi, Vanilya<\/li>\n<\/ul>\n<p><img loading=\"lazy\" decoding=\"async\" class=\"alignleft wp-image-22281 size-full\" src=\"https:\/\/enelyashop.com\/wp-content\/uploads\/2024\/11\/Ekran-Resmi-2024-11-30-05.48.32.png\" alt=\"\" width=\"998\" height=\"530\" srcset=\"https:\/\/enelyashop.com\/wp-content\/uploads\/2024\/11\/Ekran-Resmi-2024-11-30-05.48.32.png 998w, https:\/\/enelyashop.com\/wp-content\/uploads\/2024\/11\/Ekran-Resmi-2024-11-30-05.48.32-300x159.png 300w, https:\/\/enelyashop.com\/wp-content\/uploads\/2024\/11\/Ekran-Resmi-2024-11-30-05.48.32-768x408.png 768w, https:\/\/enelyashop.com\/wp-content\/uploads\/2024\/11\/Ekran-Resmi-2024-11-30-05.48.32-18x10.png 18w, https:\/\/enelyashop.com\/wp-content\/uploads\/2024\/11\/Ekran-Resmi-2024-11-30-05.48.32-750x398.png 750w, https:\/\/enelyashop.com\/wp-content\/uploads\/2024\/11\/Ekran-Resmi-2024-11-30-05.48.32-540x287.png 540w, https:\/\/enelyashop.com\/wp-content\/uploads\/2024\/11\/Ekran-Resmi-2024-11-30-05.48.32-100x53.png 100w\" sizes=\"auto, (max-width: 998px) 100vw, 998px\" \/><\/p>","protected":false},"featured_media":21765,"template":"elementor_theme","meta":{"_joinchat":[]},"product_brand":[],"product_cat":[73,66,71],"product_tag":[],"class_list":{"0":"post-21776","1":"product","2":"type-product","3":"status-publish","4":"has-post-thumbnail","6":"product_cat-luxury","7":"product_cat-perfume","8":"product_cat-unisex","11":"instock","12":"shipping-taxable","13":"purchasable","14":"product-type-simple","15":"product-grid-view"},"_links":{"self":[{"href":"https:\/\/enelyashop.com\/tr\/wp-json\/wp\/v2\/product\/21776","targetHints":{"allow":["GET"]}}],"collection":[{"href":"https:\/\/enelyashop.com\/tr\/wp-json\/wp\/v2\/product"}],"about":[{"href":"https:\/\/enelyashop.com\/tr\/wp-json\/wp\/v2\/types\/product"}],"version-history":[{"count":4,"href":"https:\/\/enelyashop.com\/tr\/wp-json\/wp\/v2\/product\/21776\/revisions"}],"predecessor-version":[{"id":22402,"href":"https:\/\/enelyashop.com\/tr\/wp-json\/wp\/v2\/product\/21776\/revisions\/22402"}],"wp:featuredmedia":[{"embeddable":true,"href":"https:\/\/enelyashop.com\/tr\/wp-json\/wp\/v2\/media\/21765"}],"wp:attachment":[{"href":"https:\/\/enelyashop.com\/tr\/wp-json\/wp\/v2\/media?parent=21776"}],"wp:term":[{"taxonomy":"product_brand","embeddable":true,"href":"https:\/\/enelyashop.com\/tr\/wp-json\/wp\/v2\/product_brand?post=21776"},{"taxonomy":"product_cat","embeddable":true,"href":"https:\/\/enelyashop.com\/tr\/wp-json\/wp\/v2\/product_cat?post=21776"},{"taxonomy":"product_tag","embeddable":true,"href":"https:\/\/enelyashop.com\/tr\/wp-json\/wp\/v2\/product_tag?post=21776"}],"curies":[{"name":"wp","href":"https:\/\/api.w.org\/{rel}","templated":true}]}}