{"id":21774,"date":"2024-11-27T17:00:51","date_gmt":"2024-11-27T16:00:51","guid":{"rendered":"https:\/\/enelyashop.com\/?post_type=product&#038;p=21774"},"modified":"2025-01-19T03:34:13","modified_gmt":"2025-01-19T02:34:13","slug":"unisex-luks-parfum-30-esans-50-ml-4","status":"publish","type":"product","link":"https:\/\/enelyashop.com\/tr\/urun\/unisex-luks-parfum-30-esans-50-ml-4\/","title":{"rendered":"126 30% esansl\u0131 Unisex L\u00fcks Parf\u00fcm - 50 ml"},"content":{"rendered":"","protected":false},"excerpt":{"rendered":"<p class=\"text-justify\">Uzak, g\u00fcne\u015fli adalar\u0131 an\u0131msatan bir koku. Kokunun a\u00e7\u0131l\u0131\u015f\u0131nda Kakule ve Pembe Biber'in baharatl\u0131 notalar\u0131 Bergamot'un taze kokusuyla birle\u015fiyor. Yasemin, S\u00fcmb\u00fclteber ve Ylang-Ylang \u00e7i\u00e7eksi duygusall\u0131klar\u0131yla kokunun kalbini olu\u015fturuyor. L\u00fcks baz ise Benzoin, Tonka Fasulyesi, Amber ve Hindistan Cevizi notalar\u0131n\u0131 bir araya getiriyor.<\/p>\n<p><strong>Koku piramidi<\/strong><\/p>\n<ul>\n<li>Ba\u015f nota: Bergamot, Kakule, Pembe Biber, Antep F\u0131st\u0131\u011f\u0131<\/li>\n<li>Kalp notas\u0131: Yasemin, S\u00fcmb\u00fclteber, Ylang-Ylang<\/li>\n<li>Temel nota: Amber, Benzoin, Hindistan Cevizi, Tonka Fasulyesi<\/li>\n<\/ul>\n<p><img loading=\"lazy\" decoding=\"async\" class=\"alignleft wp-image-22283 size-full\" src=\"https:\/\/enelyashop.com\/wp-content\/uploads\/2024\/11\/Ekran-Resmi-2024-11-30-05.49.43.png\" alt=\"\" width=\"998\" height=\"664\" srcset=\"https:\/\/enelyashop.com\/wp-content\/uploads\/2024\/11\/Ekran-Resmi-2024-11-30-05.49.43.png 998w, https:\/\/enelyashop.com\/wp-content\/uploads\/2024\/11\/Ekran-Resmi-2024-11-30-05.49.43-300x200.png 300w, https:\/\/enelyashop.com\/wp-content\/uploads\/2024\/11\/Ekran-Resmi-2024-11-30-05.49.43-768x511.png 768w, https:\/\/enelyashop.com\/wp-content\/uploads\/2024\/11\/Ekran-Resmi-2024-11-30-05.49.43-18x12.png 18w, https:\/\/enelyashop.com\/wp-content\/uploads\/2024\/11\/Ekran-Resmi-2024-11-30-05.49.43-600x400.png 600w, https:\/\/enelyashop.com\/wp-content\/uploads\/2024\/11\/Ekran-Resmi-2024-11-30-05.49.43-750x499.png 750w, https:\/\/enelyashop.com\/wp-content\/uploads\/2024\/11\/Ekran-Resmi-2024-11-30-05.49.43-540x359.png 540w, https:\/\/enelyashop.com\/wp-content\/uploads\/2024\/11\/Ekran-Resmi-2024-11-30-05.49.43-100x67.png 100w\" sizes=\"auto, (max-width: 998px) 100vw, 998px\" \/><\/p>","protected":false},"featured_media":21765,"template":"elementor_theme","meta":{"_joinchat":[]},"product_brand":[],"product_cat":[73,66,71],"product_tag":[],"class_list":{"0":"post-21774","1":"product","2":"type-product","3":"status-publish","4":"has-post-thumbnail","6":"product_cat-luxury","7":"product_cat-perfume","8":"product_cat-unisex","11":"instock","12":"shipping-taxable","13":"purchasable","14":"product-type-simple","15":"product-grid-view"},"_links":{"self":[{"href":"https:\/\/enelyashop.com\/tr\/wp-json\/wp\/v2\/product\/21774","targetHints":{"allow":["GET"]}}],"collection":[{"href":"https:\/\/enelyashop.com\/tr\/wp-json\/wp\/v2\/product"}],"about":[{"href":"https:\/\/enelyashop.com\/tr\/wp-json\/wp\/v2\/types\/product"}],"version-history":[{"count":4,"href":"https:\/\/enelyashop.com\/tr\/wp-json\/wp\/v2\/product\/21774\/revisions"}],"predecessor-version":[{"id":22403,"href":"https:\/\/enelyashop.com\/tr\/wp-json\/wp\/v2\/product\/21774\/revisions\/22403"}],"wp:featuredmedia":[{"embeddable":true,"href":"https:\/\/enelyashop.com\/tr\/wp-json\/wp\/v2\/media\/21765"}],"wp:attachment":[{"href":"https:\/\/enelyashop.com\/tr\/wp-json\/wp\/v2\/media?parent=21774"}],"wp:term":[{"taxonomy":"product_brand","embeddable":true,"href":"https:\/\/enelyashop.com\/tr\/wp-json\/wp\/v2\/product_brand?post=21774"},{"taxonomy":"product_cat","embeddable":true,"href":"https:\/\/enelyashop.com\/tr\/wp-json\/wp\/v2\/product_cat?post=21774"},{"taxonomy":"product_tag","embeddable":true,"href":"https:\/\/enelyashop.com\/tr\/wp-json\/wp\/v2\/product_tag?post=21774"}],"curies":[{"name":"wp","href":"https:\/\/api.w.org\/{rel}","templated":true}]}}