{"id":21772,"date":"2024-11-27T16:59:52","date_gmt":"2024-11-27T15:59:52","guid":{"rendered":"https:\/\/enelyashop.com\/?post_type=product&#038;p=21772"},"modified":"2025-01-19T03:34:25","modified_gmt":"2025-01-19T02:34:25","slug":"unisex-luks-parfum-30-esans-50-ml-3","status":"publish","type":"product","link":"https:\/\/enelyashop.com\/tr\/urun\/unisex-luks-parfum-30-esans-50-ml-3\/","title":{"rendered":"124 30% esansl\u0131 Unisex L\u00fcks Parf\u00fcm - 50 ml"},"content":{"rendered":"","protected":false},"excerpt":{"rendered":"<p class=\"text-justify\">Kokular\u0131yla evreni anlatabilen ve kucaklayabilen dizginlenemez bir koku. S\u0131n\u0131r tan\u0131mayan, hem erkekler hem de kad\u0131nlar i\u00e7in m\u00fckemmel bir koku. Her \u015feyin olu\u015funu, zaman\u0131n ge\u00e7i\u015fini yakalayan derin, karanl\u0131k ve b\u00fcy\u00fcleyici bir karaktere sahip bir parf\u00fcm.<\/p>\n<p><strong>Koku piramidi<\/strong><\/p>\n<ul>\n<li>Ba\u015f nota: Kakao Kaps\u00fcl\u00fc<\/li>\n<li>Kalp notas\u0131: Ambergris<\/li>\n<li>Temel nota: Badem<\/li>\n<\/ul>\n<p><img loading=\"lazy\" decoding=\"async\" class=\"alignleft wp-image-22285 size-full\" src=\"https:\/\/enelyashop.com\/wp-content\/uploads\/2024\/11\/Ekran-Resmi-2024-11-30-05.51.04.png\" alt=\"\" width=\"998\" height=\"664\" srcset=\"https:\/\/enelyashop.com\/wp-content\/uploads\/2024\/11\/Ekran-Resmi-2024-11-30-05.51.04.png 998w, https:\/\/enelyashop.com\/wp-content\/uploads\/2024\/11\/Ekran-Resmi-2024-11-30-05.51.04-300x200.png 300w, https:\/\/enelyashop.com\/wp-content\/uploads\/2024\/11\/Ekran-Resmi-2024-11-30-05.51.04-768x511.png 768w, https:\/\/enelyashop.com\/wp-content\/uploads\/2024\/11\/Ekran-Resmi-2024-11-30-05.51.04-18x12.png 18w, https:\/\/enelyashop.com\/wp-content\/uploads\/2024\/11\/Ekran-Resmi-2024-11-30-05.51.04-600x400.png 600w, https:\/\/enelyashop.com\/wp-content\/uploads\/2024\/11\/Ekran-Resmi-2024-11-30-05.51.04-750x499.png 750w, https:\/\/enelyashop.com\/wp-content\/uploads\/2024\/11\/Ekran-Resmi-2024-11-30-05.51.04-540x359.png 540w, https:\/\/enelyashop.com\/wp-content\/uploads\/2024\/11\/Ekran-Resmi-2024-11-30-05.51.04-100x67.png 100w\" sizes=\"auto, (max-width: 998px) 100vw, 998px\" \/><\/p>","protected":false},"featured_media":21765,"template":"elementor_theme","meta":{"_joinchat":[]},"product_brand":[],"product_cat":[73,66,71],"product_tag":[],"class_list":{"0":"post-21772","1":"product","2":"type-product","3":"status-publish","4":"has-post-thumbnail","6":"product_cat-luxury","7":"product_cat-perfume","8":"product_cat-unisex","11":"instock","12":"shipping-taxable","13":"purchasable","14":"product-type-simple","15":"product-grid-view"},"_links":{"self":[{"href":"https:\/\/enelyashop.com\/tr\/wp-json\/wp\/v2\/product\/21772","targetHints":{"allow":["GET"]}}],"collection":[{"href":"https:\/\/enelyashop.com\/tr\/wp-json\/wp\/v2\/product"}],"about":[{"href":"https:\/\/enelyashop.com\/tr\/wp-json\/wp\/v2\/types\/product"}],"version-history":[{"count":4,"href":"https:\/\/enelyashop.com\/tr\/wp-json\/wp\/v2\/product\/21772\/revisions"}],"predecessor-version":[{"id":22404,"href":"https:\/\/enelyashop.com\/tr\/wp-json\/wp\/v2\/product\/21772\/revisions\/22404"}],"wp:featuredmedia":[{"embeddable":true,"href":"https:\/\/enelyashop.com\/tr\/wp-json\/wp\/v2\/media\/21765"}],"wp:attachment":[{"href":"https:\/\/enelyashop.com\/tr\/wp-json\/wp\/v2\/media?parent=21772"}],"wp:term":[{"taxonomy":"product_brand","embeddable":true,"href":"https:\/\/enelyashop.com\/tr\/wp-json\/wp\/v2\/product_brand?post=21772"},{"taxonomy":"product_cat","embeddable":true,"href":"https:\/\/enelyashop.com\/tr\/wp-json\/wp\/v2\/product_cat?post=21772"},{"taxonomy":"product_tag","embeddable":true,"href":"https:\/\/enelyashop.com\/tr\/wp-json\/wp\/v2\/product_tag?post=21772"}],"curies":[{"name":"wp","href":"https:\/\/api.w.org\/{rel}","templated":true}]}}