{"id":21770,"date":"2024-11-27T16:59:03","date_gmt":"2024-11-27T15:59:03","guid":{"rendered":"https:\/\/enelyashop.com\/?post_type=product&#038;p=21770"},"modified":"2025-01-19T03:34:44","modified_gmt":"2025-01-19T02:34:44","slug":"onun-icin-30-esansli-luks-parfum-50-ml","status":"publish","type":"product","link":"https:\/\/enelyashop.com\/tr\/urun\/onun-icin-30-esansli-luks-parfum-50-ml\/","title":{"rendered":"30% esansl\u0131 123 Luxury Perfume For Her - 50 ml"},"content":{"rendered":"","protected":false},"excerpt":{"rendered":"<p class=\"text-justify\">Narin, masum notalar\u0131 daha \u015fehvetli kokularla birle\u015ftiren saf duygusall\u0131\u011f\u0131n \u00f6z\u00fc.<br \/>\nUtanga\u00e7 ama \u015fehvetli kad\u0131nlar i\u00e7in tasarland\u0131, sa\u011fduyulu ama ayn\u0131 zamanda ba\u015ftan \u00e7\u0131kar\u0131c\u0131.<\/p>\n<p><strong>Koku piramidi<\/strong><\/p>\n<ul>\n<li>Ba\u015f nota: Yasemin, Osmanthus, G\u00fcl<\/li>\n<li>Kalp notas\u0131: Nergis, S\u00fcmb\u00fclteber<\/li>\n<\/ul>\n<p><img loading=\"lazy\" decoding=\"async\" class=\"alignleft wp-image-22287 size-full\" src=\"https:\/\/enelyashop.com\/wp-content\/uploads\/2024\/11\/Ekran-Resmi-2024-11-30-05.53.48.png\" alt=\"\" width=\"984\" height=\"706\" srcset=\"https:\/\/enelyashop.com\/wp-content\/uploads\/2024\/11\/Ekran-Resmi-2024-11-30-05.53.48.png 984w, https:\/\/enelyashop.com\/wp-content\/uploads\/2024\/11\/Ekran-Resmi-2024-11-30-05.53.48-300x215.png 300w, https:\/\/enelyashop.com\/wp-content\/uploads\/2024\/11\/Ekran-Resmi-2024-11-30-05.53.48-768x551.png 768w, https:\/\/enelyashop.com\/wp-content\/uploads\/2024\/11\/Ekran-Resmi-2024-11-30-05.53.48-18x12.png 18w, https:\/\/enelyashop.com\/wp-content\/uploads\/2024\/11\/Ekran-Resmi-2024-11-30-05.53.48-750x538.png 750w, https:\/\/enelyashop.com\/wp-content\/uploads\/2024\/11\/Ekran-Resmi-2024-11-30-05.53.48-540x387.png 540w, https:\/\/enelyashop.com\/wp-content\/uploads\/2024\/11\/Ekran-Resmi-2024-11-30-05.53.48-100x72.png 100w\" sizes=\"auto, (max-width: 984px) 100vw, 984px\" \/><\/p>\n<ul>\n<li>Temel nota: Amber, Sedir<\/li>\n<\/ul>","protected":false},"featured_media":21762,"template":"elementor_theme","meta":{"_joinchat":[]},"product_brand":[],"product_cat":[73,66,69],"product_tag":[],"class_list":{"0":"post-21770","1":"product","2":"type-product","3":"status-publish","4":"has-post-thumbnail","6":"product_cat-luxury","7":"product_cat-perfume","8":"product_cat-woman","11":"instock","12":"shipping-taxable","13":"purchasable","14":"product-type-simple","15":"product-grid-view"},"_links":{"self":[{"href":"https:\/\/enelyashop.com\/tr\/wp-json\/wp\/v2\/product\/21770","targetHints":{"allow":["GET"]}}],"collection":[{"href":"https:\/\/enelyashop.com\/tr\/wp-json\/wp\/v2\/product"}],"about":[{"href":"https:\/\/enelyashop.com\/tr\/wp-json\/wp\/v2\/types\/product"}],"version-history":[{"count":5,"href":"https:\/\/enelyashop.com\/tr\/wp-json\/wp\/v2\/product\/21770\/revisions"}],"predecessor-version":[{"id":22406,"href":"https:\/\/enelyashop.com\/tr\/wp-json\/wp\/v2\/product\/21770\/revisions\/22406"}],"wp:featuredmedia":[{"embeddable":true,"href":"https:\/\/enelyashop.com\/tr\/wp-json\/wp\/v2\/media\/21762"}],"wp:attachment":[{"href":"https:\/\/enelyashop.com\/tr\/wp-json\/wp\/v2\/media?parent=21770"}],"wp:term":[{"taxonomy":"product_brand","embeddable":true,"href":"https:\/\/enelyashop.com\/tr\/wp-json\/wp\/v2\/product_brand?post=21770"},{"taxonomy":"product_cat","embeddable":true,"href":"https:\/\/enelyashop.com\/tr\/wp-json\/wp\/v2\/product_cat?post=21770"},{"taxonomy":"product_tag","embeddable":true,"href":"https:\/\/enelyashop.com\/tr\/wp-json\/wp\/v2\/product_tag?post=21770"}],"curies":[{"name":"wp","href":"https:\/\/api.w.org\/{rel}","templated":true}]}}