{"id":21764,"date":"2024-11-27T16:56:47","date_gmt":"2024-11-27T15:56:47","guid":{"rendered":"https:\/\/enelyashop.com\/?post_type=product&#038;p=21764"},"modified":"2025-01-30T02:25:44","modified_gmt":"2025-01-30T01:25:44","slug":"luks-unisex-parfum-30-esans-50-ml","status":"publish","type":"product","link":"https:\/\/enelyashop.com\/tr\/urun\/luks-unisex-parfum-30-esans-50-ml\/","title":{"rendered":"30% esansl\u0131 117 L\u00fcks Unisex Parf\u00fcm - 50 ml"},"content":{"rendered":"","protected":false},"excerpt":{"rendered":"<p class=\"text-justify\">Zengin, s\u0131cak ve ikonik bir koku. Eski bir centilmen kul\u00fcb\u00fcn\u00fcn modern bir an\u0131s\u0131. Anl\u0131k baharatl\u0131 ve otsu notalarla p\u00fcr\u00fczs\u00fcz bir oryantal koku ortaya \u00e7\u0131k\u0131yor. Kalp, T\u00fct\u00fcn \u00c7i\u00e7e\u011fi, Tonka Fasulyesi, Kakao ve Vanilya'n\u0131n zengin esanslar\u0131yla \u00e7\u00f6z\u00fcl\u00fcr. Kuru meyveler ve odunsu notalar kokuyu tamamlar.<\/p>\n<p><strong>Koku piramidi<\/strong><\/p>\n<ul>\n<li>Ba\u015f nota: Baharatlar, T\u00fct\u00fcn \u00c7i\u00e7e\u011fi<\/li>\n<li>Kalp notas\u0131: Kakao \u00c7ekirde\u011fi, Tonka Fasulyesi, Vanilya<\/li>\n<li>Dip nota: Kuru Meyveler, Odunsu Notalar<\/li>\n<\/ul>\n<p><img loading=\"lazy\" decoding=\"async\" class=\"alignleft wp-image-22291 size-full\" src=\"https:\/\/enelyashop.com\/wp-content\/uploads\/2024\/11\/Ekran-Resmi-2024-11-30-05.57.08.png\" alt=\"\" width=\"984\" height=\"672\" srcset=\"https:\/\/enelyashop.com\/wp-content\/uploads\/2024\/11\/Ekran-Resmi-2024-11-30-05.57.08.png 984w, https:\/\/enelyashop.com\/wp-content\/uploads\/2024\/11\/Ekran-Resmi-2024-11-30-05.57.08-300x205.png 300w, https:\/\/enelyashop.com\/wp-content\/uploads\/2024\/11\/Ekran-Resmi-2024-11-30-05.57.08-768x524.png 768w, https:\/\/enelyashop.com\/wp-content\/uploads\/2024\/11\/Ekran-Resmi-2024-11-30-05.57.08-18x12.png 18w, https:\/\/enelyashop.com\/wp-content\/uploads\/2024\/11\/Ekran-Resmi-2024-11-30-05.57.08-750x512.png 750w, https:\/\/enelyashop.com\/wp-content\/uploads\/2024\/11\/Ekran-Resmi-2024-11-30-05.57.08-540x369.png 540w, https:\/\/enelyashop.com\/wp-content\/uploads\/2024\/11\/Ekran-Resmi-2024-11-30-05.57.08-100x68.png 100w\" sizes=\"auto, (max-width: 984px) 100vw, 984px\" \/><\/p>","protected":false},"featured_media":21765,"template":"elementor_theme","meta":{"_joinchat":[]},"product_brand":[],"product_cat":[73,66,71],"product_tag":[],"class_list":{"0":"post-21764","1":"product","2":"type-product","3":"status-publish","4":"has-post-thumbnail","6":"product_cat-luxury","7":"product_cat-perfume","8":"product_cat-unisex","11":"instock","12":"shipping-taxable","13":"purchasable","14":"product-type-simple","15":"product-grid-view"},"_links":{"self":[{"href":"https:\/\/enelyashop.com\/tr\/wp-json\/wp\/v2\/product\/21764","targetHints":{"allow":["GET"]}}],"collection":[{"href":"https:\/\/enelyashop.com\/tr\/wp-json\/wp\/v2\/product"}],"about":[{"href":"https:\/\/enelyashop.com\/tr\/wp-json\/wp\/v2\/types\/product"}],"version-history":[{"count":5,"href":"https:\/\/enelyashop.com\/tr\/wp-json\/wp\/v2\/product\/21764\/revisions"}],"predecessor-version":[{"id":23059,"href":"https:\/\/enelyashop.com\/tr\/wp-json\/wp\/v2\/product\/21764\/revisions\/23059"}],"wp:featuredmedia":[{"embeddable":true,"href":"https:\/\/enelyashop.com\/tr\/wp-json\/wp\/v2\/media\/21765"}],"wp:attachment":[{"href":"https:\/\/enelyashop.com\/tr\/wp-json\/wp\/v2\/media?parent=21764"}],"wp:term":[{"taxonomy":"product_brand","embeddable":true,"href":"https:\/\/enelyashop.com\/tr\/wp-json\/wp\/v2\/product_brand?post=21764"},{"taxonomy":"product_cat","embeddable":true,"href":"https:\/\/enelyashop.com\/tr\/wp-json\/wp\/v2\/product_cat?post=21764"},{"taxonomy":"product_tag","embeddable":true,"href":"https:\/\/enelyashop.com\/tr\/wp-json\/wp\/v2\/product_tag?post=21764"}],"curies":[{"name":"wp","href":"https:\/\/api.w.org\/{rel}","templated":true}]}}