{"id":21761,"date":"2024-11-27T16:55:23","date_gmt":"2024-11-27T15:55:23","guid":{"rendered":"https:\/\/enelyashop.com\/?post_type=product&#038;p=21761"},"modified":"2025-01-30T02:24:49","modified_gmt":"2025-01-30T01:24:49","slug":"unisex-luks-parfum-30-esans-50-ml","status":"publish","type":"product","link":"https:\/\/enelyashop.com\/tr\/urun\/unisex-luks-parfum-30-esans-50-ml\/","title":{"rendered":"111 30% esansl\u0131 Unisex L\u00fcks Parf\u00fcm - 50 ml"},"content":{"rendered":"","protected":false},"excerpt":{"rendered":"<p class=\"text-justify\">Sulu Kiraz\u0131n tatl\u0131l\u0131\u011f\u0131n\u0131n Lik\u00f6r\u00fcn yo\u011funlu\u011fu ve Ac\u0131 Bademin k\u0131\u015fk\u0131rt\u0131c\u0131 dokunu\u015fuyla bulu\u015ftu\u011fu karma\u015f\u0131k bir koku. Kalp, T\u00fcrk G\u00fcl\u00fc ve Yasemin'in b\u00fcy\u00fcleyici \u00e7i\u00e7ek n\u00fcanslar\u0131yla birle\u015fen tatl\u0131 ve ek\u015fi Kiraz dalgalar\u0131yla dolup ta\u015far. Baz s\u0131cak, zengin, tatl\u0131 ve baharatl\u0131 notalarla karakterize edilir.<\/p>\n<p><strong>Koku piramidi<\/strong><\/p>\n<ul>\n<li>Ba\u015f nota: Badem, Siyah Kiraz, Lik\u00f6r<\/li>\n<li>Kalp notas\u0131: Yasemin, Erik, G\u00fcl, Vi\u015fne<\/li>\n<li>Temel nota: Benzoin, Sedir, Tar\u00e7\u0131n, Karanfil, Pa\u00e7uli, Sandal A\u011fac\u0131, Tonka Fasulyesi, Vanilya, Vetiver<\/li>\n<\/ul>\n<p><img loading=\"lazy\" decoding=\"async\" class=\"alignleft wp-image-22293 size-full\" src=\"https:\/\/enelyashop.com\/wp-content\/uploads\/2024\/11\/Ekran-Resmi-2024-11-30-05.58.15.png\" alt=\"\" width=\"984\" height=\"672\" srcset=\"https:\/\/enelyashop.com\/wp-content\/uploads\/2024\/11\/Ekran-Resmi-2024-11-30-05.58.15.png 984w, https:\/\/enelyashop.com\/wp-content\/uploads\/2024\/11\/Ekran-Resmi-2024-11-30-05.58.15-300x205.png 300w, https:\/\/enelyashop.com\/wp-content\/uploads\/2024\/11\/Ekran-Resmi-2024-11-30-05.58.15-768x524.png 768w, https:\/\/enelyashop.com\/wp-content\/uploads\/2024\/11\/Ekran-Resmi-2024-11-30-05.58.15-18x12.png 18w, https:\/\/enelyashop.com\/wp-content\/uploads\/2024\/11\/Ekran-Resmi-2024-11-30-05.58.15-750x512.png 750w, https:\/\/enelyashop.com\/wp-content\/uploads\/2024\/11\/Ekran-Resmi-2024-11-30-05.58.15-540x369.png 540w, https:\/\/enelyashop.com\/wp-content\/uploads\/2024\/11\/Ekran-Resmi-2024-11-30-05.58.15-100x68.png 100w\" sizes=\"auto, (max-width: 984px) 100vw, 984px\" \/><\/p>","protected":false},"featured_media":21762,"template":"elementor_theme","meta":{"_joinchat":[]},"product_brand":[],"product_cat":[73,66,71],"product_tag":[],"class_list":{"0":"post-21761","1":"product","2":"type-product","3":"status-publish","4":"has-post-thumbnail","6":"product_cat-luxury","7":"product_cat-perfume","8":"product_cat-unisex","11":"instock","12":"shipping-taxable","13":"purchasable","14":"product-type-simple","15":"product-grid-view"},"_links":{"self":[{"href":"https:\/\/enelyashop.com\/tr\/wp-json\/wp\/v2\/product\/21761","targetHints":{"allow":["GET"]}}],"collection":[{"href":"https:\/\/enelyashop.com\/tr\/wp-json\/wp\/v2\/product"}],"about":[{"href":"https:\/\/enelyashop.com\/tr\/wp-json\/wp\/v2\/types\/product"}],"version-history":[{"count":4,"href":"https:\/\/enelyashop.com\/tr\/wp-json\/wp\/v2\/product\/21761\/revisions"}],"predecessor-version":[{"id":22409,"href":"https:\/\/enelyashop.com\/tr\/wp-json\/wp\/v2\/product\/21761\/revisions\/22409"}],"wp:featuredmedia":[{"embeddable":true,"href":"https:\/\/enelyashop.com\/tr\/wp-json\/wp\/v2\/media\/21762"}],"wp:attachment":[{"href":"https:\/\/enelyashop.com\/tr\/wp-json\/wp\/v2\/media?parent=21761"}],"wp:term":[{"taxonomy":"product_brand","embeddable":true,"href":"https:\/\/enelyashop.com\/tr\/wp-json\/wp\/v2\/product_brand?post=21761"},{"taxonomy":"product_cat","embeddable":true,"href":"https:\/\/enelyashop.com\/tr\/wp-json\/wp\/v2\/product_cat?post=21761"},{"taxonomy":"product_tag","embeddable":true,"href":"https:\/\/enelyashop.com\/tr\/wp-json\/wp\/v2\/product_tag?post=21761"}],"curies":[{"name":"wp","href":"https:\/\/api.w.org\/{rel}","templated":true}]}}