{"id":21597,"date":"2024-11-26T21:32:27","date_gmt":"2024-11-26T20:32:27","guid":{"rendered":"https:\/\/enelyashop.com\/?post_type=product&#038;p=21597"},"modified":"2025-01-19T01:34:12","modified_gmt":"2025-01-19T00:34:12","slug":"onun-icin-parfum-dolumu-30-esans-15-ml","status":"publish","type":"product","link":"https:\/\/enelyashop.com\/tr\/urun\/onun-icin-parfum-dolumu-30-esans-15-ml\/","title":{"rendered":"Onun i\u00e7in Parf\u00fcm Dolumu - 30% Essence - 15 ml"},"content":{"rendered":"","protected":false},"excerpt":{"rendered":"<p class=\"text-justify\">Bu parf\u00fcm, trendlerin ve zaman\u0131n \u00f6tesinde bir erke\u011fin \u00f6z\u00fcn\u00fc ta\u015f\u0131yor. Kimli\u011fine sad\u0131k, vah\u015fi ama bilin\u00e7li.<\/p>\n<p>Parf\u00fcm dolumu sadece tasarlanan k\u0131l\u0131f ile kullan\u0131labilir, pakete dahil de\u011fildir.<\/p>\n<p><strong>Koku piramidi<\/strong><\/p>\n<ul>\n<li>Ba\u015f nota: Bergamot, Biber<\/li>\n<li>Kalp notas\u0131: Elemi, Sardunya, Lavanta, Pa\u00e7uli, Pembe Biber, Sichuan Biberi, Vetiver<\/li>\n<li>Temel nota: Ambroksan, Sedir, Labdanum<\/li>\n<\/ul>","protected":false},"featured_media":22264,"template":"elementor_theme","meta":{"_joinchat":[]},"product_brand":[],"product_cat":[70,66],"product_tag":[],"class_list":{"0":"post-21597","1":"product","2":"type-product","3":"status-publish","4":"has-post-thumbnail","6":"product_cat-man","7":"product_cat-perfume","10":"instock","11":"shipping-taxable","12":"purchasable","13":"product-type-simple","14":"product-grid-view"},"_links":{"self":[{"href":"https:\/\/enelyashop.com\/tr\/wp-json\/wp\/v2\/product\/21597","targetHints":{"allow":["GET"]}}],"collection":[{"href":"https:\/\/enelyashop.com\/tr\/wp-json\/wp\/v2\/product"}],"about":[{"href":"https:\/\/enelyashop.com\/tr\/wp-json\/wp\/v2\/types\/product"}],"version-history":[{"count":2,"href":"https:\/\/enelyashop.com\/tr\/wp-json\/wp\/v2\/product\/21597\/revisions"}],"predecessor-version":[{"id":22412,"href":"https:\/\/enelyashop.com\/tr\/wp-json\/wp\/v2\/product\/21597\/revisions\/22412"}],"wp:featuredmedia":[{"embeddable":true,"href":"https:\/\/enelyashop.com\/tr\/wp-json\/wp\/v2\/media\/22264"}],"wp:attachment":[{"href":"https:\/\/enelyashop.com\/tr\/wp-json\/wp\/v2\/media?parent=21597"}],"wp:term":[{"taxonomy":"product_brand","embeddable":true,"href":"https:\/\/enelyashop.com\/tr\/wp-json\/wp\/v2\/product_brand?post=21597"},{"taxonomy":"product_cat","embeddable":true,"href":"https:\/\/enelyashop.com\/tr\/wp-json\/wp\/v2\/product_cat?post=21597"},{"taxonomy":"product_tag","embeddable":true,"href":"https:\/\/enelyashop.com\/tr\/wp-json\/wp\/v2\/product_tag?post=21597"}],"curies":[{"name":"wp","href":"https:\/\/api.w.org\/{rel}","templated":true}]}}