{"id":21595,"date":"2024-11-26T21:31:21","date_gmt":"2024-11-26T20:31:21","guid":{"rendered":"https:\/\/enelyashop.com\/?post_type=product&#038;p=21595"},"modified":"2025-01-30T01:57:41","modified_gmt":"2025-01-30T00:57:41","slug":"onun-icin-30-esansli-parfum-100-ml-25","status":"publish","type":"product","link":"https:\/\/enelyashop.com\/tr\/urun\/onun-icin-30-esansli-parfum-100-ml-25\/","title":{"rendered":"086 30% esansl\u0131 Erkek Parf\u00fcm\u00fc - 100 ml"},"content":{"rendered":"","protected":false},"excerpt":{"rendered":"<p class=\"text-justify\">Erkekli\u011fin \u00f6z\u00fcn\u00fc yakalayan bir parf\u00fcm. Kendine g\u00fcvenen erkek i\u00e7in do\u011fru se\u00e7im, g\u00fcc\u00fc ve inceli\u011fi, kendili\u011findenli\u011fi ve gizemi ifade eden, duygular\u0131n\u0131 takip eden cesur erkek i\u00e7in yap\u0131lm\u0131\u015f bir koku.<\/p>\n<p><strong>Koku piramidi<\/strong><\/p>\n<ul>\n<li>Ba\u015f nota: Bergamot, Lavanta, Limon Verbena, Ananas<\/li>\n<li>Kalp notas\u0131: Kumarin, Kuru Meyveler, Sardunya, Me\u015fe Yosunu, K\u0131rm\u0131z\u0131 Elma, G\u00fcl<\/li>\n<li>Temel nota: Sandal a\u011fac\u0131, Tonka fasulyesi<\/li>\n<\/ul>\n<p><img loading=\"lazy\" decoding=\"async\" class=\"alignleft size-full wp-image-22354\" src=\"https:\/\/enelyashop.com\/wp-content\/uploads\/2024\/11\/Ekran-Resmi-2024-11-30-06.53.04.png\" alt=\"\" width=\"984\" height=\"688\" srcset=\"https:\/\/enelyashop.com\/wp-content\/uploads\/2024\/11\/Ekran-Resmi-2024-11-30-06.53.04.png 984w, https:\/\/enelyashop.com\/wp-content\/uploads\/2024\/11\/Ekran-Resmi-2024-11-30-06.53.04-300x210.png 300w, https:\/\/enelyashop.com\/wp-content\/uploads\/2024\/11\/Ekran-Resmi-2024-11-30-06.53.04-768x537.png 768w, https:\/\/enelyashop.com\/wp-content\/uploads\/2024\/11\/Ekran-Resmi-2024-11-30-06.53.04-18x12.png 18w, https:\/\/enelyashop.com\/wp-content\/uploads\/2024\/11\/Ekran-Resmi-2024-11-30-06.53.04-750x524.png 750w, https:\/\/enelyashop.com\/wp-content\/uploads\/2024\/11\/Ekran-Resmi-2024-11-30-06.53.04-540x378.png 540w, https:\/\/enelyashop.com\/wp-content\/uploads\/2024\/11\/Ekran-Resmi-2024-11-30-06.53.04-100x70.png 100w\" sizes=\"auto, (max-width: 984px) 100vw, 984px\" \/><\/p>","protected":false},"featured_media":22264,"template":"elementor_theme","meta":{"_joinchat":[]},"product_brand":[],"product_cat":[70,66],"product_tag":[],"class_list":{"0":"post-21595","1":"product","2":"type-product","3":"status-publish","4":"has-post-thumbnail","6":"product_cat-man","7":"product_cat-perfume","8":"pa_ml-100ml","9":"pa_ml-35ml","12":"instock","13":"shipping-taxable","14":"purchasable","15":"product-type-variable","16":"has-default-attributes","17":"product-grid-view"},"_links":{"self":[{"href":"https:\/\/enelyashop.com\/tr\/wp-json\/wp\/v2\/product\/21595","targetHints":{"allow":["GET"]}}],"collection":[{"href":"https:\/\/enelyashop.com\/tr\/wp-json\/wp\/v2\/product"}],"about":[{"href":"https:\/\/enelyashop.com\/tr\/wp-json\/wp\/v2\/types\/product"}],"version-history":[{"count":4,"href":"https:\/\/enelyashop.com\/tr\/wp-json\/wp\/v2\/product\/21595\/revisions"}],"predecessor-version":[{"id":22413,"href":"https:\/\/enelyashop.com\/tr\/wp-json\/wp\/v2\/product\/21595\/revisions\/22413"}],"wp:featuredmedia":[{"embeddable":true,"href":"https:\/\/enelyashop.com\/tr\/wp-json\/wp\/v2\/media\/22264"}],"wp:attachment":[{"href":"https:\/\/enelyashop.com\/tr\/wp-json\/wp\/v2\/media?parent=21595"}],"wp:term":[{"taxonomy":"product_brand","embeddable":true,"href":"https:\/\/enelyashop.com\/tr\/wp-json\/wp\/v2\/product_brand?post=21595"},{"taxonomy":"product_cat","embeddable":true,"href":"https:\/\/enelyashop.com\/tr\/wp-json\/wp\/v2\/product_cat?post=21595"},{"taxonomy":"product_tag","embeddable":true,"href":"https:\/\/enelyashop.com\/tr\/wp-json\/wp\/v2\/product_tag?post=21595"}],"curies":[{"name":"wp","href":"https:\/\/api.w.org\/{rel}","templated":true}]}}