{"id":21587,"date":"2024-11-26T21:27:54","date_gmt":"2024-11-26T20:27:54","guid":{"rendered":"https:\/\/enelyashop.com\/?post_type=product&#038;p=21587"},"modified":"2025-01-30T01:47:32","modified_gmt":"2025-01-30T00:47:32","slug":"onun-icin-30-esansli-parfum-100-ml-27","status":"publish","type":"product","link":"https:\/\/enelyashop.com\/tr\/urun\/onun-icin-30-esansli-parfum-100-ml-27\/","title":{"rendered":"038 30% esansl\u0131 Erkek Parf\u00fcm\u00fc - 100 ml"},"content":{"rendered":"","protected":false},"excerpt":{"rendered":"<p class=\"text-justify\">Yerle\u015fik kal\u0131plara uymay\u0131 reddeden ve kendini her t\u00fcrl\u00fc gelenekten kurtaran bir erke\u011fin parf\u00fcm\u00fc. Bile\u015fimi, ba\u011f\u0131ms\u0131zl\u0131k ve kararl\u0131l\u0131kla kendi kaderini kontrol eden erkeksi bir ruhu ortaya \u00e7\u0131kar\u0131r. G\u00fc\u00e7l\u00fc ve beklenmedik bir karakter.<\/p>\n<p><strong>Koku piramidi<\/strong><\/p>\n<ul>\n<li>Ba\u015f nota: Greyfurt, Limon, Nane, Pembe Biber<\/li>\n<li>Kalp notas\u0131: Zencefil, Iso E Super, Yasemin, K\u00fc\u00e7\u00fck hindistan cevizi<\/li>\n<li>Dip nota: Sedir, T\u00fcts\u00fc, Labdanum, Misk, Pa\u00e7uli, Sandal A\u011fac\u0131, Vetiver<\/li>\n<\/ul>\n<p><img loading=\"lazy\" decoding=\"async\" class=\"alignleft size-full wp-image-22362\" src=\"https:\/\/enelyashop.com\/wp-content\/uploads\/2024\/11\/Ekran-Resmi-2024-11-30-06.56.59.png\" alt=\"\" width=\"1020\" height=\"728\" srcset=\"https:\/\/enelyashop.com\/wp-content\/uploads\/2024\/11\/Ekran-Resmi-2024-11-30-06.56.59.png 1020w, https:\/\/enelyashop.com\/wp-content\/uploads\/2024\/11\/Ekran-Resmi-2024-11-30-06.56.59-300x214.png 300w, https:\/\/enelyashop.com\/wp-content\/uploads\/2024\/11\/Ekran-Resmi-2024-11-30-06.56.59-768x548.png 768w, https:\/\/enelyashop.com\/wp-content\/uploads\/2024\/11\/Ekran-Resmi-2024-11-30-06.56.59-18x12.png 18w, https:\/\/enelyashop.com\/wp-content\/uploads\/2024\/11\/Ekran-Resmi-2024-11-30-06.56.59-750x535.png 750w, https:\/\/enelyashop.com\/wp-content\/uploads\/2024\/11\/Ekran-Resmi-2024-11-30-06.56.59-540x385.png 540w, https:\/\/enelyashop.com\/wp-content\/uploads\/2024\/11\/Ekran-Resmi-2024-11-30-06.56.59-1000x714.png 1000w, https:\/\/enelyashop.com\/wp-content\/uploads\/2024\/11\/Ekran-Resmi-2024-11-30-06.56.59-100x71.png 100w\" sizes=\"auto, (max-width: 1020px) 100vw, 1020px\" \/><\/p>","protected":false},"featured_media":22264,"template":"elementor_theme","meta":{"_joinchat":[]},"product_brand":[],"product_cat":[70,66],"product_tag":[],"class_list":{"0":"post-21587","1":"product","2":"type-product","3":"status-publish","4":"has-post-thumbnail","6":"product_cat-man","7":"product_cat-perfume","8":"pa_ml-100ml","9":"pa_ml-35ml","12":"instock","13":"shipping-taxable","14":"purchasable","15":"product-type-variable","16":"has-default-attributes","17":"product-grid-view"},"_links":{"self":[{"href":"https:\/\/enelyashop.com\/tr\/wp-json\/wp\/v2\/product\/21587","targetHints":{"allow":["GET"]}}],"collection":[{"href":"https:\/\/enelyashop.com\/tr\/wp-json\/wp\/v2\/product"}],"about":[{"href":"https:\/\/enelyashop.com\/tr\/wp-json\/wp\/v2\/types\/product"}],"version-history":[{"count":4,"href":"https:\/\/enelyashop.com\/tr\/wp-json\/wp\/v2\/product\/21587\/revisions"}],"predecessor-version":[{"id":22417,"href":"https:\/\/enelyashop.com\/tr\/wp-json\/wp\/v2\/product\/21587\/revisions\/22417"}],"wp:featuredmedia":[{"embeddable":true,"href":"https:\/\/enelyashop.com\/tr\/wp-json\/wp\/v2\/media\/22264"}],"wp:attachment":[{"href":"https:\/\/enelyashop.com\/tr\/wp-json\/wp\/v2\/media?parent=21587"}],"wp:term":[{"taxonomy":"product_brand","embeddable":true,"href":"https:\/\/enelyashop.com\/tr\/wp-json\/wp\/v2\/product_brand?post=21587"},{"taxonomy":"product_cat","embeddable":true,"href":"https:\/\/enelyashop.com\/tr\/wp-json\/wp\/v2\/product_cat?post=21587"},{"taxonomy":"product_tag","embeddable":true,"href":"https:\/\/enelyashop.com\/tr\/wp-json\/wp\/v2\/product_tag?post=21587"}],"curies":[{"name":"wp","href":"https:\/\/api.w.org\/{rel}","templated":true}]}}