{"id":21576,"date":"2024-11-26T21:21:58","date_gmt":"2024-11-26T20:21:58","guid":{"rendered":"https:\/\/enelyashop.com\/?post_type=product&#038;p=21576"},"modified":"2025-01-30T01:33:59","modified_gmt":"2025-01-30T00:33:59","slug":"onun-icin-30-esansli-parfum-100-ml-14","status":"publish","type":"product","link":"https:\/\/enelyashop.com\/tr\/urun\/onun-icin-30-esansli-parfum-100-ml-14\/","title":{"rendered":"002 Parf\u00fcm Onun \u0130\u00e7in 30% esansl\u0131 - 100 ml"},"content":{"rendered":"","protected":false},"excerpt":{"rendered":"<p class=\"text-justify\">Pantelleria adas\u0131ndan ilham alan bir parf\u00fcm: hafif ve taze, yo\u011fun ve sofistike. Deniz ve kaya aras\u0131ndaki kesi\u015fimi sembolize eden kendine \u00f6zg\u00fc mineral tazeli\u011fine sahip yo\u011fun erkeksi bir koku.<\/p>\n<p><strong>Koku piramidi<\/strong><\/p>\n<ul>\n<li>Ba\u015f nota: Bergamot, Yasemin, Limon, Misket Limonu, Mandalina Portakal\u0131, Neroli, Portakal<\/li>\n<li>Kalp notas\u0131: Calone, Ki\u015fni\u015f, Siklamen, Frezya, S\u00fcmb\u00fcl, Yasemin, Mignonette, K\u00fc\u00e7\u00fck Hindistan Cevizi, \u015eeftali, G\u00fcl, Biberiye, Deniz Suyu, Menek\u015fe<\/li>\n<li>Dip nota: Amber, Sedir, Misk, Me\u015fe Yosunu, Pa\u00e7uli<\/li>\n<\/ul>\n<p><img loading=\"lazy\" decoding=\"async\" class=\"alignleft size-full wp-image-22371\" src=\"https:\/\/enelyashop.com\/wp-content\/uploads\/2024\/11\/Ekran-Resmi-2024-11-30-07.01.14.png\" alt=\"\" width=\"1066\" height=\"652\" srcset=\"https:\/\/enelyashop.com\/wp-content\/uploads\/2024\/11\/Ekran-Resmi-2024-11-30-07.01.14.png 1066w, https:\/\/enelyashop.com\/wp-content\/uploads\/2024\/11\/Ekran-Resmi-2024-11-30-07.01.14-300x183.png 300w, https:\/\/enelyashop.com\/wp-content\/uploads\/2024\/11\/Ekran-Resmi-2024-11-30-07.01.14-1024x626.png 1024w, https:\/\/enelyashop.com\/wp-content\/uploads\/2024\/11\/Ekran-Resmi-2024-11-30-07.01.14-768x470.png 768w, https:\/\/enelyashop.com\/wp-content\/uploads\/2024\/11\/Ekran-Resmi-2024-11-30-07.01.14-18x12.png 18w, https:\/\/enelyashop.com\/wp-content\/uploads\/2024\/11\/Ekran-Resmi-2024-11-30-07.01.14-750x459.png 750w, https:\/\/enelyashop.com\/wp-content\/uploads\/2024\/11\/Ekran-Resmi-2024-11-30-07.01.14-540x330.png 540w, https:\/\/enelyashop.com\/wp-content\/uploads\/2024\/11\/Ekran-Resmi-2024-11-30-07.01.14-1000x612.png 1000w, https:\/\/enelyashop.com\/wp-content\/uploads\/2024\/11\/Ekran-Resmi-2024-11-30-07.01.14-100x61.png 100w\" sizes=\"auto, (max-width: 1066px) 100vw, 1066px\" \/><\/p>","protected":false},"featured_media":22264,"template":"elementor_theme","meta":{"_joinchat":[]},"product_brand":[],"product_cat":[70,66],"product_tag":[],"class_list":{"0":"post-21576","1":"product","2":"type-product","3":"status-publish","4":"has-post-thumbnail","6":"product_cat-man","7":"product_cat-perfume","8":"pa_ml-100ml","9":"pa_ml-35ml","12":"instock","13":"shipping-taxable","14":"purchasable","15":"product-type-variable","16":"has-default-attributes","17":"product-grid-view"},"_links":{"self":[{"href":"https:\/\/enelyashop.com\/tr\/wp-json\/wp\/v2\/product\/21576","targetHints":{"allow":["GET"]}}],"collection":[{"href":"https:\/\/enelyashop.com\/tr\/wp-json\/wp\/v2\/product"}],"about":[{"href":"https:\/\/enelyashop.com\/tr\/wp-json\/wp\/v2\/types\/product"}],"version-history":[{"count":5,"href":"https:\/\/enelyashop.com\/tr\/wp-json\/wp\/v2\/product\/21576\/revisions"}],"predecessor-version":[{"id":22421,"href":"https:\/\/enelyashop.com\/tr\/wp-json\/wp\/v2\/product\/21576\/revisions\/22421"}],"wp:featuredmedia":[{"embeddable":true,"href":"https:\/\/enelyashop.com\/tr\/wp-json\/wp\/v2\/media\/22264"}],"wp:attachment":[{"href":"https:\/\/enelyashop.com\/tr\/wp-json\/wp\/v2\/media?parent=21576"}],"wp:term":[{"taxonomy":"product_brand","embeddable":true,"href":"https:\/\/enelyashop.com\/tr\/wp-json\/wp\/v2\/product_brand?post=21576"},{"taxonomy":"product_cat","embeddable":true,"href":"https:\/\/enelyashop.com\/tr\/wp-json\/wp\/v2\/product_cat?post=21576"},{"taxonomy":"product_tag","embeddable":true,"href":"https:\/\/enelyashop.com\/tr\/wp-json\/wp\/v2\/product_tag?post=21576"}],"curies":[{"name":"wp","href":"https:\/\/api.w.org\/{rel}","templated":true}]}}