{"id":21570,"date":"2024-11-26T21:15:41","date_gmt":"2024-11-26T20:15:41","guid":{"rendered":"https:\/\/enelyashop.com\/?post_type=product&#038;p=21570"},"modified":"2025-01-30T01:16:54","modified_gmt":"2025-01-30T00:16:54","slug":"onun-icin-30-esansli-parfum-100-ml-23","status":"publish","type":"product","link":"https:\/\/enelyashop.com\/tr\/urun\/onun-icin-30-esansli-parfum-100-ml-23\/","title":{"rendered":"131 30% esansl\u0131 Kad\u0131n Parf\u00fcm\u00fc - 100 ml"},"content":{"rendered":"","protected":false},"excerpt":{"rendered":"<p class=\"text-justify\">Kontrast unsurlar\u0131 bir araya getirerek \u00e7ekici koku-a\u00e7\u0131k-koyu kar\u0131\u015f\u0131mlar\u0131 yaratan cesur bir parf\u00fcm. Koku, Yasemin Sambak ve \u0130ris'in \u00e7i\u00e7eksi zarafetinin yan\u0131 s\u0131ra Tonka Fasulyesi ve Amber'in ba\u015f d\u00f6nd\u00fcr\u00fcc\u00fc notalar\u0131yla karakterize edilir. Modern kad\u0131n\u0131n \u00e7ok y\u00f6nl\u00fc ki\u015fili\u011fini yans\u0131tan karma\u015f\u0131k bir parf\u00fcm.<\/p>\n<p><strong>Koku piramidi<\/strong><\/p>\n<ul>\n<li>Ba\u015f nota: Badem, Bergamot, Kahve, Limon<\/li>\n<li>Kalp notas\u0131: \u0130ris, Yasemin, Portakal \u00c7i\u00e7e\u011fi, G\u00fcl, S\u00fcmb\u00fclteber<\/li>\n<li>Dip nota: Amber, Kakao Kabu\u011fu, Ka\u015fmir a\u011fac\u0131, Sedir, Tar\u00e7\u0131n, Misk, Pa\u00e7uli, Pralin, Sandal a\u011fac\u0131, Tonka Fasulyesi, Vanilya<\/li>\n<\/ul>\n<p><img loading=\"lazy\" decoding=\"async\" class=\"alignleft wp-image-22297 size-full\" src=\"https:\/\/enelyashop.com\/wp-content\/uploads\/2024\/11\/Ekran-Resmi-2024-11-30-06.03.56.png\" alt=\"\" width=\"972\" height=\"654\" srcset=\"https:\/\/enelyashop.com\/wp-content\/uploads\/2024\/11\/Ekran-Resmi-2024-11-30-06.03.56.png 972w, https:\/\/enelyashop.com\/wp-content\/uploads\/2024\/11\/Ekran-Resmi-2024-11-30-06.03.56-300x202.png 300w, https:\/\/enelyashop.com\/wp-content\/uploads\/2024\/11\/Ekran-Resmi-2024-11-30-06.03.56-768x517.png 768w, https:\/\/enelyashop.com\/wp-content\/uploads\/2024\/11\/Ekran-Resmi-2024-11-30-06.03.56-18x12.png 18w, https:\/\/enelyashop.com\/wp-content\/uploads\/2024\/11\/Ekran-Resmi-2024-11-30-06.03.56-750x505.png 750w, https:\/\/enelyashop.com\/wp-content\/uploads\/2024\/11\/Ekran-Resmi-2024-11-30-06.03.56-540x363.png 540w, https:\/\/enelyashop.com\/wp-content\/uploads\/2024\/11\/Ekran-Resmi-2024-11-30-06.03.56-773x520.png 773w, https:\/\/enelyashop.com\/wp-content\/uploads\/2024\/11\/Ekran-Resmi-2024-11-30-06.03.56-100x67.png 100w\" sizes=\"auto, (max-width: 972px) 100vw, 972px\" \/><\/p>","protected":false},"featured_media":22270,"template":"elementor_theme","meta":{"_joinchat":[]},"product_brand":[],"product_cat":[66,69],"product_tag":[],"class_list":{"0":"post-21570","1":"product","2":"type-product","3":"status-publish","4":"has-post-thumbnail","6":"product_cat-perfume","7":"product_cat-woman","8":"pa_ml-100ml","9":"pa_ml-35ml","12":"instock","13":"shipping-taxable","14":"purchasable","15":"product-type-variable","16":"has-default-attributes","17":"product-grid-view"},"_links":{"self":[{"href":"https:\/\/enelyashop.com\/tr\/wp-json\/wp\/v2\/product\/21570","targetHints":{"allow":["GET"]}}],"collection":[{"href":"https:\/\/enelyashop.com\/tr\/wp-json\/wp\/v2\/product"}],"about":[{"href":"https:\/\/enelyashop.com\/tr\/wp-json\/wp\/v2\/types\/product"}],"version-history":[{"count":4,"href":"https:\/\/enelyashop.com\/tr\/wp-json\/wp\/v2\/product\/21570\/revisions"}],"predecessor-version":[{"id":22424,"href":"https:\/\/enelyashop.com\/tr\/wp-json\/wp\/v2\/product\/21570\/revisions\/22424"}],"wp:featuredmedia":[{"embeddable":true,"href":"https:\/\/enelyashop.com\/tr\/wp-json\/wp\/v2\/media\/22270"}],"wp:attachment":[{"href":"https:\/\/enelyashop.com\/tr\/wp-json\/wp\/v2\/media?parent=21570"}],"wp:term":[{"taxonomy":"product_brand","embeddable":true,"href":"https:\/\/enelyashop.com\/tr\/wp-json\/wp\/v2\/product_brand?post=21570"},{"taxonomy":"product_cat","embeddable":true,"href":"https:\/\/enelyashop.com\/tr\/wp-json\/wp\/v2\/product_cat?post=21570"},{"taxonomy":"product_tag","embeddable":true,"href":"https:\/\/enelyashop.com\/tr\/wp-json\/wp\/v2\/product_tag?post=21570"}],"curies":[{"name":"wp","href":"https:\/\/api.w.org\/{rel}","templated":true}]}}