{"id":21542,"date":"2024-11-26T20:53:53","date_gmt":"2024-11-26T19:53:53","guid":{"rendered":"https:\/\/enelyashop.com\/?post_type=product&#038;p=21542"},"modified":"2025-01-29T16:11:42","modified_gmt":"2025-01-29T15:11:42","slug":"onun-icin-30-esansli-parfum-100-ml-6","status":"publish","type":"product","link":"https:\/\/enelyashop.com\/tr\/urun\/onun-icin-30-esansli-parfum-100-ml-6\/","title":{"rendered":"019 30% esansl\u0131 Onun \u0130\u00e7in Parf\u00fcm - 100 ml"},"content":{"rendered":"","protected":false},"excerpt":{"rendered":"<p class=\"text-justify\">Neroli'nin tazeli\u011fiyle ba\u015flay\u0131p Amalfi Limonu'nun yo\u011funlu\u011fuyla i\u00e7 i\u00e7e ge\u00e7en, Ahududu'nun \u0131\u015f\u0131lt\u0131l\u0131 dokunu\u015fuyla canlanan canl\u0131 ve \u015fehvetli bir koku. Kalp notalar\u0131 Portakal \u00c7i\u00e7e\u011fi, Yasemin ve Gardenya'dan olu\u015fan \u00e7i\u00e7eksi bir zaferdir. Dip notalar\u0131nda Pa\u00e7uli notalar\u0131 Bal ve Amber ile tatland\u0131r\u0131lm\u0131\u015ft\u0131r.<\/p>\n<p><strong>Koku piramidi<\/strong><\/p>\n<ul>\n<li>Ba\u015f nota: Limon, Neroli, Ahududu<\/li>\n<li>Kalp notas\u0131: Gardenya, Yasemin, Portakal \u00c7i\u00e7e\u011fi<\/li>\n<li>Dip nota: Amber, Bal, Pa\u00e7uli<\/li>\n<\/ul>\n<p><img loading=\"lazy\" decoding=\"async\" class=\"alignleft size-full wp-image-22324\" src=\"https:\/\/enelyashop.com\/wp-content\/uploads\/2024\/11\/Ekran-Resmi-2024-11-30-06.29.44.png\" alt=\"\" width=\"1038\" height=\"700\" srcset=\"https:\/\/enelyashop.com\/wp-content\/uploads\/2024\/11\/Ekran-Resmi-2024-11-30-06.29.44.png 1038w, https:\/\/enelyashop.com\/wp-content\/uploads\/2024\/11\/Ekran-Resmi-2024-11-30-06.29.44-300x202.png 300w, https:\/\/enelyashop.com\/wp-content\/uploads\/2024\/11\/Ekran-Resmi-2024-11-30-06.29.44-1024x691.png 1024w, https:\/\/enelyashop.com\/wp-content\/uploads\/2024\/11\/Ekran-Resmi-2024-11-30-06.29.44-768x518.png 768w, https:\/\/enelyashop.com\/wp-content\/uploads\/2024\/11\/Ekran-Resmi-2024-11-30-06.29.44-18x12.png 18w, https:\/\/enelyashop.com\/wp-content\/uploads\/2024\/11\/Ekran-Resmi-2024-11-30-06.29.44-750x506.png 750w, https:\/\/enelyashop.com\/wp-content\/uploads\/2024\/11\/Ekran-Resmi-2024-11-30-06.29.44-540x364.png 540w, https:\/\/enelyashop.com\/wp-content\/uploads\/2024\/11\/Ekran-Resmi-2024-11-30-06.29.44-773x520.png 773w, https:\/\/enelyashop.com\/wp-content\/uploads\/2024\/11\/Ekran-Resmi-2024-11-30-06.29.44-1000x674.png 1000w, https:\/\/enelyashop.com\/wp-content\/uploads\/2024\/11\/Ekran-Resmi-2024-11-30-06.29.44-100x67.png 100w\" sizes=\"auto, (max-width: 1038px) 100vw, 1038px\" \/><\/p>","protected":false},"featured_media":22270,"template":"elementor_theme","meta":{"_joinchat":[]},"product_brand":[],"product_cat":[66,69],"product_tag":[],"class_list":{"0":"post-21542","1":"product","2":"type-product","3":"status-publish","4":"has-post-thumbnail","6":"product_cat-perfume","7":"product_cat-woman","8":"pa_ml-100ml","9":"pa_ml-35ml","12":"instock","13":"shipping-taxable","14":"purchasable","15":"product-type-variable","16":"product-grid-view"},"_links":{"self":[{"href":"https:\/\/enelyashop.com\/tr\/wp-json\/wp\/v2\/product\/21542","targetHints":{"allow":["GET"]}}],"collection":[{"href":"https:\/\/enelyashop.com\/tr\/wp-json\/wp\/v2\/product"}],"about":[{"href":"https:\/\/enelyashop.com\/tr\/wp-json\/wp\/v2\/types\/product"}],"version-history":[{"count":4,"href":"https:\/\/enelyashop.com\/tr\/wp-json\/wp\/v2\/product\/21542\/revisions"}],"predecessor-version":[{"id":22438,"href":"https:\/\/enelyashop.com\/tr\/wp-json\/wp\/v2\/product\/21542\/revisions\/22438"}],"wp:featuredmedia":[{"embeddable":true,"href":"https:\/\/enelyashop.com\/tr\/wp-json\/wp\/v2\/media\/22270"}],"wp:attachment":[{"href":"https:\/\/enelyashop.com\/tr\/wp-json\/wp\/v2\/media?parent=21542"}],"wp:term":[{"taxonomy":"product_brand","embeddable":true,"href":"https:\/\/enelyashop.com\/tr\/wp-json\/wp\/v2\/product_brand?post=21542"},{"taxonomy":"product_cat","embeddable":true,"href":"https:\/\/enelyashop.com\/tr\/wp-json\/wp\/v2\/product_cat?post=21542"},{"taxonomy":"product_tag","embeddable":true,"href":"https:\/\/enelyashop.com\/tr\/wp-json\/wp\/v2\/product_tag?post=21542"}],"curies":[{"name":"wp","href":"https:\/\/api.w.org\/{rel}","templated":true}]}}