{"id":21540,"date":"2024-11-26T20:52:57","date_gmt":"2024-11-26T19:52:57","guid":{"rendered":"https:\/\/enelyashop.com\/?post_type=product&#038;p=21540"},"modified":"2025-01-29T15:18:14","modified_gmt":"2025-01-29T14:18:14","slug":"onun-icin-30-esansli-parfum-100-ml-12","status":"publish","type":"product","link":"https:\/\/enelyashop.com\/tr\/urun\/onun-icin-30-esansli-parfum-100-ml-12\/","title":{"rendered":"014 30% esansl\u0131 Onun \u0130\u00e7in Parf\u00fcm - 100 ml"},"content":{"rendered":"","protected":false},"excerpt":{"rendered":"<p class=\"text-justify\">Kad\u0131nlara \u00f6zg\u00fcrl\u00fcklerini yakalamalar\u0131, ger\u00e7ek benliklerini olu\u015fturmada ve kad\u0131nl\u0131klar\u0131n\u0131 ifade etmede cesurca daha ileri gitmeleri i\u00e7in ilham veren \u015fehvetli, kucaklay\u0131c\u0131 ve unutulmaz bir koku. Cesaret ve i\u00e7g\u00fcd\u00fcyle arzular\u0131n\u0131 ger\u00e7ekle\u015ftiren bir kad\u0131na adanm\u0131\u015ft\u0131r.<\/p>\n<p><strong>Koku piramidi<\/strong><\/p>\n<ul>\n<li>Ba\u015f nota: Bergamot, Siyah Frenk \u00dcz\u00fcm\u00fc, Ye\u015fil Notalar<\/li>\n<li>Kalp notas\u0131: Yasemin, Lily-of-the-Valley<\/li>\n<li>Temel nota: Sedir, Sandal A\u011fac\u0131, Tonka Fasulyesi, Vanilya<\/li>\n<\/ul>\n<p><img loading=\"lazy\" decoding=\"async\" class=\"alignleft wp-image-22326 size-full\" src=\"https:\/\/enelyashop.com\/wp-content\/uploads\/2024\/11\/Ekran-Resmi-2024-11-30-06.30.42.png\" alt=\"\" width=\"1098\" height=\"700\" srcset=\"https:\/\/enelyashop.com\/wp-content\/uploads\/2024\/11\/Ekran-Resmi-2024-11-30-06.30.42.png 1098w, https:\/\/enelyashop.com\/wp-content\/uploads\/2024\/11\/Ekran-Resmi-2024-11-30-06.30.42-300x191.png 300w, https:\/\/enelyashop.com\/wp-content\/uploads\/2024\/11\/Ekran-Resmi-2024-11-30-06.30.42-1024x653.png 1024w, https:\/\/enelyashop.com\/wp-content\/uploads\/2024\/11\/Ekran-Resmi-2024-11-30-06.30.42-768x490.png 768w, https:\/\/enelyashop.com\/wp-content\/uploads\/2024\/11\/Ekran-Resmi-2024-11-30-06.30.42-18x12.png 18w, https:\/\/enelyashop.com\/wp-content\/uploads\/2024\/11\/Ekran-Resmi-2024-11-30-06.30.42-750x478.png 750w, https:\/\/enelyashop.com\/wp-content\/uploads\/2024\/11\/Ekran-Resmi-2024-11-30-06.30.42-540x344.png 540w, https:\/\/enelyashop.com\/wp-content\/uploads\/2024\/11\/Ekran-Resmi-2024-11-30-06.30.42-1000x638.png 1000w, https:\/\/enelyashop.com\/wp-content\/uploads\/2024\/11\/Ekran-Resmi-2024-11-30-06.30.42-100x64.png 100w\" sizes=\"auto, (max-width: 1098px) 100vw, 1098px\" \/><\/p>","protected":false},"featured_media":22270,"template":"elementor_theme","meta":{"_joinchat":[]},"product_brand":[],"product_cat":[66,69],"product_tag":[],"class_list":{"0":"post-21540","1":"product","2":"type-product","3":"status-publish","4":"has-post-thumbnail","6":"product_cat-perfume","7":"product_cat-woman","8":"pa_ml-100ml","9":"pa_ml-35ml","12":"instock","13":"shipping-taxable","14":"purchasable","15":"product-type-variable","16":"product-grid-view"},"_links":{"self":[{"href":"https:\/\/enelyashop.com\/tr\/wp-json\/wp\/v2\/product\/21540","targetHints":{"allow":["GET"]}}],"collection":[{"href":"https:\/\/enelyashop.com\/tr\/wp-json\/wp\/v2\/product"}],"about":[{"href":"https:\/\/enelyashop.com\/tr\/wp-json\/wp\/v2\/types\/product"}],"version-history":[{"count":4,"href":"https:\/\/enelyashop.com\/tr\/wp-json\/wp\/v2\/product\/21540\/revisions"}],"predecessor-version":[{"id":22439,"href":"https:\/\/enelyashop.com\/tr\/wp-json\/wp\/v2\/product\/21540\/revisions\/22439"}],"wp:featuredmedia":[{"embeddable":true,"href":"https:\/\/enelyashop.com\/tr\/wp-json\/wp\/v2\/media\/22270"}],"wp:attachment":[{"href":"https:\/\/enelyashop.com\/tr\/wp-json\/wp\/v2\/media?parent=21540"}],"wp:term":[{"taxonomy":"product_brand","embeddable":true,"href":"https:\/\/enelyashop.com\/tr\/wp-json\/wp\/v2\/product_brand?post=21540"},{"taxonomy":"product_cat","embeddable":true,"href":"https:\/\/enelyashop.com\/tr\/wp-json\/wp\/v2\/product_cat?post=21540"},{"taxonomy":"product_tag","embeddable":true,"href":"https:\/\/enelyashop.com\/tr\/wp-json\/wp\/v2\/product_tag?post=21540"}],"curies":[{"name":"wp","href":"https:\/\/api.w.org\/{rel}","templated":true}]}}