{"id":21155,"date":"2020-06-05T05:18:46","date_gmt":"2020-06-05T05:18:46","guid":{"rendered":"http:\/\/iva1stg.wpenginepowered.com\/home-copy\/"},"modified":"2025-01-29T23:10:27","modified_gmt":"2025-01-29T22:10:27","slug":"ev-2","status":"publish","type":"page","link":"https:\/\/enelyashop.com\/tr","title":{"rendered":"Ev"},"content":{"rendered":"<div data-elementor-type=\"wp-page\" data-elementor-id=\"21155\" class=\"elementor elementor-21155\" data-elementor-post-type=\"page\">\n\t\t\t\t<header class=\"elementor-element elementor-element-c83daa2 e-con-full e-flex e-con e-parent\" data-id=\"c83daa2\" data-element_type=\"container\" data-e-type=\"container\" data-settings=\"{&quot;jet_parallax_layout_list&quot;:[]}\">\n\t\t\t\t<div class=\"elementor-element elementor-element-24397f8 elementor-widget__width-auto elementor-widget elementor-widget-dt-logo\" data-id=\"24397f8\" data-element_type=\"widget\" data-e-type=\"widget\" data-widget_type=\"dt-logo.default\">\n\t\t\t\t<div class=\"elementor-widget-container\">\n\t\t\t\t\t<div id=\"dt-24397f8\" class=\"dt-logo-container logo-align-left\">  <a href=\"https:\/\/enelyashop.com\/tr\/\" rel=\"home\"><img loading=\"lazy\" decoding=\"async\" width=\"1200\" height=\"1200\" src=\"https:\/\/enelyashop.com\/wp-content\/uploads\/2025\/01\/Adsiz-tasarim-1.png\" class=\"attachment-full size-full\" alt=\"\" srcset=\"https:\/\/enelyashop.com\/wp-content\/uploads\/2025\/01\/Adsiz-tasarim-1.png 1200w, https:\/\/enelyashop.com\/wp-content\/uploads\/2025\/01\/Adsiz-tasarim-1-300x300.png 300w, https:\/\/enelyashop.com\/wp-content\/uploads\/2025\/01\/Adsiz-tasarim-1-1024x1024.png 1024w, https:\/\/enelyashop.com\/wp-content\/uploads\/2025\/01\/Adsiz-tasarim-1-150x150.png 150w, https:\/\/enelyashop.com\/wp-content\/uploads\/2025\/01\/Adsiz-tasarim-1-768x768.png 768w, https:\/\/enelyashop.com\/wp-content\/uploads\/2025\/01\/Adsiz-tasarim-1-12x12.png 12w, https:\/\/enelyashop.com\/wp-content\/uploads\/2025\/01\/Adsiz-tasarim-1-450x450.png 450w, https:\/\/enelyashop.com\/wp-content\/uploads\/2025\/01\/Adsiz-tasarim-1-420x420.png 420w, https:\/\/enelyashop.com\/wp-content\/uploads\/2025\/01\/Adsiz-tasarim-1-750x750.png 750w, https:\/\/enelyashop.com\/wp-content\/uploads\/2025\/01\/Adsiz-tasarim-1-540x540.png 540w, https:\/\/enelyashop.com\/wp-content\/uploads\/2025\/01\/Adsiz-tasarim-1-1000x1000.png 1000w, https:\/\/enelyashop.com\/wp-content\/uploads\/2025\/01\/Adsiz-tasarim-1-100x100.png 100w\" sizes=\"auto, (max-width: 1200px) 100vw, 1200px\" \/><\/a><\/div>\t\t\t\t<\/div>\n\t\t\t\t<\/div>\n\t\t\t\t<div class=\"elementor-element elementor-element-ea71668 elementor-widget-mobile__width-inherit elementor-widget__width-auto elementor-widget elementor-widget-dt-header-icons\" data-id=\"ea71668\" data-element_type=\"widget\" data-e-type=\"widget\" data-widget_type=\"dt-header-icons.default\">\n\t\t\t\t<div class=\"elementor-widget-container\">\n\t\t\t\t\t<div class=\"dt-sc-header-icons-list\"><div class=\"dt-sc-header-icons-list-item cart-item\"><div class=\"dt-sc-shop-menu-icon\"><a href=\"https:\/\/enelyashop.com\/tr\/araba\/\"><span class=\"dt-sc-shop-menu-icon-wrapper\"><span class=\"dt-sc-shop-menu-cart-inner\"><span class=\"dt-sc-shop-menu-cart-icon\"><\/span><span class=\"dt-sc-shop-menu-cart-number\">0<\/span><\/span><span class=\"dt-sc-shop-menu-cart-totals\"><\/span><\/span><\/a><\/div><\/div><div class=\"dt-sc-header-icons-list-item search-item\"><div class=\"dt-sc-search-menu-icon\"><a href=\"javascript:void(0)\" class=\"dt-sc-search-icon\"><span class=\"fas fa-search\"><\/span><\/a><div class=\"dt-sc-search-form-container\"><form method=\"get\" id=\"searchform\" action=\"https:\/\/enelyashop.com\/tr\/\" data-trp-original-action=\"https:\/\/enelyashop.com\/tr\/\">\n    <input id=\"s\" name=\"s\" type=\"text\" \n         \tvalue=\"Enter Keyword\" class=\"text_input\"\n\t\t    onblur=\"if(this.value==''){this.value='Enter Keyword';}\"\n            onfocus=\"if(this.value =='Enter Keyword') {this.value=''; }\" \/>\n\t<input name=\"submit\" type=\"submit\"  value=\"Git\" \/>\n<input type=\"hidden\" name=\"trp-form-language\" value=\"tr\"\/><\/form><\/div><\/div><\/div><\/div>\t\t\t\t<\/div>\n\t\t\t\t<\/div>\n\t\t\t\t<div class=\"elementor-element elementor-element-b646738 elementor-align-center elementor-widget elementor-widget-dt-header-menu\" data-id=\"b646738\" data-element_type=\"widget\" data-e-type=\"widget\" data-widget_type=\"dt-header-menu.default\">\n\t\t\t\t<div class=\"elementor-widget-container\">\n\t\t\t\t\t<div class=\"dt-header-menu\" data-menu=\"26\"><div class=\"menu-container\"><ul id=\"menu-header-menu\" class=\"dt-primary-nav\" data-menu=\"26\"> <li class=\"close-nav\"><\/li> <li id=\"menu-item-156\" class=\"menu-item menu-item-type-custom menu-item-object-custom menu-item-156 menu-item-depth-0\"><a href=\"https:\/\/enelyashop.com\/tr\"><span>Ev<\/span><\/a><\/li>\n<li id=\"menu-item-21603\" class=\"menu-item menu-item-type-taxonomy menu-item-object-product_cat menu-item-has-children menu-item-21603 menu-item-depth-0\"><a href=\"https:\/\/enelyashop.com\/tr\/urun-kategori\/parfum\/\"><span>Parf\u00fcmler<\/span><\/a>\n<ul class=\"sub-menu is-hidden\">\n<li class=\"close-nav\"><\/li><li class=\"go-back\"><a href=\"javascript:void(0);\"><\/a><\/li><li class=\"see-all\"><\/li>\t<li id=\"menu-item-22045\" class=\"menu-item menu-item-type-taxonomy menu-item-object-product_cat menu-item-22045 menu-item-depth-1\"><a href=\"https:\/\/enelyashop.com\/tr\/urun-kategori\/parfum\/kadin\/\"><span>Kad\u0131n<\/span><\/a><\/li>\n\t<li id=\"menu-item-22046\" class=\"menu-item menu-item-type-taxonomy menu-item-object-product_cat menu-item-22046 menu-item-depth-1\"><a href=\"https:\/\/enelyashop.com\/tr\/urun-kategori\/parfum\/adam\/\"><span>Adam<\/span><\/a><\/li>\n\t<li id=\"menu-item-22048\" class=\"menu-item menu-item-type-taxonomy menu-item-object-product_cat menu-item-22048 menu-item-depth-1\"><a href=\"https:\/\/enelyashop.com\/tr\/urun-kategori\/parfum\/unisex\/\"><span>Unisex<\/span><\/a><\/li>\n\t<li id=\"menu-item-22047\" class=\"menu-item menu-item-type-taxonomy menu-item-object-product_cat menu-item-22047 menu-item-depth-1\"><a href=\"https:\/\/enelyashop.com\/tr\/urun-kategori\/parfum\/luks\/\"><span>L\u00fcks<\/span><\/a><\/li>\n<\/ul>\n<\/li>\n<li id=\"menu-item-22032\" class=\"menu-item menu-item-type-taxonomy menu-item-object-product_cat menu-item-22032 menu-item-depth-0\"><a href=\"https:\/\/enelyashop.com\/tr\/urun-kategori\/oda-kokusu-difuzorleri\/\"><span>Oda Kokusu<\/span><\/a><\/li>\n<li id=\"menu-item-20560\" class=\"menu-item menu-item-type-post_type menu-item-object-page menu-item-20560 menu-item-depth-0\"><a href=\"https:\/\/enelyashop.com\/tr\/iletisim-2\/\"><span>\u0130leti\u015fim<\/span><\/a><\/li>\n <\/ul> <div class=\"sub-menu-overlay\"><\/div><\/div><div class=\"mobile-nav-container mobile-nav-offcanvas-right\" data-menu=\"26\"><div class=\"menu-trigger menu-trigger-icon\" data-menu=\"26\"><i><\/i><span>Men\u00fc<\/span><\/div><div class=\"mobile-menu\" data-menu=\"26\"><\/div><div class=\"overlay\"><\/div><\/div><\/div>\t\t\t\t<\/div>\n\t\t\t\t<\/div>\n\t\t\t\t<\/header>\n\t\t<div class=\"elementor-element elementor-element-ca6ddf2 e-flex e-con-boxed e-con e-parent\" data-id=\"ca6ddf2\" data-element_type=\"container\" data-e-type=\"container\" data-settings=\"{&quot;jet_parallax_layout_list&quot;:[]}\">\n\t\t\t\t\t<div class=\"e-con-inner\">\n\t\t\t\t<div class=\"elementor-element elementor-element-b93c02b elementor-widget elementor-widget-image\" data-id=\"b93c02b\" data-element_type=\"widget\" data-e-type=\"widget\" data-widget_type=\"image.default\">\n\t\t\t\t\t\t\t\t\t\t\t\t\t\t\t<img loading=\"lazy\" decoding=\"async\" width=\"1024\" height=\"863\" src=\"https:\/\/enelyashop.com\/wp-content\/uploads\/2025\/01\/first-1024x863.png\" class=\"attachment-large size-large wp-image-22634\" alt=\"\" srcset=\"https:\/\/enelyashop.com\/wp-content\/uploads\/2025\/01\/first-1024x863.png 1024w, https:\/\/enelyashop.com\/wp-content\/uploads\/2025\/01\/first-300x253.png 300w, https:\/\/enelyashop.com\/wp-content\/uploads\/2025\/01\/first-768x647.png 768w, https:\/\/enelyashop.com\/wp-content\/uploads\/2025\/01\/first-1536x1294.png 1536w, https:\/\/enelyashop.com\/wp-content\/uploads\/2025\/01\/first-2048x1726.png 2048w, https:\/\/enelyashop.com\/wp-content\/uploads\/2025\/01\/first-14x12.png 14w, https:\/\/enelyashop.com\/wp-content\/uploads\/2025\/01\/first-570x480.png 570w, https:\/\/enelyashop.com\/wp-content\/uploads\/2025\/01\/first-750x632.png 750w, https:\/\/enelyashop.com\/wp-content\/uploads\/2025\/01\/first-540x455.png 540w, https:\/\/enelyashop.com\/wp-content\/uploads\/2025\/01\/first-1000x843.png 1000w, https:\/\/enelyashop.com\/wp-content\/uploads\/2025\/01\/first-100x84.png 100w\" sizes=\"auto, (max-width: 1024px) 100vw, 1024px\" \/>\t\t\t\t\t\t\t\t\t\t\t\t\t\t\t<\/div>\n\t\t\t\t\t<\/div>\n\t\t\t\t<\/div>\n\t\t<div class=\"elementor-element elementor-element-76ecec3 e-flex e-con-boxed e-con e-parent\" data-id=\"76ecec3\" data-element_type=\"container\" data-e-type=\"container\" data-settings=\"{&quot;jet_parallax_layout_list&quot;:[]}\">\n\t\t\t\t\t<div class=\"e-con-inner\">\n\t\t\t\t<div class=\"elementor-element elementor-element-cc90ce5 elementor-widget-divider--view-line elementor-widget elementor-widget-divider\" data-id=\"cc90ce5\" data-element_type=\"widget\" data-e-type=\"widget\" data-widget_type=\"divider.default\">\n\t\t\t\t\t\t\t<div class=\"elementor-divider\">\n\t\t\t<span class=\"elementor-divider-separator\">\n\t\t\t\t\t\t<\/span>\n\t\t<\/div>\n\t\t\t\t\t\t<\/div>\n\t\t\t\t\t<\/div>\n\t\t\t\t<\/div>\n\t\t<div class=\"elementor-element elementor-element-ed85316 e-flex e-con-boxed e-con e-parent\" data-id=\"ed85316\" data-element_type=\"container\" data-e-type=\"container\" data-settings=\"{&quot;jet_parallax_layout_list&quot;:[]}\">\n\t\t\t\t\t<div class=\"e-con-inner\">\n\t\t<div class=\"elementor-element elementor-element-f772a97 e-con-full e-flex e-con e-child\" data-id=\"f772a97\" data-element_type=\"container\" data-e-type=\"container\" data-settings=\"{&quot;jet_parallax_layout_list&quot;:[]}\">\n\t\t\t\t<div class=\"elementor-element elementor-element-33b5d98 elementor-widget__width-initial elementor-widget elementor-widget-text-editor\" data-id=\"33b5d98\" data-element_type=\"widget\" data-e-type=\"widget\" data-widget_type=\"text-editor.default\">\n\t\t\t\t\t\t\t\t\t<h6 style=\"text-align: left;\"><strong>Kokular duygular\u0131n ve an\u0131lar\u0131n dilidir, ki\u015fisel stilin \u00f6nemli bir par\u00e7as\u0131d\u0131r.<br \/><\/strong><b>Parf\u00fcm sadece bir aksesuar de\u011fildir; ki\u015finin karakterini yans\u0131tan ay\u0131rt edici bir imzad\u0131r. Bu ma\u011faza, bu imzay\u0131 m\u00fckemmelle\u015ftirmek isteyenler i\u00e7in \u00f6zenle se\u00e7ilmi\u015f l\u00fcks ve y\u00fcksek kaliteli parf\u00fcmleri bir araya getiriyor.<br \/><\/b><b>Amac\u0131m\u0131z sadece bir \u00fcr\u00fcn de\u011fil, ayn\u0131 zamanda bir deneyim sunmakt\u0131r. Her koku kendine \u00f6zg\u00fc hikayesiyle sizi bir yolculu\u011fa \u00e7\u0131karacak. Hem modern hem de klasik tarzlardan esinlenerek zengin bir \u00fcr\u00fcn \u00e7e\u015fitlili\u011fi sunuyoruz.<br \/><\/b><b>Ma\u011fazam\u0131zda sadece kokulara de\u011fil, ayn\u0131 zamanda m\u00fc\u015fteri memnuniyetine ve benzersiz bir al\u0131\u015fveri\u015f deneyimine de de\u011fer veriyoruz. Hayallerinizdeki kokuyu ke\u015ffetmenize yard\u0131mc\u0131 olmak i\u00e7in buraday\u0131z.<br \/><\/b><b>Bu yolculukta size e\u015flik etmek bizim i\u00e7in bir zevk. Her nefeste unutulmaz izlenimler b\u0131rakmak dile\u011fiyle...<\/b><\/h6>\t\t\t\t\t\t\t\t<\/div>\n\t\t\t\t<\/div>\n\t\t\t\t\t<\/div>\n\t\t\t\t<\/div>\n\t\t<div class=\"elementor-element elementor-element-d07fe6a e-con-full e-flex e-con e-parent\" data-id=\"d07fe6a\" data-element_type=\"container\" data-e-type=\"container\" data-settings=\"{&quot;jet_parallax_layout_list&quot;:[]}\">\n\t\t<div class=\"elementor-element elementor-element-9457571 e-con-full e-flex e-con e-child\" data-id=\"9457571\" data-element_type=\"container\" data-e-type=\"container\" data-settings=\"{&quot;jet_parallax_layout_list&quot;:[]}\">\n\t\t\t\t<div class=\"elementor-element elementor-element-6dd9e03 elementor-widget__width-initial elementor-widget elementor-widget-image\" data-id=\"6dd9e03\" data-element_type=\"widget\" data-e-type=\"widget\" data-widget_type=\"image.default\">\n\t\t\t\t\t\t\t\t\t\t\t\t<figure class=\"wp-caption\">\n\t\t\t\t\t\t\t\t\t\t\t<a href=\"https:\/\/enelyashop.com\/tr\/urun-kategori\/parfum\/kadin\/\">\n\t\t\t\t\t\t\t<img loading=\"lazy\" decoding=\"async\" width=\"1000\" height=\"1000\" src=\"https:\/\/enelyashop.com\/wp-content\/uploads\/2025\/01\/2a-1000x1000.png\" class=\"attachment-woocommerce_thumbnail size-woocommerce_thumbnail wp-image-22620\" alt=\"\" srcset=\"https:\/\/enelyashop.com\/wp-content\/uploads\/2025\/01\/2a-1000x1000.png 1000w, https:\/\/enelyashop.com\/wp-content\/uploads\/2025\/01\/2a-150x150.png 150w, https:\/\/enelyashop.com\/wp-content\/uploads\/2025\/01\/2a-450x450.png 450w, https:\/\/enelyashop.com\/wp-content\/uploads\/2025\/01\/2a-420x420.png 420w\" sizes=\"auto, (max-width: 1000px) 100vw, 1000px\" \/>\t\t\t\t\t\t\t\t<\/a>\n\t\t\t\t\t\t\t\t\t\t\t<figcaption class=\"widget-image-caption wp-caption-text\">Damen <\/figcaption>\n\t\t\t\t\t\t\t\t\t\t<\/figure>\n\t\t\t\t\t\t\t\t\t<\/div>\n\t\t\t\t<\/div>\n\t\t<div class=\"elementor-element elementor-element-8ad63c1 e-con-full e-flex e-con e-child\" data-id=\"8ad63c1\" data-element_type=\"container\" data-e-type=\"container\" data-settings=\"{&quot;jet_parallax_layout_list&quot;:[]}\">\n\t\t\t\t<div class=\"elementor-element elementor-element-97887eb elementor-widget__width-initial elementor-widget elementor-widget-image\" data-id=\"97887eb\" data-element_type=\"widget\" data-e-type=\"widget\" data-widget_type=\"image.default\">\n\t\t\t\t\t\t\t\t\t\t\t\t<figure class=\"wp-caption\">\n\t\t\t\t\t\t\t\t\t\t\t<a href=\"https:\/\/enelyashop.com\/tr\/urun-kategori\/parfum\/luks\/\">\n\t\t\t\t\t\t\t<img loading=\"lazy\" decoding=\"async\" width=\"1000\" height=\"1000\" src=\"https:\/\/enelyashop.com\/wp-content\/uploads\/2025\/01\/3a-1000x1000.png\" class=\"attachment-woocommerce_thumbnail size-woocommerce_thumbnail wp-image-22621\" alt=\"\" srcset=\"https:\/\/enelyashop.com\/wp-content\/uploads\/2025\/01\/3a-1000x1000.png 1000w, https:\/\/enelyashop.com\/wp-content\/uploads\/2025\/01\/3a-150x150.png 150w, https:\/\/enelyashop.com\/wp-content\/uploads\/2025\/01\/3a-450x450.png 450w, https:\/\/enelyashop.com\/wp-content\/uploads\/2025\/01\/3a-420x420.png 420w\" sizes=\"auto, (max-width: 1000px) 100vw, 1000px\" \/>\t\t\t\t\t\t\t\t<\/a>\n\t\t\t\t\t\t\t\t\t\t\t<figcaption class=\"widget-image-caption wp-caption-text\">L\u00fcks<\/figcaption>\n\t\t\t\t\t\t\t\t\t\t<\/figure>\n\t\t\t\t\t\t\t\t\t<\/div>\n\t\t\t\t<\/div>\n\t\t<div class=\"elementor-element elementor-element-d2c56b8 e-con-full e-flex e-con e-child\" data-id=\"d2c56b8\" data-element_type=\"container\" data-e-type=\"container\" data-settings=\"{&quot;jet_parallax_layout_list&quot;:[]}\">\n\t\t\t\t<div class=\"elementor-element elementor-element-1c28cef elementor-widget__width-initial elementor-widget elementor-widget-image\" data-id=\"1c28cef\" data-element_type=\"widget\" data-e-type=\"widget\" data-widget_type=\"image.default\">\n\t\t\t\t\t\t\t\t\t\t\t\t<figure class=\"wp-caption\">\n\t\t\t\t\t\t\t\t\t\t\t<a href=\"https:\/\/enelyashop.com\/tr\/urun-kategori\/parfum\/adam\/\">\n\t\t\t\t\t\t\t<img loading=\"lazy\" decoding=\"async\" width=\"1000\" height=\"1000\" src=\"https:\/\/enelyashop.com\/wp-content\/uploads\/2025\/01\/4a-1000x1000.png\" class=\"attachment-woocommerce_thumbnail size-woocommerce_thumbnail wp-image-22622\" alt=\"\" srcset=\"https:\/\/enelyashop.com\/wp-content\/uploads\/2025\/01\/4a-1000x1000.png 1000w, https:\/\/enelyashop.com\/wp-content\/uploads\/2025\/01\/4a-150x150.png 150w, https:\/\/enelyashop.com\/wp-content\/uploads\/2025\/01\/4a-450x450.png 450w, https:\/\/enelyashop.com\/wp-content\/uploads\/2025\/01\/4a-420x420.png 420w\" sizes=\"auto, (max-width: 1000px) 100vw, 1000px\" \/>\t\t\t\t\t\t\t\t<\/a>\n\t\t\t\t\t\t\t\t\t\t\t<figcaption class=\"widget-image-caption wp-caption-text\">Herren <\/figcaption>\n\t\t\t\t\t\t\t\t\t\t<\/figure>\n\t\t\t\t\t\t\t\t\t<\/div>\n\t\t\t\t<\/div>\n\t\t<div class=\"elementor-element elementor-element-8efef04 e-con-full e-flex e-con e-child\" data-id=\"8efef04\" data-element_type=\"container\" data-e-type=\"container\" data-settings=\"{&quot;jet_parallax_layout_list&quot;:[]}\">\n\t\t\t\t<div class=\"elementor-element elementor-element-44e5d6b elementor-widget__width-initial elementor-widget elementor-widget-image\" data-id=\"44e5d6b\" data-element_type=\"widget\" data-e-type=\"widget\" data-widget_type=\"image.default\">\n\t\t\t\t\t\t\t\t\t\t\t\t<figure class=\"wp-caption\">\n\t\t\t\t\t\t\t\t\t\t\t<a href=\"https:\/\/enelyashop.com\/tr\/urun-kategori\/parfum\/unisex\/\">\n\t\t\t\t\t\t\t<img loading=\"lazy\" decoding=\"async\" width=\"1000\" height=\"1000\" src=\"https:\/\/enelyashop.com\/wp-content\/uploads\/2025\/01\/erkek-1000x1000.jpg\" class=\"attachment-woocommerce_thumbnail size-woocommerce_thumbnail wp-image-22568\" alt=\"\" srcset=\"https:\/\/enelyashop.com\/wp-content\/uploads\/2025\/01\/erkek-1000x1000.jpg 1000w, https:\/\/enelyashop.com\/wp-content\/uploads\/2025\/01\/erkek-150x150.jpg 150w, https:\/\/enelyashop.com\/wp-content\/uploads\/2025\/01\/erkek-450x450.jpg 450w, https:\/\/enelyashop.com\/wp-content\/uploads\/2025\/01\/erkek-420x420.jpg 420w\" sizes=\"auto, (max-width: 1000px) 100vw, 1000px\" \/>\t\t\t\t\t\t\t\t<\/a>\n\t\t\t\t\t\t\t\t\t\t\t<figcaption class=\"widget-image-caption wp-caption-text\">Unisex<\/figcaption>\n\t\t\t\t\t\t\t\t\t\t<\/figure>\n\t\t\t\t\t\t\t\t\t<\/div>\n\t\t\t\t<\/div>\n\t\t<div class=\"elementor-element elementor-element-8536a7b e-con-full e-flex e-con e-child\" data-id=\"8536a7b\" data-element_type=\"container\" data-e-type=\"container\" data-settings=\"{&quot;jet_parallax_layout_list&quot;:[]}\">\n\t\t\t\t<div class=\"elementor-element elementor-element-989cb9f elementor-widget__width-initial elementor-widget elementor-widget-image\" data-id=\"989cb9f\" data-element_type=\"widget\" data-e-type=\"widget\" data-widget_type=\"image.default\">\n\t\t\t\t\t\t\t\t\t\t\t\t<figure class=\"wp-caption\">\n\t\t\t\t\t\t\t\t\t\t\t<a href=\"https:\/\/enelyashop.com\/tr\/urun-kategori\/oda-kokusu-difuzorleri\/\">\n\t\t\t\t\t\t\t<img loading=\"lazy\" decoding=\"async\" width=\"1000\" height=\"1000\" src=\"https:\/\/enelyashop.com\/wp-content\/uploads\/2025\/01\/5a-1000x1000.png\" class=\"attachment-woocommerce_thumbnail size-woocommerce_thumbnail wp-image-22623\" alt=\"\" srcset=\"https:\/\/enelyashop.com\/wp-content\/uploads\/2025\/01\/5a-1000x1000.png 1000w, https:\/\/enelyashop.com\/wp-content\/uploads\/2025\/01\/5a-150x150.png 150w, https:\/\/enelyashop.com\/wp-content\/uploads\/2025\/01\/5a-450x450.png 450w, https:\/\/enelyashop.com\/wp-content\/uploads\/2025\/01\/5a-420x420.png 420w\" sizes=\"auto, (max-width: 1000px) 100vw, 1000px\" \/>\t\t\t\t\t\t\t\t<\/a>\n\t\t\t\t\t\t\t\t\t\t\t<figcaption class=\"widget-image-caption wp-caption-text\">Raumduft <\/figcaption>\n\t\t\t\t\t\t\t\t\t\t<\/figure>\n\t\t\t\t\t\t\t\t\t<\/div>\n\t\t\t\t<\/div>\n\t\t\t\t<\/div>\n\t\t<div class=\"elementor-element elementor-element-c11c4bb e-flex e-con-boxed e-con e-parent\" data-id=\"c11c4bb\" data-element_type=\"container\" data-e-type=\"container\" data-settings=\"{&quot;jet_parallax_layout_list&quot;:[]}\">\n\t\t\t\t\t<div class=\"e-con-inner\">\n\t\t\t\t<div class=\"elementor-element elementor-element-e2eada4 elementor-widget-divider--view-line elementor-widget elementor-widget-divider\" data-id=\"e2eada4\" data-element_type=\"widget\" data-e-type=\"widget\" data-widget_type=\"divider.default\">\n\t\t\t\t\t\t\t<div class=\"elementor-divider\">\n\t\t\t<span class=\"elementor-divider-separator\">\n\t\t\t\t\t\t<\/span>\n\t\t<\/div>\n\t\t\t\t\t\t<\/div>\n\t\t\t\t\t<\/div>\n\t\t\t\t<\/div>\n\t\t\t\t<\/div>","protected":false},"excerpt":{"rendered":"<p>0 Home Perfumes Woman Man Unisex Luxury Room Fragrance Contact Menu Fragrances are the language of emotions and memories, an essential part of personal style.Perfume is not just an accessory; it is a distinctive signature that reflects one&#8217;s character. This store brings together carefully selected luxury and high-quality perfumes for those who wish to perfect [&hellip;]<\/p>\n","protected":false},"author":2,"featured_media":0,"parent":0,"menu_order":0,"comment_status":"closed","ping_status":"closed","template":"","meta":{"_joinchat":[],"footnotes":""},"class_list":["post-21155","page","type-page","status-publish","hentry"],"_links":{"self":[{"href":"https:\/\/enelyashop.com\/tr\/wp-json\/wp\/v2\/pages\/21155","targetHints":{"allow":["GET"]}}],"collection":[{"href":"https:\/\/enelyashop.com\/tr\/wp-json\/wp\/v2\/pages"}],"about":[{"href":"https:\/\/enelyashop.com\/tr\/wp-json\/wp\/v2\/types\/page"}],"author":[{"embeddable":true,"href":"https:\/\/enelyashop.com\/tr\/wp-json\/wp\/v2\/users\/2"}],"replies":[{"embeddable":true,"href":"https:\/\/enelyashop.com\/tr\/wp-json\/wp\/v2\/comments?post=21155"}],"version-history":[{"count":548,"href":"https:\/\/enelyashop.com\/tr\/wp-json\/wp\/v2\/pages\/21155\/revisions"}],"predecessor-version":[{"id":23436,"href":"https:\/\/enelyashop.com\/tr\/wp-json\/wp\/v2\/pages\/21155\/revisions\/23436"}],"wp:attachment":[{"href":"https:\/\/enelyashop.com\/tr\/wp-json\/wp\/v2\/media?parent=21155"}],"curies":[{"name":"wp","href":"https:\/\/api.w.org\/{rel}","templated":true}]}}