{"id":22910,"date":"2025-01-19T01:00:09","date_gmt":"2025-01-19T00:00:09","guid":{"rendered":"https:\/\/enelyashop.com\/?post_type=product&#038;p=22910"},"modified":"2025-01-30T01:20:17","modified_gmt":"2025-01-30T00:20:17","slug":"263-parfum-pour-elle-avec-30-essences-100-ml","status":"publish","type":"product","link":"https:\/\/enelyashop.com\/fr\/produit\/263-parfum-pour-elle-avec-30-essences-100-ml\/","title":{"rendered":"263 Parfum pour Elle avec l'essence 30% - 100 ml"},"content":{"rendered":"","protected":false},"excerpt":{"rendered":"<p><strong>Pyramide olfactive<\/strong><\/p>\n<ul>\n<li>Note de t\u00eate : pomme, cassis, cyclamen, melon, mousse de ch\u00eane, papaye, p\u00eache.<\/li>\n<li>Note de c\u0153ur : jasmin, lys, racine d'iris, jacinthe d'eau.<\/li>\n<li>Note de fond : Ambre, C\u00e8dre, Orchid\u00e9e, R\u00e9sines, Bois de santal, Vanille<\/li>\n<\/ul>\n<p><img loading=\"lazy\" decoding=\"async\" class=\"alignleft size-full wp-image-22911\" src=\"https:\/\/enelyashop.com\/wp-content\/uploads\/2025\/01\/Ekran-goruntusu-2025-01-19-025953.png\" alt=\"\" width=\"539\" height=\"425\" srcset=\"https:\/\/enelyashop.com\/wp-content\/uploads\/2025\/01\/Ekran-goruntusu-2025-01-19-025953.png 539w, https:\/\/enelyashop.com\/wp-content\/uploads\/2025\/01\/Ekran-goruntusu-2025-01-19-025953-300x237.png 300w, https:\/\/enelyashop.com\/wp-content\/uploads\/2025\/01\/Ekran-goruntusu-2025-01-19-025953-15x12.png 15w, https:\/\/enelyashop.com\/wp-content\/uploads\/2025\/01\/Ekran-goruntusu-2025-01-19-025953-100x79.png 100w\" sizes=\"auto, (max-width: 539px) 100vw, 539px\" \/><\/p>","protected":false},"featured_media":22270,"template":"","meta":{"_joinchat":[]},"product_brand":[],"product_cat":[66,69],"product_tag":[],"class_list":{"0":"post-22910","1":"product","2":"type-product","3":"status-publish","4":"has-post-thumbnail","6":"product_cat-perfume","7":"product_cat-woman","8":"pa_ml-100ml","9":"pa_ml-35ml","12":"instock","13":"shipping-taxable","14":"purchasable","15":"product-type-variable","16":"has-default-attributes","17":"product-grid-view"},"_links":{"self":[{"href":"https:\/\/enelyashop.com\/fr\/wp-json\/wp\/v2\/product\/22910","targetHints":{"allow":["GET"]}}],"collection":[{"href":"https:\/\/enelyashop.com\/fr\/wp-json\/wp\/v2\/product"}],"about":[{"href":"https:\/\/enelyashop.com\/fr\/wp-json\/wp\/v2\/types\/product"}],"version-history":[{"count":1,"href":"https:\/\/enelyashop.com\/fr\/wp-json\/wp\/v2\/product\/22910\/revisions"}],"predecessor-version":[{"id":22912,"href":"https:\/\/enelyashop.com\/fr\/wp-json\/wp\/v2\/product\/22910\/revisions\/22912"}],"wp:featuredmedia":[{"embeddable":true,"href":"https:\/\/enelyashop.com\/fr\/wp-json\/wp\/v2\/media\/22270"}],"wp:attachment":[{"href":"https:\/\/enelyashop.com\/fr\/wp-json\/wp\/v2\/media?parent=22910"}],"wp:term":[{"taxonomy":"product_brand","embeddable":true,"href":"https:\/\/enelyashop.com\/fr\/wp-json\/wp\/v2\/product_brand?post=22910"},{"taxonomy":"product_cat","embeddable":true,"href":"https:\/\/enelyashop.com\/fr\/wp-json\/wp\/v2\/product_cat?post=22910"},{"taxonomy":"product_tag","embeddable":true,"href":"https:\/\/enelyashop.com\/fr\/wp-json\/wp\/v2\/product_tag?post=22910"}],"curies":[{"name":"wp","href":"https:\/\/api.w.org\/{rel}","templated":true}]}}