{"id":22877,"date":"2025-01-19T00:42:31","date_gmt":"2025-01-18T23:42:31","guid":{"rendered":"https:\/\/enelyashop.com\/?post_type=product&#038;p=22877"},"modified":"2025-01-30T01:48:24","modified_gmt":"2025-01-30T00:48:24","slug":"048-parfum-pour-lui-avec-30-essence-100-ml","status":"publish","type":"product","link":"https:\/\/enelyashop.com\/fr\/produit\/048-parfum-pour-lui-avec-30-essence-100-ml\/","title":{"rendered":"048 Parfum Pour Lui avec l'essence 30% - 100 ml"},"content":{"rendered":"","protected":false},"excerpt":{"rendered":"<p><strong>Pyramide olfactive<\/strong><\/p>\n<ul>\n<li>Note de t\u00eate : Bergamote, gingembre, lavande, citron, mandarine, p\u00eache.<\/li>\n<li>Note de c\u0153ur : Anis, bois de rose br\u00e9silien, c\u00e8dre, freesia, gard\u00e9nia, jasmin, patchouli, poivre, rose, v\u00e9tiver.<\/li>\n<li>Note de fond : ambre, benjoin, noix de coco, cuir, musc, mousse de ch\u00eane, bois de santal, f\u00e8ve tonka, vanille.<\/li>\n<\/ul>\n<p><img loading=\"lazy\" decoding=\"async\" class=\"alignleft size-full wp-image-22878\" src=\"https:\/\/enelyashop.com\/wp-content\/uploads\/2025\/01\/Ekran-goruntusu-2025-01-19-024216.png\" alt=\"\" width=\"583\" height=\"417\" srcset=\"https:\/\/enelyashop.com\/wp-content\/uploads\/2025\/01\/Ekran-goruntusu-2025-01-19-024216.png 583w, https:\/\/enelyashop.com\/wp-content\/uploads\/2025\/01\/Ekran-goruntusu-2025-01-19-024216-300x215.png 300w, https:\/\/enelyashop.com\/wp-content\/uploads\/2025\/01\/Ekran-goruntusu-2025-01-19-024216-18x12.png 18w, https:\/\/enelyashop.com\/wp-content\/uploads\/2025\/01\/Ekran-goruntusu-2025-01-19-024216-540x386.png 540w, https:\/\/enelyashop.com\/wp-content\/uploads\/2025\/01\/Ekran-goruntusu-2025-01-19-024216-100x72.png 100w\" sizes=\"auto, (max-width: 583px) 100vw, 583px\" \/><\/p>","protected":false},"featured_media":22264,"template":"","meta":{"_joinchat":[]},"product_brand":[],"product_cat":[70,66],"product_tag":[],"class_list":{"0":"post-22877","1":"product","2":"type-product","3":"status-publish","4":"has-post-thumbnail","6":"product_cat-man","7":"product_cat-perfume","8":"pa_ml-100ml","9":"pa_ml-35ml","12":"instock","13":"shipping-taxable","14":"purchasable","15":"product-type-variable","16":"has-default-attributes","17":"product-grid-view"},"_links":{"self":[{"href":"https:\/\/enelyashop.com\/fr\/wp-json\/wp\/v2\/product\/22877","targetHints":{"allow":["GET"]}}],"collection":[{"href":"https:\/\/enelyashop.com\/fr\/wp-json\/wp\/v2\/product"}],"about":[{"href":"https:\/\/enelyashop.com\/fr\/wp-json\/wp\/v2\/types\/product"}],"version-history":[{"count":1,"href":"https:\/\/enelyashop.com\/fr\/wp-json\/wp\/v2\/product\/22877\/revisions"}],"predecessor-version":[{"id":22879,"href":"https:\/\/enelyashop.com\/fr\/wp-json\/wp\/v2\/product\/22877\/revisions\/22879"}],"wp:featuredmedia":[{"embeddable":true,"href":"https:\/\/enelyashop.com\/fr\/wp-json\/wp\/v2\/media\/22264"}],"wp:attachment":[{"href":"https:\/\/enelyashop.com\/fr\/wp-json\/wp\/v2\/media?parent=22877"}],"wp:term":[{"taxonomy":"product_brand","embeddable":true,"href":"https:\/\/enelyashop.com\/fr\/wp-json\/wp\/v2\/product_brand?post=22877"},{"taxonomy":"product_cat","embeddable":true,"href":"https:\/\/enelyashop.com\/fr\/wp-json\/wp\/v2\/product_cat?post=22877"},{"taxonomy":"product_tag","embeddable":true,"href":"https:\/\/enelyashop.com\/fr\/wp-json\/wp\/v2\/product_tag?post=22877"}],"curies":[{"name":"wp","href":"https:\/\/api.w.org\/{rel}","templated":true}]}}