{"id":22789,"date":"2025-01-18T19:26:37","date_gmt":"2025-01-18T18:26:37","guid":{"rendered":"https:\/\/enelyashop.com\/?post_type=product&#038;p=22789"},"modified":"2025-01-30T01:37:31","modified_gmt":"2025-01-30T00:37:31","slug":"015-parfum-pour-lui-avec-30-essences-100-ml","status":"publish","type":"product","link":"https:\/\/enelyashop.com\/fr\/produit\/015-parfum-pour-lui-avec-30-essences-100-ml\/","title":{"rendered":"015 Parfum Pour Lui avec l'essence 30% - 100 ml"},"content":{"rendered":"","protected":false},"excerpt":{"rendered":"<p><strong>Pyramide olfactive<\/strong><\/p>\n<ul>\n<li>Note de t\u00eate : basilic, bergamote, galbanum, pamplemousse.<\/li>\n<li>Note de c\u0153ur : H\u00e9liotrope, Jasmin, Gen\u00e9vrier, Pin.<\/li>\n<li>Note de fond : Benjoin, C\u00e8dre, Patchouli, Bois de santal<\/li>\n<\/ul>\n<p><img loading=\"lazy\" decoding=\"async\" class=\"alignleft size-full wp-image-22790\" src=\"https:\/\/enelyashop.com\/wp-content\/uploads\/2025\/01\/Ekran-goruntusu-2025-01-18-212618.png\" alt=\"\" width=\"594\" height=\"428\" srcset=\"https:\/\/enelyashop.com\/wp-content\/uploads\/2025\/01\/Ekran-goruntusu-2025-01-18-212618.png 594w, https:\/\/enelyashop.com\/wp-content\/uploads\/2025\/01\/Ekran-goruntusu-2025-01-18-212618-300x216.png 300w, https:\/\/enelyashop.com\/wp-content\/uploads\/2025\/01\/Ekran-goruntusu-2025-01-18-212618-18x12.png 18w, https:\/\/enelyashop.com\/wp-content\/uploads\/2025\/01\/Ekran-goruntusu-2025-01-18-212618-540x389.png 540w, https:\/\/enelyashop.com\/wp-content\/uploads\/2025\/01\/Ekran-goruntusu-2025-01-18-212618-100x72.png 100w\" sizes=\"auto, (max-width: 594px) 100vw, 594px\" \/><\/p>","protected":false},"featured_media":22264,"template":"","meta":{"_joinchat":[]},"product_brand":[],"product_cat":[70,66],"product_tag":[],"class_list":{"0":"post-22789","1":"product","2":"type-product","3":"status-publish","4":"has-post-thumbnail","6":"product_cat-man","7":"product_cat-perfume","8":"pa_ml-100ml","9":"pa_ml-35ml","12":"instock","13":"shipping-taxable","14":"purchasable","15":"product-type-variable","16":"has-default-attributes","17":"product-grid-view"},"_links":{"self":[{"href":"https:\/\/enelyashop.com\/fr\/wp-json\/wp\/v2\/product\/22789","targetHints":{"allow":["GET"]}}],"collection":[{"href":"https:\/\/enelyashop.com\/fr\/wp-json\/wp\/v2\/product"}],"about":[{"href":"https:\/\/enelyashop.com\/fr\/wp-json\/wp\/v2\/types\/product"}],"version-history":[{"count":1,"href":"https:\/\/enelyashop.com\/fr\/wp-json\/wp\/v2\/product\/22789\/revisions"}],"predecessor-version":[{"id":22791,"href":"https:\/\/enelyashop.com\/fr\/wp-json\/wp\/v2\/product\/22789\/revisions\/22791"}],"wp:featuredmedia":[{"embeddable":true,"href":"https:\/\/enelyashop.com\/fr\/wp-json\/wp\/v2\/media\/22264"}],"wp:attachment":[{"href":"https:\/\/enelyashop.com\/fr\/wp-json\/wp\/v2\/media?parent=22789"}],"wp:term":[{"taxonomy":"product_brand","embeddable":true,"href":"https:\/\/enelyashop.com\/fr\/wp-json\/wp\/v2\/product_brand?post=22789"},{"taxonomy":"product_cat","embeddable":true,"href":"https:\/\/enelyashop.com\/fr\/wp-json\/wp\/v2\/product_cat?post=22789"},{"taxonomy":"product_tag","embeddable":true,"href":"https:\/\/enelyashop.com\/fr\/wp-json\/wp\/v2\/product_tag?post=22789"}],"curies":[{"name":"wp","href":"https:\/\/api.w.org\/{rel}","templated":true}]}}