{"id":22180,"date":"2024-11-28T20:18:49","date_gmt":"2024-11-28T19:18:49","guid":{"rendered":"https:\/\/enelyashop.com\/?post_type=product&#038;p=22180"},"modified":"2025-01-14T01:23:31","modified_gmt":"2025-01-14T00:23:31","slug":"cop0021-cooperativa-profumieri-diffuseur-de-parfum-dambiance-coeur-de-fruits-rouges-100-ml","status":"publish","type":"product","link":"https:\/\/enelyashop.com\/fr\/produit\/cop0021-cooperativa-profumieri-diffuseur-de-parfum-dambiance-coeur-de-fruits-rouges-100-ml\/","title":{"rendered":"COP0021 \"Cooperativa Profumieri\" - Diffuseur de parfum d'ambiance | C\u0153ur de fruits rouges - 100 ml"},"content":{"rendered":"","protected":false},"excerpt":{"rendered":"<p class=\"mb-2\">De la sensibilit\u00e9 et de la cr\u00e9ativit\u00e9 de nos parfumeurs experts naissent des parfums d'ambiance qui enchantent l'esprit et s\u00e9duisent les sens.<\/p>\n<p class=\"mb-2\">Les parfumeurs sont les ma\u00eetres de la cr\u00e9ation de fragrances, un art ancestral venu d'Orient.<br \/>\n\u00c9galement appel\u00e9s \"compositeurs\", les parfumeurs combinent les notes olfactives comme des notes de musique, cr\u00e9ant ainsi des symphonies d'ar\u00f4mes inoubliables.<\/p>\n<p class=\"mb-2\">Les parfums Cooperativa Profumieri se r\u00e9pandent dans les pi\u00e8ces comme une musique, titillant l'imagination avec leurs notes vives et s\u00e9duisant l'odorat avec leurs notes plus chaudes et plus intenses.<\/p>","protected":false},"featured_media":22584,"template":"elementor_theme","meta":{"_joinchat":[]},"product_brand":[],"product_cat":[66,163],"product_tag":[],"class_list":{"0":"post-22180","1":"product","2":"type-product","3":"status-publish","4":"has-post-thumbnail","6":"product_cat-perfume","7":"product_cat-room-fragrance-diffusers","10":"instock","11":"shipping-taxable","12":"purchasable","13":"product-type-simple","14":"product-grid-view"},"_links":{"self":[{"href":"https:\/\/enelyashop.com\/fr\/wp-json\/wp\/v2\/product\/22180","targetHints":{"allow":["GET"]}}],"collection":[{"href":"https:\/\/enelyashop.com\/fr\/wp-json\/wp\/v2\/product"}],"about":[{"href":"https:\/\/enelyashop.com\/fr\/wp-json\/wp\/v2\/types\/product"}],"version-history":[{"count":2,"href":"https:\/\/enelyashop.com\/fr\/wp-json\/wp\/v2\/product\/22180\/revisions"}],"predecessor-version":[{"id":22379,"href":"https:\/\/enelyashop.com\/fr\/wp-json\/wp\/v2\/product\/22180\/revisions\/22379"}],"wp:featuredmedia":[{"embeddable":true,"href":"https:\/\/enelyashop.com\/fr\/wp-json\/wp\/v2\/media\/22584"}],"wp:attachment":[{"href":"https:\/\/enelyashop.com\/fr\/wp-json\/wp\/v2\/media?parent=22180"}],"wp:term":[{"taxonomy":"product_brand","embeddable":true,"href":"https:\/\/enelyashop.com\/fr\/wp-json\/wp\/v2\/product_brand?post=22180"},{"taxonomy":"product_cat","embeddable":true,"href":"https:\/\/enelyashop.com\/fr\/wp-json\/wp\/v2\/product_cat?post=22180"},{"taxonomy":"product_tag","embeddable":true,"href":"https:\/\/enelyashop.com\/fr\/wp-json\/wp\/v2\/product_tag?post=22180"}],"curies":[{"name":"wp","href":"https:\/\/api.w.org\/{rel}","templated":true}]}}