{"id":21795,"date":"2024-11-27T17:18:42","date_gmt":"2024-11-27T16:18:42","guid":{"rendered":"https:\/\/enelyashop.com\/?post_type=product&#038;p=21795"},"modified":"2025-01-19T01:31:02","modified_gmt":"2025-01-19T00:31:02","slug":"parfum-unisexe-avec-30-essences-100-ml-3","status":"publish","type":"product","link":"https:\/\/enelyashop.com\/fr\/produit\/parfum-unisexe-avec-30-essences-100-ml-3\/","title":{"rendered":"054 Parfum unisexe avec l'essence 30% - 100 ml"},"content":{"rendered":"","protected":false},"excerpt":{"rendered":"<p class=\"text-justify\">Un parfum voluptueux, cr\u00e9\u00e9 pour les personnalit\u00e9s sophistiqu\u00e9es et intrigantes. Un parfum qui s\u00e9duit par ses notes chaudes et sombres, donnant naissance \u00e0 une senteur moderne et intemporelle avec un c\u0153ur d'orchid\u00e9e.<\/p>\n<p><strong>Pyramide olfactive<\/strong><\/p>\n<ul>\n<li>Note de t\u00eate : Bergamote, cassis, gard\u00e9nia, jasmin, citron, mandarine, truffe, ylang-ylang.<\/li>\n<li>Note de c\u0153ur : notes fruit\u00e9es, gard\u00e9nia, jasmin, lotus, orchid\u00e9e, \u00e9pices, ylang-ylang.<\/li>\n<li>Note de fond : Ambre, chocolat noir, encens, musc, patchouli, bois de santal, vanille, v\u00e9tiver.<\/li>\n<\/ul>\n<p><img loading=\"lazy\" decoding=\"async\" class=\"alignleft size-full wp-image-22340\" src=\"https:\/\/enelyashop.com\/wp-content\/uploads\/2024\/11\/Ekran-Resmi-2024-11-30-06.37.34.png\" alt=\"\" width=\"1026\" height=\"722\" srcset=\"https:\/\/enelyashop.com\/wp-content\/uploads\/2024\/11\/Ekran-Resmi-2024-11-30-06.37.34.png 1026w, https:\/\/enelyashop.com\/wp-content\/uploads\/2024\/11\/Ekran-Resmi-2024-11-30-06.37.34-300x211.png 300w, https:\/\/enelyashop.com\/wp-content\/uploads\/2024\/11\/Ekran-Resmi-2024-11-30-06.37.34-1024x721.png 1024w, https:\/\/enelyashop.com\/wp-content\/uploads\/2024\/11\/Ekran-Resmi-2024-11-30-06.37.34-768x540.png 768w, https:\/\/enelyashop.com\/wp-content\/uploads\/2024\/11\/Ekran-Resmi-2024-11-30-06.37.34-18x12.png 18w, https:\/\/enelyashop.com\/wp-content\/uploads\/2024\/11\/Ekran-Resmi-2024-11-30-06.37.34-750x528.png 750w, https:\/\/enelyashop.com\/wp-content\/uploads\/2024\/11\/Ekran-Resmi-2024-11-30-06.37.34-540x380.png 540w, https:\/\/enelyashop.com\/wp-content\/uploads\/2024\/11\/Ekran-Resmi-2024-11-30-06.37.34-1000x704.png 1000w, https:\/\/enelyashop.com\/wp-content\/uploads\/2024\/11\/Ekran-Resmi-2024-11-30-06.37.34-100x70.png 100w\" sizes=\"auto, (max-width: 1026px) 100vw, 1026px\" \/><\/p>","protected":false},"featured_media":22264,"template":"elementor_theme","meta":{"_joinchat":[]},"product_brand":[],"product_cat":[66,71],"product_tag":[],"class_list":{"0":"post-21795","1":"product","2":"type-product","3":"status-publish","4":"has-post-thumbnail","6":"product_cat-perfume","7":"product_cat-unisex","10":"instock","11":"shipping-taxable","12":"purchasable","13":"product-type-simple","14":"product-grid-view"},"_links":{"self":[{"href":"https:\/\/enelyashop.com\/fr\/wp-json\/wp\/v2\/product\/21795","targetHints":{"allow":["GET"]}}],"collection":[{"href":"https:\/\/enelyashop.com\/fr\/wp-json\/wp\/v2\/product"}],"about":[{"href":"https:\/\/enelyashop.com\/fr\/wp-json\/wp\/v2\/types\/product"}],"version-history":[{"count":4,"href":"https:\/\/enelyashop.com\/fr\/wp-json\/wp\/v2\/product\/21795\/revisions"}],"predecessor-version":[{"id":22393,"href":"https:\/\/enelyashop.com\/fr\/wp-json\/wp\/v2\/product\/21795\/revisions\/22393"}],"wp:featuredmedia":[{"embeddable":true,"href":"https:\/\/enelyashop.com\/fr\/wp-json\/wp\/v2\/media\/22264"}],"wp:attachment":[{"href":"https:\/\/enelyashop.com\/fr\/wp-json\/wp\/v2\/media?parent=21795"}],"wp:term":[{"taxonomy":"product_brand","embeddable":true,"href":"https:\/\/enelyashop.com\/fr\/wp-json\/wp\/v2\/product_brand?post=21795"},{"taxonomy":"product_cat","embeddable":true,"href":"https:\/\/enelyashop.com\/fr\/wp-json\/wp\/v2\/product_cat?post=21795"},{"taxonomy":"product_tag","embeddable":true,"href":"https:\/\/enelyashop.com\/fr\/wp-json\/wp\/v2\/product_tag?post=21795"}],"curies":[{"name":"wp","href":"https:\/\/api.w.org\/{rel}","templated":true}]}}