{"id":21791,"date":"2024-11-27T17:11:04","date_gmt":"2024-11-27T16:11:04","guid":{"rendered":"https:\/\/enelyashop.com\/?post_type=product&#038;p=21791"},"modified":"2025-01-12T21:57:53","modified_gmt":"2025-01-12T20:57:53","slug":"parfum-unisexe-avec-30-essences-50-ml-2","status":"publish","type":"product","link":"https:\/\/enelyashop.com\/fr\/produit\/parfum-unisexe-avec-30-essences-50-ml-2\/","title":{"rendered":"141 Parfum unisexe avec essence 30% - 50 ml"},"content":{"rendered":"","protected":false},"excerpt":{"rendered":"<p class=\"text-justify\">Un parfum mixte \u00e9vocateur aux multiples facettes qui combine habilement une multitude de notes pour recr\u00e9er les atmosph\u00e8res magiques et r\u00eaveuses des nuits orientales. Les accords fruit\u00e9s, \u00e9pic\u00e9s et bois\u00e9s s'entrem\u00ealent et enchantent les sens, les interpellant par la complexit\u00e9 d'une fragrance inspir\u00e9e par le charme d'une histoire mill\u00e9naire \u00e9crite dans le sable du d\u00e9sert et envelopp\u00e9e de myst\u00e8re.<\/p>\n<p><strong>Pyramide olfactive<\/strong><\/p>\n<ul>\n<li>Note de t\u00eate : pomme, bergamote, cassis, fruits confits, cardamome, cannelle, noix de coco, caf\u00e9, cumin, rose de Damas, fruits secs, p\u00eache, poivre, ananas, poivre rose, notes \u00e9pic\u00e9es, fraise, orange douce.<\/li>\n<li>Note de c\u0153ur : Bois d'Agar (Oud), Amyris, Bois de C\u00e8dre, Coriandre, Huile de Cypriol ou Nagarmotha, Iris, Jasmin, Muguet, Rose, Safran, Bois de Santal, Violette.<\/li>\n<li>Note de fond : Ambre, Ambre gris, Civette, Bois de Ga\u00efac, Encens, Labdanum, Cuir, Mousse, Mousse de ch\u00eane, Patchouli, Baume du P\u00e9rou, Bois de santal, Fum\u00e9e, Baume de Tolu, Vanille, V\u00e9tiver, Musc blanc.<\/li>\n<\/ul>\n<p><img loading=\"lazy\" decoding=\"async\" class=\"alignleft size-full wp-image-22344\" src=\"https:\/\/enelyashop.com\/wp-content\/uploads\/2024\/11\/Ekran-Resmi-2024-11-30-06.39.23.png\" alt=\"\" width=\"1202\" height=\"690\" srcset=\"https:\/\/enelyashop.com\/wp-content\/uploads\/2024\/11\/Ekran-Resmi-2024-11-30-06.39.23.png 1202w, https:\/\/enelyashop.com\/wp-content\/uploads\/2024\/11\/Ekran-Resmi-2024-11-30-06.39.23-300x172.png 300w, https:\/\/enelyashop.com\/wp-content\/uploads\/2024\/11\/Ekran-Resmi-2024-11-30-06.39.23-1024x588.png 1024w, https:\/\/enelyashop.com\/wp-content\/uploads\/2024\/11\/Ekran-Resmi-2024-11-30-06.39.23-768x441.png 768w, https:\/\/enelyashop.com\/wp-content\/uploads\/2024\/11\/Ekran-Resmi-2024-11-30-06.39.23-18x10.png 18w, https:\/\/enelyashop.com\/wp-content\/uploads\/2024\/11\/Ekran-Resmi-2024-11-30-06.39.23-750x431.png 750w, https:\/\/enelyashop.com\/wp-content\/uploads\/2024\/11\/Ekran-Resmi-2024-11-30-06.39.23-540x310.png 540w, https:\/\/enelyashop.com\/wp-content\/uploads\/2024\/11\/Ekran-Resmi-2024-11-30-06.39.23-1000x574.png 1000w, https:\/\/enelyashop.com\/wp-content\/uploads\/2024\/11\/Ekran-Resmi-2024-11-30-06.39.23-100x57.png 100w\" sizes=\"auto, (max-width: 1202px) 100vw, 1202px\" \/><\/p>","protected":false},"featured_media":21765,"template":"elementor_theme","meta":{"_joinchat":[]},"product_brand":[],"product_cat":[66,71],"product_tag":[],"class_list":{"0":"post-21791","1":"product","2":"type-product","3":"status-publish","4":"has-post-thumbnail","6":"product_cat-perfume","7":"product_cat-unisex","10":"instock","11":"shipping-taxable","12":"purchasable","13":"product-type-simple","14":"product-grid-view"},"_links":{"self":[{"href":"https:\/\/enelyashop.com\/fr\/wp-json\/wp\/v2\/product\/21791","targetHints":{"allow":["GET"]}}],"collection":[{"href":"https:\/\/enelyashop.com\/fr\/wp-json\/wp\/v2\/product"}],"about":[{"href":"https:\/\/enelyashop.com\/fr\/wp-json\/wp\/v2\/types\/product"}],"version-history":[{"count":4,"href":"https:\/\/enelyashop.com\/fr\/wp-json\/wp\/v2\/product\/21791\/revisions"}],"predecessor-version":[{"id":22395,"href":"https:\/\/enelyashop.com\/fr\/wp-json\/wp\/v2\/product\/21791\/revisions\/22395"}],"wp:featuredmedia":[{"embeddable":true,"href":"https:\/\/enelyashop.com\/fr\/wp-json\/wp\/v2\/media\/21765"}],"wp:attachment":[{"href":"https:\/\/enelyashop.com\/fr\/wp-json\/wp\/v2\/media?parent=21791"}],"wp:term":[{"taxonomy":"product_brand","embeddable":true,"href":"https:\/\/enelyashop.com\/fr\/wp-json\/wp\/v2\/product_brand?post=21791"},{"taxonomy":"product_cat","embeddable":true,"href":"https:\/\/enelyashop.com\/fr\/wp-json\/wp\/v2\/product_cat?post=21791"},{"taxonomy":"product_tag","embeddable":true,"href":"https:\/\/enelyashop.com\/fr\/wp-json\/wp\/v2\/product_tag?post=21791"}],"curies":[{"name":"wp","href":"https:\/\/api.w.org\/{rel}","templated":true}]}}