{"id":21778,"date":"2024-11-27T17:03:30","date_gmt":"2024-11-27T16:03:30","guid":{"rendered":"https:\/\/enelyashop.com\/?post_type=product&#038;p=21778"},"modified":"2025-01-19T03:33:48","modified_gmt":"2025-01-19T02:33:48","slug":"parfum-de-luxe-unisexe-avec-30-essences-50-ml-6","status":"publish","type":"product","link":"https:\/\/enelyashop.com\/fr\/produit\/parfum-de-luxe-unisexe-avec-30-essences-50-ml-6\/","title":{"rendered":"128 Parfum de luxe unisexe avec l'essence 30% - 50 ml"},"content":{"rendered":"","protected":false},"excerpt":{"rendered":"<p class=\"text-justify\">Un parfum s\u00e9duisant, irr\u00e9sistible et plein de contrastes. Le parfum s'ouvre sur des notes fra\u00eeches d'agrumes et des notes intenses de rhum, de myrrhe et d'oliban. Le c\u0153ur associe des senteurs florales de Narcisse, de Frangipanier et de Rose \u00e0 des notes profondes de Caf\u00e9 et d'Orge. Enfin, le fond enveloppe les sens avec des notes persistantes de tabac, de daim et de mousse de ch\u00eane.<\/p>\n<p><strong>Pyramide olfactive<\/strong><\/p>\n<ul>\n<li>Note de t\u00eate : Coriandre, citron vert, myrrhe, oliban (encens), orange, rhum, safran.<\/li>\n<li>Note de c\u0153ur : Art\u00e9misia, orge, caf\u00e9, frangipanier, narcisse, prune, rose.<\/li>\n<li>Note de fond : Acajou, mousse de ch\u00eane, patchouli, daim, fleur de tabac, vanille, violette.<\/li>\n<\/ul>\n<p><img loading=\"lazy\" decoding=\"async\" class=\"alignnone wp-image-22279 size-full\" src=\"https:\/\/enelyashop.com\/wp-content\/uploads\/2024\/11\/Ekran-Resmi-2024-11-30-05.44.27.png\" alt=\"\" width=\"998\" height=\"818\" srcset=\"https:\/\/enelyashop.com\/wp-content\/uploads\/2024\/11\/Ekran-Resmi-2024-11-30-05.44.27.png 998w, https:\/\/enelyashop.com\/wp-content\/uploads\/2024\/11\/Ekran-Resmi-2024-11-30-05.44.27-300x246.png 300w, https:\/\/enelyashop.com\/wp-content\/uploads\/2024\/11\/Ekran-Resmi-2024-11-30-05.44.27-768x629.png 768w, https:\/\/enelyashop.com\/wp-content\/uploads\/2024\/11\/Ekran-Resmi-2024-11-30-05.44.27-15x12.png 15w, https:\/\/enelyashop.com\/wp-content\/uploads\/2024\/11\/Ekran-Resmi-2024-11-30-05.44.27-750x615.png 750w, https:\/\/enelyashop.com\/wp-content\/uploads\/2024\/11\/Ekran-Resmi-2024-11-30-05.44.27-540x443.png 540w, https:\/\/enelyashop.com\/wp-content\/uploads\/2024\/11\/Ekran-Resmi-2024-11-30-05.44.27-100x82.png 100w\" sizes=\"auto, (max-width: 998px) 100vw, 998px\" \/><\/p>","protected":false},"featured_media":21765,"template":"elementor_theme","meta":{"_joinchat":[]},"product_brand":[],"product_cat":[73,66,71],"product_tag":[],"class_list":{"0":"post-21778","1":"product","2":"type-product","3":"status-publish","4":"has-post-thumbnail","6":"product_cat-luxury","7":"product_cat-perfume","8":"product_cat-unisex","11":"instock","12":"shipping-taxable","13":"purchasable","14":"product-type-simple","15":"product-grid-view"},"_links":{"self":[{"href":"https:\/\/enelyashop.com\/fr\/wp-json\/wp\/v2\/product\/21778","targetHints":{"allow":["GET"]}}],"collection":[{"href":"https:\/\/enelyashop.com\/fr\/wp-json\/wp\/v2\/product"}],"about":[{"href":"https:\/\/enelyashop.com\/fr\/wp-json\/wp\/v2\/types\/product"}],"version-history":[{"count":4,"href":"https:\/\/enelyashop.com\/fr\/wp-json\/wp\/v2\/product\/21778\/revisions"}],"predecessor-version":[{"id":22401,"href":"https:\/\/enelyashop.com\/fr\/wp-json\/wp\/v2\/product\/21778\/revisions\/22401"}],"wp:featuredmedia":[{"embeddable":true,"href":"https:\/\/enelyashop.com\/fr\/wp-json\/wp\/v2\/media\/21765"}],"wp:attachment":[{"href":"https:\/\/enelyashop.com\/fr\/wp-json\/wp\/v2\/media?parent=21778"}],"wp:term":[{"taxonomy":"product_brand","embeddable":true,"href":"https:\/\/enelyashop.com\/fr\/wp-json\/wp\/v2\/product_brand?post=21778"},{"taxonomy":"product_cat","embeddable":true,"href":"https:\/\/enelyashop.com\/fr\/wp-json\/wp\/v2\/product_cat?post=21778"},{"taxonomy":"product_tag","embeddable":true,"href":"https:\/\/enelyashop.com\/fr\/wp-json\/wp\/v2\/product_tag?post=21778"}],"curies":[{"name":"wp","href":"https:\/\/api.w.org\/{rel}","templated":true}]}}