{"id":21764,"date":"2024-11-27T16:56:47","date_gmt":"2024-11-27T15:56:47","guid":{"rendered":"https:\/\/enelyashop.com\/?post_type=product&#038;p=21764"},"modified":"2025-01-30T02:25:44","modified_gmt":"2025-01-30T01:25:44","slug":"parfum-de-luxe-unisexe-avec-30-essences-50-ml","status":"publish","type":"product","link":"https:\/\/enelyashop.com\/fr\/produit\/parfum-de-luxe-unisexe-avec-30-essences-50-ml\/","title":{"rendered":"117 Parfum unisexe de luxe avec l'essence 30% - 50 ml"},"content":{"rendered":"","protected":false},"excerpt":{"rendered":"<p class=\"text-justify\">Un parfum opulent, chaleureux et embl\u00e9matique. Une r\u00e9miniscence moderne d'un vieux club de gentlemen. Un parfum oriental doux se d\u00e9ploie avec des notes instantan\u00e9es \u00e9pic\u00e9es et herbac\u00e9es. Le c\u0153ur s'\u00e9panouit dans des essences opulentes de fleur de tabac, de f\u00e8ve tonka, de cacao et de vanille. Des fruits secs et des notes bois\u00e9es compl\u00e8tent la fragrance.<\/p>\n<p><strong>Pyramide olfactive<\/strong><\/p>\n<ul>\n<li>Note de t\u00eate : \u00e9pices, fleur de tabac<\/li>\n<li>Note de c\u0153ur : cosse de cacao, f\u00e8ve de Tonka, vanille<\/li>\n<li>Note de fond : Fruits secs, notes bois\u00e9es<\/li>\n<\/ul>\n<p><img loading=\"lazy\" decoding=\"async\" class=\"alignleft wp-image-22291 size-full\" src=\"https:\/\/enelyashop.com\/wp-content\/uploads\/2024\/11\/Ekran-Resmi-2024-11-30-05.57.08.png\" alt=\"\" width=\"984\" height=\"672\" srcset=\"https:\/\/enelyashop.com\/wp-content\/uploads\/2024\/11\/Ekran-Resmi-2024-11-30-05.57.08.png 984w, https:\/\/enelyashop.com\/wp-content\/uploads\/2024\/11\/Ekran-Resmi-2024-11-30-05.57.08-300x205.png 300w, https:\/\/enelyashop.com\/wp-content\/uploads\/2024\/11\/Ekran-Resmi-2024-11-30-05.57.08-768x524.png 768w, https:\/\/enelyashop.com\/wp-content\/uploads\/2024\/11\/Ekran-Resmi-2024-11-30-05.57.08-18x12.png 18w, https:\/\/enelyashop.com\/wp-content\/uploads\/2024\/11\/Ekran-Resmi-2024-11-30-05.57.08-750x512.png 750w, https:\/\/enelyashop.com\/wp-content\/uploads\/2024\/11\/Ekran-Resmi-2024-11-30-05.57.08-540x369.png 540w, https:\/\/enelyashop.com\/wp-content\/uploads\/2024\/11\/Ekran-Resmi-2024-11-30-05.57.08-100x68.png 100w\" sizes=\"auto, (max-width: 984px) 100vw, 984px\" \/><\/p>","protected":false},"featured_media":21765,"template":"elementor_theme","meta":{"_joinchat":[]},"product_brand":[],"product_cat":[73,66,71],"product_tag":[],"class_list":{"0":"post-21764","1":"product","2":"type-product","3":"status-publish","4":"has-post-thumbnail","6":"product_cat-luxury","7":"product_cat-perfume","8":"product_cat-unisex","11":"instock","12":"shipping-taxable","13":"purchasable","14":"product-type-simple","15":"product-grid-view"},"_links":{"self":[{"href":"https:\/\/enelyashop.com\/fr\/wp-json\/wp\/v2\/product\/21764","targetHints":{"allow":["GET"]}}],"collection":[{"href":"https:\/\/enelyashop.com\/fr\/wp-json\/wp\/v2\/product"}],"about":[{"href":"https:\/\/enelyashop.com\/fr\/wp-json\/wp\/v2\/types\/product"}],"version-history":[{"count":5,"href":"https:\/\/enelyashop.com\/fr\/wp-json\/wp\/v2\/product\/21764\/revisions"}],"predecessor-version":[{"id":23059,"href":"https:\/\/enelyashop.com\/fr\/wp-json\/wp\/v2\/product\/21764\/revisions\/23059"}],"wp:featuredmedia":[{"embeddable":true,"href":"https:\/\/enelyashop.com\/fr\/wp-json\/wp\/v2\/media\/21765"}],"wp:attachment":[{"href":"https:\/\/enelyashop.com\/fr\/wp-json\/wp\/v2\/media?parent=21764"}],"wp:term":[{"taxonomy":"product_brand","embeddable":true,"href":"https:\/\/enelyashop.com\/fr\/wp-json\/wp\/v2\/product_brand?post=21764"},{"taxonomy":"product_cat","embeddable":true,"href":"https:\/\/enelyashop.com\/fr\/wp-json\/wp\/v2\/product_cat?post=21764"},{"taxonomy":"product_tag","embeddable":true,"href":"https:\/\/enelyashop.com\/fr\/wp-json\/wp\/v2\/product_tag?post=21764"}],"curies":[{"name":"wp","href":"https:\/\/api.w.org\/{rel}","templated":true}]}}