{"id":21597,"date":"2024-11-26T21:32:27","date_gmt":"2024-11-26T20:32:27","guid":{"rendered":"https:\/\/enelyashop.com\/?post_type=product&#038;p=21597"},"modified":"2025-01-19T01:34:12","modified_gmt":"2025-01-19T00:34:12","slug":"recharge-parfum-pour-lui-30-essence-15-ml","status":"publish","type":"product","link":"https:\/\/enelyashop.com\/fr\/produit\/recharge-parfum-pour-lui-30-essence-15-ml\/","title":{"rendered":"Recharge de parfum pour lui - 30% Essence - 15 ml"},"content":{"rendered":"","protected":false},"excerpt":{"rendered":"<p class=\"text-justify\">Ce parfum renferme l'essence d'un homme au-del\u00e0 des tendances et du temps. Fid\u00e8le \u00e0 son identit\u00e9, sauvage, mais conscient.<\/p>\n<p>La recharge de parfum ne peut \u00eatre utilis\u00e9e qu'avec l'\u00e9tui con\u00e7u \u00e0 cet effet, qui n'est pas inclus dans le pack.<\/p>\n<p><strong>Pyramide olfactive<\/strong><\/p>\n<ul>\n<li>Note de t\u00eate : Bergamote, Poivre<\/li>\n<li>Note de c\u0153ur : \u00c9l\u00e9mi, g\u00e9ranium, lavande, patchouli, poivre rose, poivre de Sichuan, v\u00e9tiver.<\/li>\n<li>Note de fond : Ambroxan, C\u00e8dre, Labdanum<\/li>\n<\/ul>","protected":false},"featured_media":22264,"template":"elementor_theme","meta":{"_joinchat":[]},"product_brand":[],"product_cat":[70,66],"product_tag":[],"class_list":{"0":"post-21597","1":"product","2":"type-product","3":"status-publish","4":"has-post-thumbnail","6":"product_cat-man","7":"product_cat-perfume","10":"instock","11":"shipping-taxable","12":"purchasable","13":"product-type-simple","14":"product-grid-view"},"_links":{"self":[{"href":"https:\/\/enelyashop.com\/fr\/wp-json\/wp\/v2\/product\/21597","targetHints":{"allow":["GET"]}}],"collection":[{"href":"https:\/\/enelyashop.com\/fr\/wp-json\/wp\/v2\/product"}],"about":[{"href":"https:\/\/enelyashop.com\/fr\/wp-json\/wp\/v2\/types\/product"}],"version-history":[{"count":2,"href":"https:\/\/enelyashop.com\/fr\/wp-json\/wp\/v2\/product\/21597\/revisions"}],"predecessor-version":[{"id":22412,"href":"https:\/\/enelyashop.com\/fr\/wp-json\/wp\/v2\/product\/21597\/revisions\/22412"}],"wp:featuredmedia":[{"embeddable":true,"href":"https:\/\/enelyashop.com\/fr\/wp-json\/wp\/v2\/media\/22264"}],"wp:attachment":[{"href":"https:\/\/enelyashop.com\/fr\/wp-json\/wp\/v2\/media?parent=21597"}],"wp:term":[{"taxonomy":"product_brand","embeddable":true,"href":"https:\/\/enelyashop.com\/fr\/wp-json\/wp\/v2\/product_brand?post=21597"},{"taxonomy":"product_cat","embeddable":true,"href":"https:\/\/enelyashop.com\/fr\/wp-json\/wp\/v2\/product_cat?post=21597"},{"taxonomy":"product_tag","embeddable":true,"href":"https:\/\/enelyashop.com\/fr\/wp-json\/wp\/v2\/product_tag?post=21597"}],"curies":[{"name":"wp","href":"https:\/\/api.w.org\/{rel}","templated":true}]}}