{"id":21570,"date":"2024-11-26T21:15:41","date_gmt":"2024-11-26T20:15:41","guid":{"rendered":"https:\/\/enelyashop.com\/?post_type=product&#038;p=21570"},"modified":"2025-01-30T01:16:54","modified_gmt":"2025-01-30T00:16:54","slug":"parfum-pour-elle-avec-30-essence-100-ml-19","status":"publish","type":"product","link":"https:\/\/enelyashop.com\/fr\/produit\/parfum-pour-elle-avec-30-essence-100-ml-19\/","title":{"rendered":"131 Parfum pour Elle avec l'essence 30% - 100 ml"},"content":{"rendered":"","protected":false},"excerpt":{"rendered":"<p class=\"text-justify\">Un parfum audacieux qui combine des \u00e9l\u00e9ments contrast\u00e9s pour cr\u00e9er des m\u00e9langes olfactifs clairs-obscurs s\u00e9duisants. La fragrance se caract\u00e9rise par l'\u00e9l\u00e9gance florale du jasmin sambac et de l'iris, ainsi que par les notes capiteuses de la f\u00e8ve tonka et de l'ambre. Un parfum complexe qui refl\u00e8te les multiples facettes de la personnalit\u00e9 de la femme moderne.<\/p>\n<p><strong>Pyramide olfactive<\/strong><\/p>\n<ul>\n<li>Note de t\u00eate : amande, bergamote, caf\u00e9, citron<\/li>\n<li>Note de c\u0153ur : Iris, Jasmin, Fleur d'oranger, Rose, Tub\u00e9reuse<\/li>\n<li>Note de fond : Ambre, gousse de cacao, bois de cachemire, c\u00e8dre, cannelle, musc, patchouli, praline, bois de santal, f\u00e8ve de Tonka, vanille.<\/li>\n<\/ul>\n<p><img loading=\"lazy\" decoding=\"async\" class=\"alignleft wp-image-22297 size-full\" src=\"https:\/\/enelyashop.com\/wp-content\/uploads\/2024\/11\/Ekran-Resmi-2024-11-30-06.03.56.png\" alt=\"\" width=\"972\" height=\"654\" srcset=\"https:\/\/enelyashop.com\/wp-content\/uploads\/2024\/11\/Ekran-Resmi-2024-11-30-06.03.56.png 972w, https:\/\/enelyashop.com\/wp-content\/uploads\/2024\/11\/Ekran-Resmi-2024-11-30-06.03.56-300x202.png 300w, https:\/\/enelyashop.com\/wp-content\/uploads\/2024\/11\/Ekran-Resmi-2024-11-30-06.03.56-768x517.png 768w, https:\/\/enelyashop.com\/wp-content\/uploads\/2024\/11\/Ekran-Resmi-2024-11-30-06.03.56-18x12.png 18w, https:\/\/enelyashop.com\/wp-content\/uploads\/2024\/11\/Ekran-Resmi-2024-11-30-06.03.56-750x505.png 750w, https:\/\/enelyashop.com\/wp-content\/uploads\/2024\/11\/Ekran-Resmi-2024-11-30-06.03.56-540x363.png 540w, https:\/\/enelyashop.com\/wp-content\/uploads\/2024\/11\/Ekran-Resmi-2024-11-30-06.03.56-773x520.png 773w, https:\/\/enelyashop.com\/wp-content\/uploads\/2024\/11\/Ekran-Resmi-2024-11-30-06.03.56-100x67.png 100w\" sizes=\"auto, (max-width: 972px) 100vw, 972px\" \/><\/p>","protected":false},"featured_media":22270,"template":"elementor_theme","meta":{"_joinchat":[]},"product_brand":[],"product_cat":[66,69],"product_tag":[],"class_list":{"0":"post-21570","1":"product","2":"type-product","3":"status-publish","4":"has-post-thumbnail","6":"product_cat-perfume","7":"product_cat-woman","8":"pa_ml-100ml","9":"pa_ml-35ml","12":"instock","13":"shipping-taxable","14":"purchasable","15":"product-type-variable","16":"has-default-attributes","17":"product-grid-view"},"_links":{"self":[{"href":"https:\/\/enelyashop.com\/fr\/wp-json\/wp\/v2\/product\/21570","targetHints":{"allow":["GET"]}}],"collection":[{"href":"https:\/\/enelyashop.com\/fr\/wp-json\/wp\/v2\/product"}],"about":[{"href":"https:\/\/enelyashop.com\/fr\/wp-json\/wp\/v2\/types\/product"}],"version-history":[{"count":4,"href":"https:\/\/enelyashop.com\/fr\/wp-json\/wp\/v2\/product\/21570\/revisions"}],"predecessor-version":[{"id":22424,"href":"https:\/\/enelyashop.com\/fr\/wp-json\/wp\/v2\/product\/21570\/revisions\/22424"}],"wp:featuredmedia":[{"embeddable":true,"href":"https:\/\/enelyashop.com\/fr\/wp-json\/wp\/v2\/media\/22270"}],"wp:attachment":[{"href":"https:\/\/enelyashop.com\/fr\/wp-json\/wp\/v2\/media?parent=21570"}],"wp:term":[{"taxonomy":"product_brand","embeddable":true,"href":"https:\/\/enelyashop.com\/fr\/wp-json\/wp\/v2\/product_brand?post=21570"},{"taxonomy":"product_cat","embeddable":true,"href":"https:\/\/enelyashop.com\/fr\/wp-json\/wp\/v2\/product_cat?post=21570"},{"taxonomy":"product_tag","embeddable":true,"href":"https:\/\/enelyashop.com\/fr\/wp-json\/wp\/v2\/product_tag?post=21570"}],"curies":[{"name":"wp","href":"https:\/\/api.w.org\/{rel}","templated":true}]}}