{"id":21562,"date":"2024-11-26T21:11:36","date_gmt":"2024-11-26T20:11:36","guid":{"rendered":"https:\/\/enelyashop.com\/?post_type=product&#038;p=21562"},"modified":"2025-01-30T01:12:32","modified_gmt":"2025-01-30T00:12:32","slug":"parfum-pour-elle-avec-30-essence-100-ml-16","status":"publish","type":"product","link":"https:\/\/enelyashop.com\/fr\/produit\/parfum-pour-elle-avec-30-essence-100-ml-16\/","title":{"rendered":"115 Parfum pour elle avec l'essence 30% - 100 ml"},"content":{"rendered":"","protected":false},"excerpt":{"rendered":"<p class=\"text-justify\">Un parfum doux et fort \u00e0 la fois, con\u00e7u pour les femmes puissantes et franches qui r\u00eavent en grand. Il est d\u00e9di\u00e9 aux femmes leaders de demain qui d\u00e9fient leurs propres limites et s'ouvrent \u00e0 de nouveaux horizons.<\/p>\n<p><strong>Pyramide olfactive<\/strong><\/p>\n<ul>\n<li>Note de t\u00eate : Bergamote, poire, poivre rose<\/li>\n<li>Note de c\u0153ur : Jasmin, Rose<\/li>\n<li>Note de fond : C\u00e8dre, Musc, Patchouli, Vanille<\/li>\n<\/ul>\n<p><img loading=\"lazy\" decoding=\"async\" class=\"alignleft wp-image-22304 size-full\" src=\"https:\/\/enelyashop.com\/wp-content\/uploads\/2024\/11\/Ekran-Resmi-2024-11-30-06.19.23.png\" alt=\"\" width=\"1022\" height=\"710\" srcset=\"https:\/\/enelyashop.com\/wp-content\/uploads\/2024\/11\/Ekran-Resmi-2024-11-30-06.19.23.png 1022w, https:\/\/enelyashop.com\/wp-content\/uploads\/2024\/11\/Ekran-Resmi-2024-11-30-06.19.23-300x208.png 300w, https:\/\/enelyashop.com\/wp-content\/uploads\/2024\/11\/Ekran-Resmi-2024-11-30-06.19.23-768x534.png 768w, https:\/\/enelyashop.com\/wp-content\/uploads\/2024\/11\/Ekran-Resmi-2024-11-30-06.19.23-18x12.png 18w, https:\/\/enelyashop.com\/wp-content\/uploads\/2024\/11\/Ekran-Resmi-2024-11-30-06.19.23-750x521.png 750w, https:\/\/enelyashop.com\/wp-content\/uploads\/2024\/11\/Ekran-Resmi-2024-11-30-06.19.23-540x375.png 540w, https:\/\/enelyashop.com\/wp-content\/uploads\/2024\/11\/Ekran-Resmi-2024-11-30-06.19.23-1000x695.png 1000w, https:\/\/enelyashop.com\/wp-content\/uploads\/2024\/11\/Ekran-Resmi-2024-11-30-06.19.23-100x69.png 100w\" sizes=\"auto, (max-width: 1022px) 100vw, 1022px\" \/><\/p>","protected":false},"featured_media":22270,"template":"elementor_theme","meta":{"_joinchat":[]},"product_brand":[],"product_cat":[66,69],"product_tag":[],"class_list":{"0":"post-21562","1":"product","2":"type-product","3":"status-publish","4":"has-post-thumbnail","6":"product_cat-perfume","7":"product_cat-woman","8":"pa_ml-100ml","9":"pa_ml-35ml","12":"instock","13":"shipping-taxable","14":"purchasable","15":"product-type-variable","16":"has-default-attributes","17":"product-grid-view"},"_links":{"self":[{"href":"https:\/\/enelyashop.com\/fr\/wp-json\/wp\/v2\/product\/21562","targetHints":{"allow":["GET"]}}],"collection":[{"href":"https:\/\/enelyashop.com\/fr\/wp-json\/wp\/v2\/product"}],"about":[{"href":"https:\/\/enelyashop.com\/fr\/wp-json\/wp\/v2\/types\/product"}],"version-history":[{"count":5,"href":"https:\/\/enelyashop.com\/fr\/wp-json\/wp\/v2\/product\/21562\/revisions"}],"predecessor-version":[{"id":22428,"href":"https:\/\/enelyashop.com\/fr\/wp-json\/wp\/v2\/product\/21562\/revisions\/22428"}],"wp:featuredmedia":[{"embeddable":true,"href":"https:\/\/enelyashop.com\/fr\/wp-json\/wp\/v2\/media\/22270"}],"wp:attachment":[{"href":"https:\/\/enelyashop.com\/fr\/wp-json\/wp\/v2\/media?parent=21562"}],"wp:term":[{"taxonomy":"product_brand","embeddable":true,"href":"https:\/\/enelyashop.com\/fr\/wp-json\/wp\/v2\/product_brand?post=21562"},{"taxonomy":"product_cat","embeddable":true,"href":"https:\/\/enelyashop.com\/fr\/wp-json\/wp\/v2\/product_cat?post=21562"},{"taxonomy":"product_tag","embeddable":true,"href":"https:\/\/enelyashop.com\/fr\/wp-json\/wp\/v2\/product_tag?post=21562"}],"curies":[{"name":"wp","href":"https:\/\/api.w.org\/{rel}","templated":true}]}}