{"id":21556,"date":"2024-11-26T21:03:20","date_gmt":"2024-11-26T20:03:20","guid":{"rendered":"https:\/\/enelyashop.com\/?post_type=product&#038;p=21556"},"modified":"2025-01-30T01:03:06","modified_gmt":"2025-01-30T00:03:06","slug":"parfum-pour-elle-avec-30-essence-100-ml-13","status":"publish","type":"product","link":"https:\/\/enelyashop.com\/fr\/produit\/parfum-pour-elle-avec-30-essence-100-ml-13\/","title":{"rendered":"080 Parfum Pour Elle avec l'essence 30% - 100 ml"},"content":{"rendered":"","protected":false},"excerpt":{"rendered":"<p class=\"text-justify\">Un hommage \u00e0 la f\u00e9minit\u00e9 moderne : une combinaison de force et d'esprit d'ind\u00e9pendance \u00e0 laquelle il est impossible de r\u00e9sister. Ce parfum exprime \u00e0 la fois la f\u00e9minit\u00e9, la gr\u00e2ce et le myst\u00e8re : c'est un Chypre moderne, \u00e9l\u00e9gant, voluptueux, intense et doux. Une composition de trois accords : Nectar de cassis, Chypre, bois l\u00e9g\u00e8rement musqu\u00e9.<\/p>\n<p><strong>Pyramide olfactive<\/strong><\/p>\n<ul>\n<li>Note de t\u00eate : cassis<\/li>\n<li>Note de c\u0153ur : Freesia, Rose<\/li>\n<li>Note de fond : Ambroxan, Patchouli, Vanille, Notes bois\u00e9es<\/li>\n<\/ul>\n<p><img loading=\"lazy\" decoding=\"async\" class=\"alignleft wp-image-22310 size-full\" src=\"https:\/\/enelyashop.com\/wp-content\/uploads\/2024\/11\/Ekran-Resmi-2024-11-30-06.22.28.png\" alt=\"\" width=\"1022\" height=\"710\" srcset=\"https:\/\/enelyashop.com\/wp-content\/uploads\/2024\/11\/Ekran-Resmi-2024-11-30-06.22.28.png 1022w, https:\/\/enelyashop.com\/wp-content\/uploads\/2024\/11\/Ekran-Resmi-2024-11-30-06.22.28-300x208.png 300w, https:\/\/enelyashop.com\/wp-content\/uploads\/2024\/11\/Ekran-Resmi-2024-11-30-06.22.28-768x534.png 768w, https:\/\/enelyashop.com\/wp-content\/uploads\/2024\/11\/Ekran-Resmi-2024-11-30-06.22.28-18x12.png 18w, https:\/\/enelyashop.com\/wp-content\/uploads\/2024\/11\/Ekran-Resmi-2024-11-30-06.22.28-750x521.png 750w, https:\/\/enelyashop.com\/wp-content\/uploads\/2024\/11\/Ekran-Resmi-2024-11-30-06.22.28-540x375.png 540w, https:\/\/enelyashop.com\/wp-content\/uploads\/2024\/11\/Ekran-Resmi-2024-11-30-06.22.28-1000x695.png 1000w, https:\/\/enelyashop.com\/wp-content\/uploads\/2024\/11\/Ekran-Resmi-2024-11-30-06.22.28-100x69.png 100w\" sizes=\"auto, (max-width: 1022px) 100vw, 1022px\" \/><\/p>","protected":false},"featured_media":22270,"template":"elementor_theme","meta":{"_joinchat":[]},"product_brand":[],"product_cat":[66,69],"product_tag":[],"class_list":{"0":"post-21556","1":"product","2":"type-product","3":"status-publish","4":"has-post-thumbnail","6":"product_cat-perfume","7":"product_cat-woman","8":"pa_ml-100ml","9":"pa_ml-35ml","12":"instock","13":"shipping-taxable","14":"purchasable","15":"product-type-variable","16":"has-default-attributes","17":"product-grid-view"},"_links":{"self":[{"href":"https:\/\/enelyashop.com\/fr\/wp-json\/wp\/v2\/product\/21556","targetHints":{"allow":["GET"]}}],"collection":[{"href":"https:\/\/enelyashop.com\/fr\/wp-json\/wp\/v2\/product"}],"about":[{"href":"https:\/\/enelyashop.com\/fr\/wp-json\/wp\/v2\/types\/product"}],"version-history":[{"count":4,"href":"https:\/\/enelyashop.com\/fr\/wp-json\/wp\/v2\/product\/21556\/revisions"}],"predecessor-version":[{"id":22431,"href":"https:\/\/enelyashop.com\/fr\/wp-json\/wp\/v2\/product\/21556\/revisions\/22431"}],"wp:featuredmedia":[{"embeddable":true,"href":"https:\/\/enelyashop.com\/fr\/wp-json\/wp\/v2\/media\/22270"}],"wp:attachment":[{"href":"https:\/\/enelyashop.com\/fr\/wp-json\/wp\/v2\/media?parent=21556"}],"wp:term":[{"taxonomy":"product_brand","embeddable":true,"href":"https:\/\/enelyashop.com\/fr\/wp-json\/wp\/v2\/product_brand?post=21556"},{"taxonomy":"product_cat","embeddable":true,"href":"https:\/\/enelyashop.com\/fr\/wp-json\/wp\/v2\/product_cat?post=21556"},{"taxonomy":"product_tag","embeddable":true,"href":"https:\/\/enelyashop.com\/fr\/wp-json\/wp\/v2\/product_tag?post=21556"}],"curies":[{"name":"wp","href":"https:\/\/api.w.org\/{rel}","templated":true}]}}