{"id":21552,"date":"2024-11-26T21:00:22","date_gmt":"2024-11-26T20:00:22","guid":{"rendered":"https:\/\/enelyashop.com\/?post_type=product&#038;p=21552"},"modified":"2025-01-30T00:54:52","modified_gmt":"2025-01-29T23:54:52","slug":"parfum-pour-elle-avec-30-essence-100-ml-11","status":"publish","type":"product","link":"https:\/\/enelyashop.com\/fr\/produit\/parfum-pour-elle-avec-30-essence-100-ml-11\/","title":{"rendered":"055 Parfum pour elle avec l'essence 30% - 100 ml"},"content":{"rendered":"","protected":false},"excerpt":{"rendered":"<p class=\"text-justify\">Un parfum inspir\u00e9 par une femme unique et d\u00e9termin\u00e9e, s\u00fbre d'elle, libre, glamour, toujours \u00e0 la recherche de nouvelles \u00e9motions. Un parfum qui fait monter l'adr\u00e9naline, noir comme le caf\u00e9, capable de cr\u00e9er une d\u00e9pendance gr\u00e2ce \u00e0 la f\u00e9minit\u00e9 enchanteresse des fleurs blanches et de la vanille.<\/p>\n<p><strong>Pyramide olfactive<\/strong><\/p>\n<ul>\n<li>Note de t\u00eate : fleur d'oranger, poire, poivre rose<\/li>\n<li>Note de c\u0153ur : amande, caf\u00e9, jasmin, r\u00e9glisse.<\/li>\n<li>Note de fond : Cachemire, C\u00e8dre, Patchouli, Vanille<\/li>\n<\/ul>\n<p><img loading=\"lazy\" decoding=\"async\" class=\"alignleft wp-image-22314 size-full\" src=\"https:\/\/enelyashop.com\/wp-content\/uploads\/2024\/11\/Ekran-Resmi-2024-11-30-06.24.36.png\" alt=\"\" width=\"1022\" height=\"710\" srcset=\"https:\/\/enelyashop.com\/wp-content\/uploads\/2024\/11\/Ekran-Resmi-2024-11-30-06.24.36.png 1022w, https:\/\/enelyashop.com\/wp-content\/uploads\/2024\/11\/Ekran-Resmi-2024-11-30-06.24.36-300x208.png 300w, https:\/\/enelyashop.com\/wp-content\/uploads\/2024\/11\/Ekran-Resmi-2024-11-30-06.24.36-768x534.png 768w, https:\/\/enelyashop.com\/wp-content\/uploads\/2024\/11\/Ekran-Resmi-2024-11-30-06.24.36-18x12.png 18w, https:\/\/enelyashop.com\/wp-content\/uploads\/2024\/11\/Ekran-Resmi-2024-11-30-06.24.36-750x521.png 750w, https:\/\/enelyashop.com\/wp-content\/uploads\/2024\/11\/Ekran-Resmi-2024-11-30-06.24.36-540x375.png 540w, https:\/\/enelyashop.com\/wp-content\/uploads\/2024\/11\/Ekran-Resmi-2024-11-30-06.24.36-1000x695.png 1000w, https:\/\/enelyashop.com\/wp-content\/uploads\/2024\/11\/Ekran-Resmi-2024-11-30-06.24.36-100x69.png 100w\" sizes=\"auto, (max-width: 1022px) 100vw, 1022px\" \/><\/p>","protected":false},"featured_media":22270,"template":"elementor_theme","meta":{"_joinchat":[]},"product_brand":[],"product_cat":[66,69],"product_tag":[],"class_list":{"0":"post-21552","1":"product","2":"type-product","3":"status-publish","4":"has-post-thumbnail","6":"product_cat-perfume","7":"product_cat-woman","8":"pa_ml-100ml","9":"pa_ml-35ml","12":"instock","13":"shipping-taxable","14":"purchasable","15":"product-type-variable","16":"has-default-attributes","17":"product-grid-view"},"_links":{"self":[{"href":"https:\/\/enelyashop.com\/fr\/wp-json\/wp\/v2\/product\/21552","targetHints":{"allow":["GET"]}}],"collection":[{"href":"https:\/\/enelyashop.com\/fr\/wp-json\/wp\/v2\/product"}],"about":[{"href":"https:\/\/enelyashop.com\/fr\/wp-json\/wp\/v2\/types\/product"}],"version-history":[{"count":4,"href":"https:\/\/enelyashop.com\/fr\/wp-json\/wp\/v2\/product\/21552\/revisions"}],"predecessor-version":[{"id":22433,"href":"https:\/\/enelyashop.com\/fr\/wp-json\/wp\/v2\/product\/21552\/revisions\/22433"}],"wp:featuredmedia":[{"embeddable":true,"href":"https:\/\/enelyashop.com\/fr\/wp-json\/wp\/v2\/media\/22270"}],"wp:attachment":[{"href":"https:\/\/enelyashop.com\/fr\/wp-json\/wp\/v2\/media?parent=21552"}],"wp:term":[{"taxonomy":"product_brand","embeddable":true,"href":"https:\/\/enelyashop.com\/fr\/wp-json\/wp\/v2\/product_brand?post=21552"},{"taxonomy":"product_cat","embeddable":true,"href":"https:\/\/enelyashop.com\/fr\/wp-json\/wp\/v2\/product_cat?post=21552"},{"taxonomy":"product_tag","embeddable":true,"href":"https:\/\/enelyashop.com\/fr\/wp-json\/wp\/v2\/product_tag?post=21552"}],"curies":[{"name":"wp","href":"https:\/\/api.w.org\/{rel}","templated":true}]}}